{"id":9619,"date":"2026-03-05T15:49:49","date_gmt":"2026-03-05T15:49:49","guid":{"rendered":"https:\/\/duocards.com\/duocardlar-ile-kazanin\/"},"modified":"2026-03-06T15:14:54","modified_gmt":"2026-03-06T15:14:54","slug":"duocardlar-ile-kazanin","status":"publish","type":"page","link":"https:\/\/duocards.com\/tr\/duocardlar-ile-kazanin\/","title":{"rendered":"DuoCard&#8217;lar ile kazan\u0131n"},"content":{"rendered":"\t\t<div data-elementor-type=\"wp-page\" data-elementor-id=\"9619\" class=\"elementor elementor-9619 elementor-9581\" data-elementor-post-type=\"page\">\n\t\t\t\t<div class=\"elementor-element elementor-element-ad8ac02 e-flex e-con-boxed e-con e-parent\" data-id=\"ad8ac02\" data-element_type=\"container\" data-e-type=\"container\" data-settings=\"{&quot;background_background&quot;:&quot;classic&quot;}\">\n\t\t\t\t\t<div class=\"e-con-inner\">\n\t\t<div class=\"elementor-element elementor-element-1d4aed2b e-con-full e-flex e-con e-child\" data-id=\"1d4aed2b\" data-element_type=\"container\" data-e-type=\"container\">\n\t\t\t\t<div class=\"elementor-element elementor-element-26bc846d elementor-widget elementor-widget-heading\" data-id=\"26bc846d\" data-element_type=\"widget\" data-e-type=\"widget\" data-widget_type=\"heading.default\">\n\t\t\t\t<div class=\"elementor-widget-container\">\n\t\t\t\t\t<h1 class=\"elementor-heading-title elementor-size-default\">DuoCard'lar ile ba\u015fkalar\u0131n\u0131n \u00f6\u011frenmesine yard\u0131mc\u0131 olun ve \u00f6d\u00fcllendirilin<\/h1>\t\t\t\t<\/div>\n\t\t\t\t<\/div>\n\t\t\t\t<div class=\"elementor-element elementor-element-85521ba elementor-widget elementor-widget-text-editor\" data-id=\"85521ba\" data-element_type=\"widget\" data-e-type=\"widget\" data-widget_type=\"text-editor.default\">\n\t\t\t\t<div class=\"elementor-widget-container\">\n\t\t\t\t\t\t\t\t\t<p>Dil \u00f6\u011fretiyor, blog yaz\u0131yor, sosyal medya kanal\u0131 i\u015fletiyor veya sadece uygulamam\u0131z\u0131 m\u0131 seviyorsunuz? DuoCards&#8217;\u0131 ba\u015fkalar\u0131na tavsiye ederek para kazanabilirsiniz. <\/p>\t\t\t\t\t\t\t\t<\/div>\n\t\t\t\t<\/div>\n\t\t\t\t<\/div>\n\t\t<div class=\"elementor-element elementor-element-3fe29a8 e-con-full e-flex e-con e-child\" data-id=\"3fe29a8\" data-element_type=\"container\" data-e-type=\"container\">\n\t\t\t\t<div class=\"elementor-element elementor-element-3600b1d2 elementor-widget elementor-widget-image\" data-id=\"3600b1d2\" data-element_type=\"widget\" data-e-type=\"widget\" data-widget_type=\"image.default\">\n\t\t\t\t<div class=\"elementor-widget-container\">\n\t\t\t\t\t\t\t\t\t\t\t\t\t\t\t<img fetchpriority=\"high\" decoding=\"async\" width=\"607\" height=\"607\" src=\"https:\/\/duocards.com\/wp-content\/uploads\/2026\/03\/mammoth-without-background.png\" class=\"attachment-large size-large wp-image-9620\" alt=\"\" srcset=\"https:\/\/duocards.com\/wp-content\/uploads\/2026\/03\/mammoth-without-background.png 607w, https:\/\/duocards.com\/wp-content\/uploads\/2026\/03\/mammoth-without-background-300x300.png 300w, https:\/\/duocards.com\/wp-content\/uploads\/2026\/03\/mammoth-without-background-150x150.png 150w, https:\/\/duocards.com\/wp-content\/uploads\/2026\/03\/mammoth-without-background-70x70.png 70w\" sizes=\"(max-width: 607px) 100vw, 607px\" \/>\t\t\t\t\t\t\t\t\t\t\t\t\t\t\t<\/div>\n\t\t\t\t<\/div>\n\t\t\t\t<\/div>\n\t\t\t\t\t<\/div>\n\t\t\t\t<\/div>\n\t\t<div class=\"elementor-element elementor-element-315ee3e e-flex e-con-boxed e-con e-parent\" data-id=\"315ee3e\" data-element_type=\"container\" data-e-type=\"container\">\n\t\t\t\t\t<div class=\"e-con-inner\">\n\t\t\t\t<div class=\"elementor-element elementor-element-c0301dd elementor-widget elementor-widget-text-editor\" data-id=\"c0301dd\" data-element_type=\"widget\" data-e-type=\"widget\" data-widget_type=\"text-editor.default\">\n\t\t\t\t<div class=\"elementor-widget-container\">\n\t\t\t\t\t\t\t\t\t<p data-start=\"476\" data-end=\"609\">Benzersiz sat\u0131\u015f orta\u011f\u0131 ba\u011flant\u0131n\u0131z\u0131 payla\u015f\u0131n ve birisi ba\u011flant\u0131n\u0131z arac\u0131l\u0131\u011f\u0131yla DuoCards&#8217;a kat\u0131ld\u0131\u011f\u0131nda ve bir abonelik sat\u0131n ald\u0131\u011f\u0131nda komisyon al\u0131n.<\/p>\n<p data-start=\"611\" data-end=\"680\">Basit, \u015feffaf ve DuoCards hesab\u0131 olan herkese a\u00e7\u0131kt\u0131r.<\/p>\n<p data-start=\"611\" data-end=\"680\"> <\/p>\n<h2 data-start=\"687\" data-end=\"702\">Nas\u0131l \u00e7al\u0131\u015f\u0131r<\/h2>\n<h4 data-start=\"704\" data-end=\"730\">1. Promosyon ba\u011flant\u0131n\u0131z\u0131 al\u0131n<\/h4>\n<p data-start=\"731\" data-end=\"870\">DuoCards hesab\u0131n\u0131zdaki ortakl\u0131k program\u0131n\u0131 etkinle\u015ftirin.<br data-start=\"787\" data-end=\"790\">Sizin arac\u0131l\u0131\u011f\u0131n\u0131zla kat\u0131lan kullan\u0131c\u0131lar\u0131 takip eden <strong data-start=\"809\" data-end=\"830\">benzersiz bir promosyon ba\u011flant\u0131s\u0131<\/strong> alacaks\u0131n\u0131z.<\/p>\n<h4 data-start=\"872\" data-end=\"893\">2. DuoCard&#8217;lar\u0131 Payla\u015f\u0131n<\/h4>\n<p data-start=\"894\" data-end=\"1011\">Ba\u011flant\u0131n\u0131z\u0131 sosyal medyada, web sitenizde, blogunuzda, YouTube kanal\u0131n\u0131zda yay\u0131nlay\u0131n veya do\u011frudan \u00f6\u011frencilerinize veya arkada\u015flar\u0131n\u0131za g\u00f6nderin.<\/p>\n<h4 data-start=\"1013\" data-end=\"1035\">3. Komisyon kazan\u0131n<\/h4>\n<p data-start=\"1036\" data-end=\"1154\">Birisi ba\u011flant\u0131n\u0131z \u00fczerinden kaydoldu\u011funda ve bir abonelik sat\u0131n ald\u0131\u011f\u0131nda, ilk \u00f6demelerinden %50 komisyon kazan\u0131rs\u0131n\u0131z.<\/p>\n<p data-start=\"1036\" data-end=\"1154\"> <\/p>\n<h2 data-start=\"2070\" data-end=\"2084\">Ba\u015flay\u0131n<\/h2>\n<p data-start=\"2086\" data-end=\"2150\">Sat\u0131\u015f ortakl\u0131\u011f\u0131 program\u0131n\u0131 do\u011frudan hesab\u0131n\u0131zdan etkinle\u015ftirebilirsiniz.<\/p>\n<p data-start=\"2152\" data-end=\"2197\">\u015eu adrese <strong data-start=\"2152\" data-end=\"2162\">gidin:<\/strong><br data-start=\"2162\" data-end=\"2165\">Hesap \u2192 <strong data-start=\"2175\" data-end=\"2197\">DuoCard&#8217;lar ile kazan\u0131n<\/strong><\/p>\n<p data-start=\"2199\" data-end=\"2289\">Etkinle\u015ftirmenin ard\u0131ndan benzersiz promosyon ba\u011flant\u0131n\u0131z\u0131 alacaks\u0131n\u0131z ve hemen payla\u015fmaya ba\u015flayabilirsiniz.<\/p>\n<p data-start=\"2199\" data-end=\"2289\"> <\/p>\n<p data-start=\"2199\" data-end=\"2289\"> <\/p>\n<p data-start=\"2488\" data-end=\"2566\">Ortakl\u0131k program\u0131n\u0131 etkinle\u015ftirerek Ortakl\u0131k <a href=\"https:\/\/duocards.com\/en\/affiliate-agreement\/\">S\u00f6zle\u015fmemizi<\/a> kabul etmi\u015f olursunuz.<\/p>\t\t\t\t\t\t\t\t<\/div>\n\t\t\t\t<\/div>\n\t\t\t\t\t<\/div>\n\t\t\t\t<\/div>\n\t\t\t\t<\/div>\n\t\t","protected":false},"excerpt":{"rendered":"<p>DuoCard&#8217;lar ile ba\u015fkalar\u0131n\u0131n \u00f6\u011frenmesine yard\u0131mc\u0131 olun ve \u00f6d\u00fcllendirilin Dil \u00f6\u011fretiyor, blog yaz\u0131yor, sosyal medya kanal\u0131 i\u015fletiyor veya sadece uygulamam\u0131z\u0131 m\u0131 seviyorsunuz? DuoCards&#8217;\u0131 ba\u015fkalar\u0131na tavsiye ederek para kazanabilirsiniz. Benzersiz sat\u0131\u015f orta\u011f\u0131 ba\u011flant\u0131n\u0131z\u0131 payla\u015f\u0131n ve birisi ba\u011flant\u0131n\u0131z arac\u0131l\u0131\u011f\u0131yla DuoCards&#8217;a kat\u0131ld\u0131\u011f\u0131nda ve bir abonelik sat\u0131n ald\u0131\u011f\u0131nda komisyon al\u0131n. Basit, \u015feffaf ve DuoCards hesab\u0131 olan herkese a\u00e7\u0131kt\u0131r. Nas\u0131l \u00e7al\u0131\u015f\u0131r [&hellip;]<\/p>\n","protected":false},"author":32,"featured_media":0,"parent":0,"menu_order":0,"comment_status":"closed","ping_status":"closed","template":"elementor_header_footer","meta":{"footnotes":""},"class_list":["post-9619","page","type-page","status-publish","hentry"],"aioseo_notices":[],"_links":{"self":[{"href":"https:\/\/duocards.com\/tr\/wp-json\/wp\/v2\/pages\/9619","targetHints":{"allow":["GET"]}}],"collection":[{"href":"https:\/\/duocards.com\/tr\/wp-json\/wp\/v2\/pages"}],"about":[{"href":"https:\/\/duocards.com\/tr\/wp-json\/wp\/v2\/types\/page"}],"author":[{"embeddable":true,"href":"https:\/\/duocards.com\/tr\/wp-json\/wp\/v2\/users\/32"}],"replies":[{"embeddable":true,"href":"https:\/\/duocards.com\/tr\/wp-json\/wp\/v2\/comments?post=9619"}],"version-history":[{"count":1,"href":"https:\/\/duocards.com\/tr\/wp-json\/wp\/v2\/pages\/9619\/revisions"}],"predecessor-version":[{"id":9621,"href":"https:\/\/duocards.com\/tr\/wp-json\/wp\/v2\/pages\/9619\/revisions\/9621"}],"wp:attachment":[{"href":"https:\/\/duocards.com\/tr\/wp-json\/wp\/v2\/media?parent=9619"}],"curies":[{"name":"wp","href":"https:\/\/api.w.org\/{rel}","templated":true}]}}