{"id":9502,"date":"2023-02-13T15:14:51","date_gmt":"2023-02-13T15:14:51","guid":{"rendered":"https:\/\/duocards.com\/basin\/"},"modified":"2026-01-16T16:18:42","modified_gmt":"2026-01-16T16:18:42","slug":"basin","status":"publish","type":"page","link":"https:\/\/duocards.com\/tr\/basin\/","title":{"rendered":"Bas\u0131n"},"content":{"rendered":"\t\t<div data-elementor-type=\"wp-page\" data-elementor-id=\"9502\" class=\"elementor elementor-9502 elementor-3305\" data-elementor-post-type=\"page\">\n\t\t\t\t<div class=\"elementor-element elementor-element-019e7d8 e-flex e-con-boxed e-con e-parent\" data-id=\"019e7d8\" data-element_type=\"container\">\n\t\t\t\t\t<div class=\"e-con-inner\">\n\t\t\t\t<div class=\"elementor-element elementor-element-a09977d elementor-widget elementor-widget-text-editor\" data-id=\"a09977d\" data-element_type=\"widget\" data-widget_type=\"text-editor.default\">\n\t\t\t\t<div class=\"elementor-widget-container\">\n\t\t\t\t\t\t\t\t\t<h2 class=\"wp-block-heading\">Misyonumuz<\/h2><p>Dil \u00f6\u011frenimini d\u00fcnyan\u0131n her yerinde herkes i\u00e7in heyecan verici bir maceraya d\u00f6n\u00fc\u015ft\u00fcrme misyonunday\u0131z!<\/p><p>Flashcard tabanl\u0131 uygulamam\u0131z, aral\u0131kl\u0131 tekrar\u0131n g\u00fcc\u00fcn\u00fc videolar ve makalelerdeki ger\u00e7ek hayattan \u00f6rneklerle birle\u015ftirerek yeni bir dilde uzmanla\u015fmay\u0131 e\u011flenceli, etkili ve ilgi \u00e7ekici hale getirir.<\/p><div class=\"wp-block-spacer\" style=\"height: 41px;\" aria-hidden=\"true\"> <\/div><h2 class=\"wp-block-heading\">\u015eirketimiz Hakk\u0131nda<\/h2><p>Petr Her\u00e1leck\u00fd Portekizce \u00f6\u011frenmek i\u00e7in yola \u00e7\u0131kt\u0131\u011f\u0131nda, yeni kelimeleri etkili ve e\u011flenceli bir \u015fekilde \u00f6\u011frenmesine yard\u0131mc\u0131 olacak tek bir uygulama bulamad\u0131.<\/p><p>O da kendi evini in\u015fa etti.<\/p><p>Petr, bir y\u0131ll\u0131k geli\u015ftirme s\u00fcrecinin ard\u0131ndan 2020 y\u0131l\u0131nda bir u\u00e7urtma s\u00f6rf\u00fc kursunda Radim Poloch ile tan\u0131\u015ft\u0131 ve birlikte \u015fu anda bildi\u011finiz DuoCards&#8217;\u0131 yaratt\u0131lar.<\/p><p>Uygulama bug\u00fcn 5 milyondan fazla indirildi!<\/p><p>Ekibimiz \u00c7ek Cumhuriyeti&#8217;nin canl\u0131 teknoloji merkezi Brno&#8217;da faaliyet g\u00f6stermektedir.<\/p><p>Aral\u0131k 2023&#8217;te DuoCards, yerli giri\u015fim sermayesi fonu N1&#8217;den bir yat\u0131r\u0131m ald\u0131. Bu yat\u0131r\u0131m, uygulaman\u0131n ek \u00f6zelliklerini geli\u015ftirmek ve ABD ve k\u00fcresel pazara odaklanan pazarlama i\u00e7in kullan\u0131ld\u0131. <\/p><div class=\"wp-block-spacer\" style=\"height: 40px;\" aria-hidden=\"true\"> <\/div><figure class=\"wp-block-image size-large\"><img fetchpriority=\"high\" decoding=\"async\" width=\"1024\" height=\"683\" class=\"wp-image-4585\" title=\"\" src=\"https:\/\/duocards.com\/wp-content\/uploads\/2024\/10\/DuoCards-1024x683.webp\" alt=\"\" srcset=\"https:\/\/duocards.com\/wp-content\/uploads\/2024\/10\/DuoCards-1024x683.webp 1024w, https:\/\/duocards.com\/wp-content\/uploads\/2024\/10\/DuoCards-300x200.webp 300w, https:\/\/duocards.com\/wp-content\/uploads\/2024\/10\/DuoCards-768x512.webp 768w, https:\/\/duocards.com\/wp-content\/uploads\/2024\/10\/DuoCards.webp 1170w\" sizes=\"(max-width: 1024px) 100vw, 1024px\" \/><\/figure><div class=\"wp-block-spacer\" style=\"height: 40px;\" aria-hidden=\"true\"> <\/div><h2 class=\"wp-block-heading\">DuoCards ile Dil \u00d6\u011frenin!<\/h2><p>DuoCards uygulamas\u0131 ke\u015ffetmeniz i\u00e7in haz\u0131r! \u015eimdi <a href=\"https:\/\/apps.apple.com\/us\/app\/duocards-learning-decks\/id1508159917\">AppStore<\/a> ve <a href=\"https:\/\/play.google.com\/store\/apps\/details?id=com.duocards.app&amp;referrer=website&amp;pli=1\">GooglePlay<\/a>&#8216;den indirin veya <a href=\"https:\/\/app.duocards.com\/\">web taray\u0131c\u0131n\u0131z<\/a> veya <a href=\"https:\/\/chrome.google.com\/webstore\/detail\/duocards\/bgojhcbkjlloemicdchpifpnbcjiijmd\">Chrome uzant\u0131n\u0131z<\/a> \u00fczerinden deneyin. <\/p><div class=\"numbers gradient-section\"><div class=\"number-item\"><span class=\"numbers-big gradient-text\">5M+ <\/span><br><span class=\"numbers-small gradient-text\">indirmeler<\/span><\/div><div class=\"number-item\"><span class=\"numbers-big gradient-text\">100+ <\/span><br><span class=\"numbers-small gradient-text\">diller<\/span><\/div><div class=\"number-item\"><span class=\"numbers-big gradient-text\">189 <\/span><br><span class=\"numbers-small gradient-text\">kullan\u0131c\u0131 \u00fclkeler<\/span><\/div><\/div><div class=\"wp-block-spacer\" style=\"height: 40px;\" aria-hidden=\"true\"> <\/div><h2 class=\"wp-block-heading\">Uygulamam\u0131z\u0131 \u00d6zel K\u0131lan Nedir?<\/h2><div class=\"what-makes-app-special\"><div><h5><strong>Haz\u0131r \u00d6\u011frenme \u0130\u00e7eri\u011fi<\/strong><\/h5><p>Art\u0131k aramak yok! Zengin bir video ve makale k\u00fct\u00fcphanesi sunuyoruz ve hatta kendi favori materyallerinizi de ekleyebilirsiniz. <\/p><\/div><div><h5><strong>Hepsi Bir Arada Beceri Geli\u015ftirme<\/strong><\/h5><p>Okuma ve dinleme becerilerinizi geli\u015ftirirken kelime da\u011farc\u0131\u011f\u0131n\u0131z\u0131 geni\u015fletin.<\/p><\/div><div><h5><strong>Ak\u0131ll\u0131 Bellek G\u00fc\u00e7lendirme<\/strong><\/h5><p>G\u00fc\u00e7l\u00fc Aral\u0131kl\u0131 Tekrarlama Sistemimiz (SRS) kelimeleri uzun s\u00fcreli hat\u0131rlaman\u0131za yard\u0131mc\u0131 olur.<\/p><\/div><div><h5><strong>Kolay Flashcard Olu\u015fturma<\/strong><\/h5><p>Sadece birka\u00e7 t\u0131klamayla h\u0131zl\u0131ca \u00f6zel kartlar olu\u015fturun.<\/p><\/div><div><h5><strong>\u0130lgi \u00c7ekici Oyunla\u015ft\u0131rma<\/strong><\/h5><p>\u0130lerledik\u00e7e Memo karakterinizi besleyerek \u00f6\u011frenmeyi y\u00fcksek motivasyonlu hale getirin.<\/p><\/div><div><h5><strong>Yerle\u015fik \u00c7evirmen<\/strong><\/h5><p>Uygulamadan \u00e7\u0131kmadan kelimeleri an\u0131nda \u00e7evirin.<\/p><\/div><div><h5><strong>Taray\u0131c\u0131 Uzant\u0131s\u0131<\/strong><\/h5><p>Bilgisayar\u0131n\u0131zdaki veya telefonunuzdaki herhangi bir web sayfas\u0131ndan zahmetsizce bilgi kartlar\u0131 olu\u015fturun.<\/p><\/div><\/div><div id=\"simple-translate\" class=\"simple-translate-system-theme\"><div><div class=\"simple-translate-button isShow\" style=\"background-image: url('moz-extension:\/\/8adc35c9-43da-49db-9981-61d1336af553\/icons\/512.png'); height: 22px; width: 22px; top: 317px; left: 111px;\"> <\/div><div class=\"simple-translate-panel \" style=\"width: 300px; height: 200px; top: 0px; left: 0px; font-size: 13px;\"><div class=\"simple-translate-result-wrapper\" style=\"overflow: hidden;\"><div class=\"simple-translate-move\" draggable=\"true\"> <\/div><div class=\"simple-translate-result-contents\"><p class=\"simple-translate-candidate\" dir=\"auto\"> <\/p><\/div><\/div><\/div><\/div><\/div>\t\t\t\t\t\t\t\t<\/div>\n\t\t\t\t<\/div>\n\t\t\t\t\t<\/div>\n\t\t\t\t<\/div>\n\t\t<div class=\"elementor-element elementor-element-1c90021 e-con-full e-flex e-con e-parent\" data-id=\"1c90021\" data-element_type=\"container\" data-settings=\"{&quot;background_background&quot;:&quot;classic&quot;}\">\n\t\t\t\t<div class=\"elementor-element elementor-element-d0da76a elementor-widget__width-initial elementor-widget elementor-widget-text-editor\" data-id=\"d0da76a\" data-element_type=\"widget\" data-widget_type=\"text-editor.default\">\n\t\t\t\t<div class=\"elementor-widget-container\">\n\t\t\t\t\t\t\t\t\t<h2 class=\"wp-block-heading\">Haberlerde DuoCard&#8217;lar<\/h2><div class=\"duocards-boxes\"><div><a href=\"https:\/\/money.com\/best-language-learning-software\/\" target=\"_blank\" rel=\"noopener nofollow\">2022&#8217;nin En \u0130yi Dil \u00d6\u011frenme Yaz\u0131l\u0131m\u0131<\/a> &#8211; Money.com<\/div><div><a href=\"https:\/\/www.lidovky.cz\/pr\/sdeleni-komercni\/3-kroky-se-kterymi-posunete-sve-znalosti-cizich-jazyku-o-uroven-vys.A200918_135124_komercni-sdeleni_jedli\" target=\"_blank\" rel=\"noopener nofollow\">3 kroky, se kter\u00fdmi posunete sv\u00e9 znalosti ciz\u00edch jazyk\u016f o \u00farove\u0148 v\u00fd\u0161<\/a> &#8211; Lidovky.cz<\/div><div><a title=\"Pom\u00e1h\u00e1 s u\u010den\u00edm stovky jazyk\u016f, st\u00e1hly si ji u\u017e dva miliony lid\u00ed. \u010ceskou aplikaci te\u010f podpo\u0159il investor\" href=\"https:\/\/cc.cz\/pomaha-s-ucenim-stovky-jazyku-stahly-si-ji-uz-dva-miliony-lidi-ceskou-aplikaci-ted-podporil-investor\/\" target=\"_blank\" rel=\"noopener nofollow\">Pom\u00e1h\u00e1 s u\u010den\u00edm stovky jazyk\u016f, st\u00e1hly si ji u\u017e dva miliony lid\u00ed. \u010ceskou aplikaci te\u010f podpo\u0159il investor <\/a>  &#8211; CzechCrunch.cz<\/div><div><a title=\"Nau\u010dte se ciz\u00ed jazyk snadno a hrav\u011b. \u010cesk\u00e9 DuoCards z\u00edsk\u00e1v\u00e1 15 milion\u016f korun od N1\" href=\"https:\/\/roklen24.cz\/?quick_news=naucte-se-cizi-jazyk-snadno-a-hrave-ceske-duocards-ziskava-15-milionu-korun-od-n1\" target=\"_blank\" rel=\"noopener nofollow\">Nau\u010dte se ciz\u00ed jazyk snadno a hrav\u011b. \u010cesk\u00e9 DuoCards z\u00edsk\u00e1v\u00e1 15 milion\u016f korun od N1 <\/a>  &#8211; Roklen24.cz<\/div><div><a title=\"Yapay zekan\u0131n en b\u00fcy\u00fck avantaj\u0131. \u010cesk\u00e9 DuoCards, N1'e 15 milyon dolar de\u011fer bi\u00e7iyor\" href=\"https:\/\/aicrunch.cz\/s-ucenim-se-ciziho-jazyka-pomuze-ai-ceske-duocards-ziskava-15-milionu-korun-od-n1\/\" target=\"_blank\" rel=\"noopener nofollow\">Yapay zekan\u0131n en b\u00fcy\u00fck avantaj\u0131. \u010cesk\u00e9 DuoCards, N1&#8217;e 15 milyon dolar de\u011fer bi\u00e7iyor <\/a>  &#8211; AICrunch.cz<\/div><div><a title=\"Favori Dil \u00d6\u011frenme Uygulamalar\u0131m\u0131z (ve Bir Cep \u00c7evirmeni)\" href=\"https:\/\/www.wired.com\/gallery\/best-language-learning-apps\/\" target=\"_blank\" rel=\"noopener nofollow\">Favori Dil \u00d6\u011frenme Uygulamalar\u0131m\u0131z (ve Bir Cep \u00c7evirmeni)<\/a> &#8211; Wired.com<\/div><div><a title=\"Yeni Bir Dil mi \u00d6\u011freniyorsunuz? Bunlar Piyasadaki En \u0130yi \u00dccretsiz Uygulamalar\" href=\"https:\/\/www.thetravel.com\/best-free-language-apps\/\" target=\"_blank\" rel=\"noopener nofollow\">Yeni Bir Dil mi \u00d6\u011freniyorsunuz? Bunlar Piyasadaki En \u0130yi \u00dccretsiz Uygulamalar <\/a>  &#8211; TheTravel.com<\/div><div><a href=\"https:\/\/www.fluentu.com\/blog\/learn\/language-flashcards-app\/\" target=\"_blank\" rel=\"noreferrer noopener\">Diller i\u00e7in En \u0130yi 10 Flashcard Uygulamas\u0131 [2024 i\u00e7in G\u00fcncellendi]<\/a> &#8211; FluentU.com<\/div><\/div><div class=\"wp-block-spacer\" aria-hidden=\"true\"> <\/div><div aria-hidden=\"true\"> <\/div><div aria-hidden=\"true\"><h2 class=\"wp-block-heading\">Yorumlar<\/h2><div class=\"duocards-boxes\"><div><a title=\"DuoCards ile Frans\u0131zcay\u0131 daha h\u0131zl\u0131 \u00f6\u011frenin\" href=\"https:\/\/learnfrenchwithalexa.com\/blog\/learn-french-faster-with-duocards\" target=\"_blank\" rel=\"noopener nofollow\">DuoCards ile Frans\u0131zca&#8217;y\u0131 daha h\u0131zl\u0131 \u00f6\u011frenin<\/a> &#8211; LearnFrenchWithAlexa.com<\/div><div><a title=\"DuoCards: slov\u00ed\u010dka'da ide\u00e1lna appka?\" href=\"https:\/\/jazykovymentoring.sk\/blog\/aplikacia-duocards\/\" target=\"_blank\" rel=\"noopener nofollow\">DuoCards: slov\u00ed\u010dka&#8217;da ide\u00e1lna appka?<\/a>  &#8211; Jazykov\u00fdMentoring.sk<\/div><div><a title=\"DuoCards, dil \u00f6\u011frenimi i\u00e7in aral\u0131kl\u0131 tekrar kullanan bir bilgi kart\u0131 uygulamas\u0131d\u0131r\" href=\"https:\/\/thelearningcounsel.com\/articles\/app-of-the-week\/duocards-is-a-flashcard-app-that-uses-spaced-repetition-for-language-learning\/\" target=\"_blank\" rel=\"noopener nofollow\">DuoCards, dil \u00f6\u011frenimi i\u00e7in aral\u0131kl\u0131 tekrar kullanan bir bilgi kart\u0131 uygulamas\u0131d\u0131r<\/a> &#8211; TheLearningCounsel.com<\/div><div><a title=\"DuoCards \u0130ncelemesi (2024): Vocabulary Builder Flashcards + Spaced Repetition ile Dil \u00d6\u011frenimi\" href=\"https:\/\/effortlessconversations.com\/language-product-reviews\/duocards-review\/\" target=\"_blank\" rel=\"noopener nofollow\">DuoCards \u0130ncelemesi (2024): Vocabulary Builder Flashcards + Spaced Repetition ile Dil \u00d6\u011frenimi<\/a> &#8211; EffortlessConversation.com<\/div><div><a title=\"Yeni bir jazyk ve aplikac\u00ed DuoCard'lar\u0131 kullanmak i\u00e7in bir u\u017eijte si\" href=\"https:\/\/androidaplikace.cz\/index.php\/2023\/03\/naucte-se-novy-jazyk-a-uzijte-si-to-s-aplikaci-duocards\/\" target=\"_blank\" rel=\"noopener nofollow\">Nau\u010dte se nov\u00fd jazyk a u\u017eijte si to s aplikac\u00ed DuoCards<\/a> &#8211; AndroidAplikace.cz<\/div><\/div><div class=\"wp-block-spacer\" aria-hidden=\"true\"> <\/div><\/div>\t\t\t\t\t\t\t\t<\/div>\n\t\t\t\t<\/div>\n\t\t\t\t<\/div>\n\t\t<div class=\"elementor-element elementor-element-dc35cd5 e-flex e-con-boxed e-con e-parent\" data-id=\"dc35cd5\" data-element_type=\"container\">\n\t\t\t\t\t<div class=\"e-con-inner\">\n\t\t\t\t<div class=\"elementor-element elementor-element-68cfc4c elementor-widget elementor-widget-text-editor\" data-id=\"68cfc4c\" data-element_type=\"widget\" data-widget_type=\"text-editor.default\">\n\t\t\t\t<div class=\"elementor-widget-container\">\n\t\t\t\t\t\t\t\t\t<div aria-hidden=\"true\">\n<h2 class=\"wp-block-heading\">Bas\u0131n Kiti<\/h2>\n<p>Bilgi formumuzu, logolar\u0131, uygulama ekran g\u00f6r\u00fcnt\u00fclerini ve daha fazlas\u0131n\u0131 indirin!<\/p>\n<p> <\/p>\n<div class=\"wp-block-buttons\">\n<div class=\"wp-block-button\"><a class=\"elementor-button wp-block-button__link wp-element-button\" href=\"https:\/\/drive.google.com\/drive\/folders\/15f6z936t9s2Npr7pP0hUb_kKfwoM_nIT?usp=sharing\" target=\"_blank\" rel=\"noreferrer noopener\">Bas\u0131n Kitini \u0130ndirin<\/a><\/div>\n<\/div>\n<\/div>\n<div class=\"wp-block-spacer\" aria-hidden=\"true\"> <\/div>\n<div aria-hidden=\"true\"> <\/div>\n<h2 class=\"wp-block-heading\">Bize Ula\u015f\u0131n<\/h2>\n<p>Medya veya ortakl\u0131k sorular\u0131n\u0131z i\u00e7in l\u00fctfen bizimle ileti\u015fime ge\u00e7in: <a href=\"mailto:pr@duocards.com\">pr@duocards.com<\/a><\/p>\t\t\t\t\t\t\t\t<\/div>\n\t\t\t\t<\/div>\n\t\t\t\t\t<\/div>\n\t\t\t\t<\/div>\n\t\t\t\t<\/div>\n\t\t","protected":false},"excerpt":{"rendered":"<p>Misyonumuz Dil \u00f6\u011frenimini d\u00fcnyan\u0131n her yerinde herkes i\u00e7in heyecan verici bir maceraya d\u00f6n\u00fc\u015ft\u00fcrme misyonunday\u0131z! Flashcard tabanl\u0131 uygulamam\u0131z, aral\u0131kl\u0131 tekrar\u0131n g\u00fcc\u00fcn\u00fc videolar ve makalelerdeki ger\u00e7ek hayattan \u00f6rneklerle birle\u015ftirerek yeni bir dilde uzmanla\u015fmay\u0131 e\u011flenceli, etkili ve ilgi \u00e7ekici hale getirir. \u015eirketimiz Hakk\u0131nda Petr Her\u00e1leck\u00fd Portekizce \u00f6\u011frenmek i\u00e7in yola \u00e7\u0131kt\u0131\u011f\u0131nda, yeni kelimeleri etkili ve e\u011flenceli bir \u015fekilde \u00f6\u011frenmesine [&hellip;]<\/p>\n","protected":false},"author":23,"featured_media":0,"parent":0,"menu_order":0,"comment_status":"closed","ping_status":"closed","template":"elementor_header_footer","meta":{"footnotes":""},"class_list":["post-9502","page","type-page","status-publish","hentry"],"aioseo_notices":[],"_links":{"self":[{"href":"https:\/\/duocards.com\/tr\/wp-json\/wp\/v2\/pages\/9502","targetHints":{"allow":["GET"]}}],"collection":[{"href":"https:\/\/duocards.com\/tr\/wp-json\/wp\/v2\/pages"}],"about":[{"href":"https:\/\/duocards.com\/tr\/wp-json\/wp\/v2\/types\/page"}],"author":[{"embeddable":true,"href":"https:\/\/duocards.com\/tr\/wp-json\/wp\/v2\/users\/23"}],"replies":[{"embeddable":true,"href":"https:\/\/duocards.com\/tr\/wp-json\/wp\/v2\/comments?post=9502"}],"version-history":[{"count":1,"href":"https:\/\/duocards.com\/tr\/wp-json\/wp\/v2\/pages\/9502\/revisions"}],"predecessor-version":[{"id":9505,"href":"https:\/\/duocards.com\/tr\/wp-json\/wp\/v2\/pages\/9502\/revisions\/9505"}],"wp:attachment":[{"href":"https:\/\/duocards.com\/tr\/wp-json\/wp\/v2\/media?parent=9502"}],"curies":[{"name":"wp","href":"https:\/\/api.w.org\/{rel}","templated":true}]}}