{"id":7879,"date":"2024-05-09T13:36:07","date_gmt":"2024-05-09T13:36:07","guid":{"rendered":"https:\/\/duocards.com\/ogretmenler-icin\/"},"modified":"2025-10-21T11:27:55","modified_gmt":"2025-10-21T11:27:55","slug":"ogretmenler-icin","status":"publish","type":"page","link":"https:\/\/duocards.com\/tr\/ogretmenler-icin\/","title":{"rendered":"\u00d6\u011fretmenler i\u00e7in"},"content":{"rendered":"\t\t<div data-elementor-type=\"wp-page\" data-elementor-id=\"7879\" class=\"elementor elementor-7879 elementor-4101\" data-elementor-post-type=\"page\">\n\t\t\t\t<div class=\"elementor-element elementor-element-ad8ac02 e-flex e-con-boxed e-con e-parent\" data-id=\"ad8ac02\" data-element_type=\"container\" data-settings=\"{&quot;background_background&quot;:&quot;classic&quot;}\">\n\t\t\t\t\t<div class=\"e-con-inner\">\n\t\t<div class=\"elementor-element elementor-element-1d4aed2b e-con-full e-flex e-con e-child\" data-id=\"1d4aed2b\" data-element_type=\"container\">\n\t\t\t\t<div class=\"elementor-element elementor-element-26bc846d elementor-widget elementor-widget-heading\" data-id=\"26bc846d\" data-element_type=\"widget\" data-widget_type=\"heading.default\">\n\t\t\t\t<div class=\"elementor-widget-container\">\n\t\t\t\t\t<h1 class=\"elementor-heading-title elementor-size-default\">D\u00fcnya \u00e7ap\u0131nda 4 milyondan fazla\n\u00f6\u011frenci ve \u00f6\u011fretmenine kat\u0131l\u0131n!<\/h1>\t\t\t\t<\/div>\n\t\t\t\t<\/div>\n\t\t\t\t<div class=\"elementor-element elementor-element-85521ba elementor-widget elementor-widget-text-editor\" data-id=\"85521ba\" data-element_type=\"widget\" data-widget_type=\"text-editor.default\">\n\t\t\t\t<div class=\"elementor-widget-container\">\n\t\t\t\t\t\t\t\t\t<p>\u00d6\u011fretmen ya da okul musunuz? Size nas\u0131l yard\u0131mc\u0131 olabilece\u011fimizi bize bildirin, biz de size geri d\u00f6nelim. <\/p>\t\t\t\t\t\t\t\t<\/div>\n\t\t\t\t<\/div>\n\t\t\t\t<div class=\"elementor-element elementor-element-60b3b5bc elementor-widget elementor-widget-image\" data-id=\"60b3b5bc\" data-element_type=\"widget\" data-widget_type=\"image.default\">\n\t\t\t\t<div class=\"elementor-widget-container\">\n\t\t\t\t\t\t\t\t\t\t\t\t\t\t\t<img fetchpriority=\"high\" decoding=\"async\" width=\"800\" height=\"205\" src=\"https:\/\/duocards.com\/wp-content\/uploads\/2025\/05\/rating-1024x263.png\" class=\"attachment-large size-large wp-image-9642\" alt=\"\" srcset=\"https:\/\/duocards.com\/wp-content\/uploads\/2025\/05\/rating-1024x263.png 1024w, https:\/\/duocards.com\/wp-content\/uploads\/2025\/05\/rating-300x77.png 300w, https:\/\/duocards.com\/wp-content\/uploads\/2025\/05\/rating-768x197.png 768w, https:\/\/duocards.com\/wp-content\/uploads\/2025\/05\/rating.png 1050w\" sizes=\"(max-width: 800px) 100vw, 800px\" \/>\t\t\t\t\t\t\t\t\t\t\t\t\t\t\t<\/div>\n\t\t\t\t<\/div>\n\t\t\t\t<\/div>\n\t\t<div class=\"elementor-element elementor-element-3fe29a8 e-con-full e-flex e-con e-child\" data-id=\"3fe29a8\" data-element_type=\"container\">\n\t\t\t\t<div class=\"elementor-element elementor-element-3600b1d2 elementor-widget elementor-widget-image\" data-id=\"3600b1d2\" data-element_type=\"widget\" data-widget_type=\"image.default\">\n\t\t\t\t<div class=\"elementor-widget-container\">\n\t\t\t\t\t\t\t\t\t\t\t\t\t\t\t<img decoding=\"async\" width=\"800\" height=\"583\" src=\"https:\/\/duocards.com\/wp-content\/uploads\/2025\/06\/Group-75-1-1024x746.webp\" class=\"attachment-large size-large wp-image-6365\" alt=\"\" srcset=\"https:\/\/duocards.com\/wp-content\/uploads\/2025\/06\/Group-75-1-1024x746.webp 1024w, https:\/\/duocards.com\/wp-content\/uploads\/2025\/06\/Group-75-1-300x219.webp 300w, https:\/\/duocards.com\/wp-content\/uploads\/2025\/06\/Group-75-1-768x559.webp 768w, https:\/\/duocards.com\/wp-content\/uploads\/2025\/06\/Group-75-1.webp 1259w\" sizes=\"(max-width: 800px) 100vw, 800px\" \/>\t\t\t\t\t\t\t\t\t\t\t\t\t\t\t<\/div>\n\t\t\t\t<\/div>\n\t\t\t\t<\/div>\n\t\t\t\t\t<\/div>\n\t\t\t\t<\/div>\n\t\t<div class=\"elementor-element elementor-element-315ee3e e-flex e-con-boxed e-con e-parent\" data-id=\"315ee3e\" data-element_type=\"container\">\n\t\t\t\t\t<div class=\"e-con-inner\">\n\t\t\t\t<div class=\"elementor-element elementor-element-3272777 elementor-widget elementor-widget-heading\" data-id=\"3272777\" data-element_type=\"widget\" data-widget_type=\"heading.default\">\n\t\t\t\t<div class=\"elementor-widget-container\">\n\t\t\t\t\t<h2 class=\"elementor-heading-title elementor-size-default\">\u00d6\u011fretmen program\u0131m\u0131za bug\u00fcn kat\u0131l\u0131n<\/h2>\t\t\t\t<\/div>\n\t\t\t\t<\/div>\n\t\t\t\t<div class=\"elementor-element elementor-element-2bc2ae9 elementor-widget elementor-widget-wpforms\" data-id=\"2bc2ae9\" data-element_type=\"widget\" data-widget_type=\"wpforms.default\">\n\t\t\t\t<div class=\"elementor-widget-container\">\n\t\t\t\t\t<div class=\"wpforms-container wpforms-container-full\" id=\"wpforms-4141\"><form id=\"wpforms-form-4141\" class=\"wpforms-validate wpforms-form wpforms-ajax-form\" data-formid=\"4141\" method=\"post\" enctype=\"multipart\/form-data\" action=\"\/tr\/wp-json\/wp\/v2\/pages\/7879\" data-token=\"0b9f8bd605d41266eb0f0857a5e15084\" data-token-time=\"1776303228\"><noscript class=\"wpforms-error-noscript\">Bu formu bitirebilmek i\u00e7in taray\u0131c\u0131n\u0131zda JavaScript&#039;i etkinle\u015ftirin.<\/noscript><div class=\"wpforms-field-container\"><div id=\"wpforms-4141-field_1-container\" class=\"wpforms-field wpforms-field-select wpforms-field-select-style-classic\" data-field-id=\"1\"><label class=\"wpforms-field-label\" for=\"wpforms-4141-field_1\"> You are a <span class=\"wpforms-required-label\">*<\/span><\/label><select id=\"wpforms-4141-field_1\" class=\"wpforms-field-medium wpforms-field-required\" name=\"wpforms[fields][1]\" required=\"required\"><option value=\"Teacher\"  class=\"choice-2 depth-1\"  >Teacher<\/option><option value=\"School\"  class=\"choice-1 depth-1\"  >School<\/option><option value=\"Other institution\"  class=\"choice-3 depth-1\"  >Other institution<\/option><\/select><\/div><div id=\"wpforms-4141-field_2-container\" class=\"wpforms-field wpforms-field-text\" data-field-id=\"2\"><label class=\"wpforms-field-label\" for=\"wpforms-4141-field_2\">Your name or the name of the institution <span class=\"wpforms-required-label\">*<\/span><\/label><input type=\"text\" id=\"wpforms-4141-field_2\" class=\"wpforms-field-medium wpforms-field-required\" name=\"wpforms[fields][2]\" required><\/div><div id=\"wpforms-4141-field_3-container\" class=\"wpforms-field wpforms-field-select wpforms-field-select-style-classic\" data-field-id=\"3\"><label class=\"wpforms-field-label\" for=\"wpforms-4141-field_3\">How many students do you have? <span class=\"wpforms-required-label\">*<\/span><\/label><select id=\"wpforms-4141-field_3\" class=\"wpforms-field-medium wpforms-field-required\" name=\"wpforms[fields][3]\" required=\"required\"><option value=\"Up to 30\"  class=\"choice-1 depth-1\"  >Up to 30<\/option><option value=\"From 30 to 100\"  class=\"choice-2 depth-1\"  >From 30 to 100<\/option><option value=\"Over 100\"  class=\"choice-3 depth-1\"  >Over 100<\/option><\/select><\/div><div id=\"wpforms-4141-field_4-container\" class=\"wpforms-field wpforms-field-text\" data-field-id=\"4\"><label class=\"wpforms-field-label\" for=\"wpforms-4141-field_4\">Contact email <span class=\"wpforms-required-label\">*<\/span><\/label><input type=\"text\" id=\"wpforms-4141-field_4\" class=\"wpforms-field-medium wpforms-field-required\" name=\"wpforms[fields][4]\" required><\/div><div id=\"wpforms-4141-field_5-container\" class=\"wpforms-field wpforms-field-textarea\" data-field-id=\"5\"><label class=\"wpforms-field-label\" for=\"wpforms-4141-field_5\">Describe how you would like to use DuoCards with your students or in your school: <span class=\"wpforms-required-label\">*<\/span><\/label><textarea id=\"wpforms-4141-field_5\" class=\"wpforms-field-medium wpforms-field-required\" name=\"wpforms[fields][5]\" required><\/textarea><\/div><\/div><!-- .wpforms-field-container --><div class=\"wpforms-recaptcha-container wpforms-is-recaptcha wpforms-is-recaptcha-type-v3\" ><input type=\"hidden\" name=\"wpforms[recaptcha]\" value=\"\"><\/div><div class=\"wpforms-submit-container\" ><input type=\"hidden\" name=\"wpforms[id]\" value=\"4141\"><input type=\"hidden\" name=\"page_title\" value=\"\"><input type=\"hidden\" name=\"page_url\" value=\"https:\/\/duocards.com\/tr\/wp-json\/wp\/v2\/pages\/7879\"><input type=\"hidden\" name=\"url_referer\" value=\"\"><button type=\"submit\" name=\"wpforms[submit]\" id=\"wpforms-submit-4141\" class=\"wpforms-submit\" data-alt-text=\"Enrolling...\" data-submit-text=\"Send\" aria-live=\"assertive\" value=\"wpforms-submit\">Send<\/button><img decoding=\"async\" src=\"https:\/\/duocards.com\/wp-content\/plugins\/wpforms-lite\/assets\/images\/submit-spin.svg\" class=\"wpforms-submit-spinner\" style=\"display: none;\" width=\"26\" height=\"26\" alt=\"Y\u00fckleniyor\"><\/div><\/form><\/div>  <!-- .wpforms-container -->\t\t\t\t<\/div>\n\t\t\t\t<\/div>\n\t\t\t\t<div class=\"elementor-element elementor-element-1808b2c elementor-widget elementor-widget-heading\" data-id=\"1808b2c\" data-element_type=\"widget\" data-widget_type=\"heading.default\">\n\t\t\t\t<div class=\"elementor-widget-container\">\n\t\t\t\t\t<h2 class=\"elementor-heading-title elementor-size-default\">SSS<\/h2>\t\t\t\t<\/div>\n\t\t\t\t<\/div>\n\t\t\t\t<div class=\"elementor-element elementor-element-aa6aa5a elementor-widget elementor-widget-n-accordion\" data-id=\"aa6aa5a\" data-element_type=\"widget\" data-settings=\"{&quot;default_state&quot;:&quot;expanded&quot;,&quot;max_items_expended&quot;:&quot;one&quot;,&quot;n_accordion_animation_duration&quot;:{&quot;unit&quot;:&quot;ms&quot;,&quot;size&quot;:400,&quot;sizes&quot;:[]}}\" data-widget_type=\"nested-accordion.default\">\n\t\t\t\t<div class=\"elementor-widget-container\">\n\t\t\t\t\t\t\t<div class=\"e-n-accordion\" aria-label=\"Accordion. Open links with Enter or Space, close with Escape, and navigate with Arrow Keys\">\n\t\t\t\t\t\t<details id=\"e-n-accordion-item-1780\" class=\"e-n-accordion-item\" open>\n\t\t\t\t<summary class=\"e-n-accordion-item-title\" data-accordion-index=\"1\" tabindex=\"0\" aria-expanded=\"true\" aria-controls=\"e-n-accordion-item-1780\" >\n\t\t\t\t\t<span class='e-n-accordion-item-title-header'><div class=\"e-n-accordion-item-title-text\"> \u0130htiyac\u0131m olan baz\u0131 \u00f6zellikleri sizinle payla\u015fabilir miyim? <\/div><\/span>\n\t\t\t\t\t\t\t<span class='e-n-accordion-item-title-icon'>\n\t\t\t<span class='e-opened' ><svg aria-hidden=\"true\" class=\"e-font-icon-svg e-fas-chevron-up\" viewBox=\"0 0 448 512\" xmlns=\"http:\/\/www.w3.org\/2000\/svg\"><path d=\"M240.971 130.524l194.343 194.343c9.373 9.373 9.373 24.569 0 33.941l-22.667 22.667c-9.357 9.357-24.522 9.375-33.901.04L224 227.495 69.255 381.516c-9.379 9.335-24.544 9.317-33.901-.04l-22.667-22.667c-9.373-9.373-9.373-24.569 0-33.941L207.03 130.525c9.372-9.373 24.568-9.373 33.941-.001z\"><\/path><\/svg><\/span>\n\t\t\t<span class='e-closed'><svg aria-hidden=\"true\" class=\"e-font-icon-svg e-fas-chevron-down\" viewBox=\"0 0 448 512\" xmlns=\"http:\/\/www.w3.org\/2000\/svg\"><path d=\"M207.029 381.476L12.686 187.132c-9.373-9.373-9.373-24.569 0-33.941l22.667-22.667c9.357-9.357 24.522-9.375 33.901-.04L224 284.505l154.745-154.021c9.379-9.335 24.544-9.317 33.901.04l22.667 22.667c9.373 9.373 9.373 24.569 0 33.941L240.971 381.476c-9.373 9.372-24.569 9.372-33.942 0z\"><\/path><\/svg><\/span>\n\t\t<\/span>\n\n\t\t\t\t\t\t<\/summary>\n\t\t\t\t<div role=\"region\" aria-labelledby=\"e-n-accordion-item-1780\" class=\"elementor-element elementor-element-50f9bc9 e-con-full e-flex e-con e-child\" data-id=\"50f9bc9\" data-element_type=\"container\">\n\t\t\t\t<div class=\"elementor-element elementor-element-a3b1663 elementor-widget elementor-widget-text-editor\" data-id=\"a3b1663\" data-element_type=\"widget\" data-widget_type=\"text-editor.default\">\n\t\t\t\t<div class=\"elementor-widget-container\">\n\t\t\t\t\t\t\t\t\t<p>Tabii ki! Durumunuzun ne oldu\u011funu ve hangi \u00f6zelliklerin ihtiya\u00e7lar\u0131n\u0131za en iyi \u015fekilde uyaca\u011f\u0131n\u0131 yukar\u0131daki ankette bize bildirin. <\/p>\t\t\t\t\t\t\t\t<\/div>\n\t\t\t\t<\/div>\n\t\t\t\t<\/div>\n\t\t\t\t\t<\/details>\n\t\t\t\t\t\t<details id=\"e-n-accordion-item-1781\" class=\"e-n-accordion-item\" >\n\t\t\t\t<summary class=\"e-n-accordion-item-title\" data-accordion-index=\"2\" tabindex=\"-1\" aria-expanded=\"false\" aria-controls=\"e-n-accordion-item-1781\" >\n\t\t\t\t\t<span class='e-n-accordion-item-title-header'><div class=\"e-n-accordion-item-title-text\"> Bu uygulamay\u0131 okulumda kullanmak i\u00e7in Premium hesaba ihtiyac\u0131m var m\u0131? <\/div><\/span>\n\t\t\t\t\t\t\t<span class='e-n-accordion-item-title-icon'>\n\t\t\t<span class='e-opened' ><svg aria-hidden=\"true\" class=\"e-font-icon-svg e-fas-chevron-up\" viewBox=\"0 0 448 512\" xmlns=\"http:\/\/www.w3.org\/2000\/svg\"><path d=\"M240.971 130.524l194.343 194.343c9.373 9.373 9.373 24.569 0 33.941l-22.667 22.667c-9.357 9.357-24.522 9.375-33.901.04L224 227.495 69.255 381.516c-9.379 9.335-24.544 9.317-33.901-.04l-22.667-22.667c-9.373-9.373-9.373-24.569 0-33.941L207.03 130.525c9.372-9.373 24.568-9.373 33.941-.001z\"><\/path><\/svg><\/span>\n\t\t\t<span class='e-closed'><svg aria-hidden=\"true\" class=\"e-font-icon-svg e-fas-chevron-down\" viewBox=\"0 0 448 512\" xmlns=\"http:\/\/www.w3.org\/2000\/svg\"><path d=\"M207.029 381.476L12.686 187.132c-9.373-9.373-9.373-24.569 0-33.941l22.667-22.667c9.357-9.357 24.522-9.375 33.901-.04L224 284.505l154.745-154.021c9.379-9.335 24.544-9.317 33.901.04l22.667 22.667c9.373 9.373 9.373 24.569 0 33.941L240.971 381.476c-9.373 9.372-24.569 9.372-33.942 0z\"><\/path><\/svg><\/span>\n\t\t<\/span>\n\n\t\t\t\t\t\t<\/summary>\n\t\t\t\t<div role=\"region\" aria-labelledby=\"e-n-accordion-item-1781\" class=\"elementor-element elementor-element-1a0bafb e-con-full e-flex e-con e-child\" data-id=\"1a0bafb\" data-element_type=\"container\">\n\t\t\t\t<div class=\"elementor-element elementor-element-df45c46 elementor-widget elementor-widget-text-editor\" data-id=\"df45c46\" data-element_type=\"widget\" data-widget_type=\"text-editor.default\">\n\t\t\t\t<div class=\"elementor-widget-container\">\n\t\t\t\t\t\t\t\t\t<p>Hay\u0131r, Premium&#8217;a sahip olman\u0131za gerek yok. Ancak Premium ile s\u0131n\u0131rs\u0131z \u00f6zelliklerin ve kesintisiz \u00e7al\u0131\u015fma s\u00fcresinin keyfini \u00e7\u0131karabilirsiniz. Etkili \u00f6\u011frenme i\u00e7in m\u00fckemmel oldu\u011fu i\u00e7in Premium s\u00fcr\u00fcm\u00fcn\u00fc \u00f6neriyoruz.  <\/p>\t\t\t\t\t\t\t\t<\/div>\n\t\t\t\t<\/div>\n\t\t\t\t<\/div>\n\t\t\t\t\t<\/details>\n\t\t\t\t\t\t<details id=\"e-n-accordion-item-1782\" class=\"e-n-accordion-item\" >\n\t\t\t\t<summary class=\"e-n-accordion-item-title\" data-accordion-index=\"3\" tabindex=\"-1\" aria-expanded=\"false\" aria-controls=\"e-n-accordion-item-1782\" >\n\t\t\t\t\t<span class='e-n-accordion-item-title-header'><div class=\"e-n-accordion-item-title-text\"> Okulum veya s\u0131n\u0131f\u0131m i\u00e7in bana \u00f6zel bir teklif sunabilir misiniz? <\/div><\/span>\n\t\t\t\t\t\t\t<span class='e-n-accordion-item-title-icon'>\n\t\t\t<span class='e-opened' ><svg aria-hidden=\"true\" class=\"e-font-icon-svg e-fas-chevron-up\" viewBox=\"0 0 448 512\" xmlns=\"http:\/\/www.w3.org\/2000\/svg\"><path d=\"M240.971 130.524l194.343 194.343c9.373 9.373 9.373 24.569 0 33.941l-22.667 22.667c-9.357 9.357-24.522 9.375-33.901.04L224 227.495 69.255 381.516c-9.379 9.335-24.544 9.317-33.901-.04l-22.667-22.667c-9.373-9.373-9.373-24.569 0-33.941L207.03 130.525c9.372-9.373 24.568-9.373 33.941-.001z\"><\/path><\/svg><\/span>\n\t\t\t<span class='e-closed'><svg aria-hidden=\"true\" class=\"e-font-icon-svg e-fas-chevron-down\" viewBox=\"0 0 448 512\" xmlns=\"http:\/\/www.w3.org\/2000\/svg\"><path d=\"M207.029 381.476L12.686 187.132c-9.373-9.373-9.373-24.569 0-33.941l22.667-22.667c9.357-9.357 24.522-9.375 33.901-.04L224 284.505l154.745-154.021c9.379-9.335 24.544-9.317 33.901.04l22.667 22.667c9.373 9.373 9.373 24.569 0 33.941L240.971 381.476c-9.373 9.372-24.569 9.372-33.942 0z\"><\/path><\/svg><\/span>\n\t\t<\/span>\n\n\t\t\t\t\t\t<\/summary>\n\t\t\t\t<div role=\"region\" aria-labelledby=\"e-n-accordion-item-1782\" class=\"elementor-element elementor-element-6b2950d e-con-full e-flex e-con e-child\" data-id=\"6b2950d\" data-element_type=\"container\">\n\t\t\t\t<div class=\"elementor-element elementor-element-b9a486a elementor-widget elementor-widget-text-editor\" data-id=\"b9a486a\" data-element_type=\"widget\" data-widget_type=\"text-editor.default\">\n\t\t\t\t<div class=\"elementor-widget-container\">\n\t\t\t\t\t\t\t\t\t<p>Evet, hepimiz e\u011fitim ve ilerlemeden yanay\u0131z. Yukar\u0131daki anketi doldurun, neler yapabilece\u011fimize bakal\u0131m. <\/p>\t\t\t\t\t\t\t\t<\/div>\n\t\t\t\t<\/div>\n\t\t\t\t<\/div>\n\t\t\t\t\t<\/details>\n\t\t\t\t\t<\/div>\n\t\t\t\t\t<script type=\"application\/ld+json\">{\"@context\":\"https:\\\/\\\/schema.org\",\"@type\":\"FAQPage\",\"mainEntity\":[{\"@type\":\"Question\",\"name\":\"\\u0130htiyac\\u0131m olan baz\\u0131 \\u00f6zellikleri sizinle payla\\u015fabilir miyim?\",\"acceptedAnswer\":{\"@type\":\"Answer\",\"text\":\"Tabii ki! Durumunuzun ne oldu\\u011funu ve hangi \\u00f6zelliklerin ihtiya\\u00e7lar\\u0131n\\u0131za en iyi \\u015fekilde uyaca\\u011f\\u0131n\\u0131 yukar\\u0131daki ankette bize bildirin.\"}},{\"@type\":\"Question\",\"name\":\"Bu uygulamay\\u0131 okulumda kullanmak i\\u00e7in Premium hesaba ihtiyac\\u0131m var m\\u0131?\",\"acceptedAnswer\":{\"@type\":\"Answer\",\"text\":\"Hay\\u0131r, Premium&#8217;a sahip olman\\u0131za gerek yok. Ancak Premium ile s\\u0131n\\u0131rs\\u0131z \\u00f6zelliklerin ve kesintisiz \\u00e7al\\u0131\\u015fma s\\u00fcresinin keyfini \\u00e7\\u0131karabilirsiniz. Etkili \\u00f6\\u011frenme i\\u00e7in m\\u00fckemmel oldu\\u011fu i\\u00e7in Premium s\\u00fcr\\u00fcm\\u00fcn\\u00fc \\u00f6neriyoruz.\"}},{\"@type\":\"Question\",\"name\":\"Okulum veya s\\u0131n\\u0131f\\u0131m i\\u00e7in bana \\u00f6zel bir teklif sunabilir misiniz?\",\"acceptedAnswer\":{\"@type\":\"Answer\",\"text\":\"Evet, hepimiz e\\u011fitim ve ilerlemeden yanay\\u0131z. Yukar\\u0131daki anketi doldurun, neler yapabilece\\u011fimize bakal\\u0131m.\"}}]}<\/script>\n\t\t\t\t\t\t\t<\/div>\n\t\t\t\t<\/div>\n\t\t\t\t\t<\/div>\n\t\t\t\t<\/div>\n\t\t\t\t<\/div>\n\t\t","protected":false},"excerpt":{"rendered":"<p>D\u00fcnya \u00e7ap\u0131nda 4 milyondan fazla \u00f6\u011frenci ve \u00f6\u011fretmenine kat\u0131l\u0131n! \u00d6\u011fretmen ya da okul musunuz? Size nas\u0131l yard\u0131mc\u0131 olabilece\u011fimizi bize bildirin, biz de size geri d\u00f6nelim. \u00d6\u011fretmen program\u0131m\u0131za bug\u00fcn kat\u0131l\u0131n Please enable JavaScript in your browser to complete this form. You are a *TeacherSchoolOther institutionYour name or the name of the institution *How many students do [&hellip;]<\/p>\n","protected":false},"author":1,"featured_media":0,"parent":0,"menu_order":0,"comment_status":"closed","ping_status":"closed","template":"","meta":{"footnotes":""},"class_list":["post-7879","page","type-page","status-publish","hentry"],"aioseo_notices":[],"_links":{"self":[{"href":"https:\/\/duocards.com\/tr\/wp-json\/wp\/v2\/pages\/7879","targetHints":{"allow":["GET"]}}],"collection":[{"href":"https:\/\/duocards.com\/tr\/wp-json\/wp\/v2\/pages"}],"about":[{"href":"https:\/\/duocards.com\/tr\/wp-json\/wp\/v2\/types\/page"}],"author":[{"embeddable":true,"href":"https:\/\/duocards.com\/tr\/wp-json\/wp\/v2\/users\/1"}],"replies":[{"embeddable":true,"href":"https:\/\/duocards.com\/tr\/wp-json\/wp\/v2\/comments?post=7879"}],"version-history":[{"count":3,"href":"https:\/\/duocards.com\/tr\/wp-json\/wp\/v2\/pages\/7879\/revisions"}],"predecessor-version":[{"id":8298,"href":"https:\/\/duocards.com\/tr\/wp-json\/wp\/v2\/pages\/7879\/revisions\/8298"}],"wp:attachment":[{"href":"https:\/\/duocards.com\/tr\/wp-json\/wp\/v2\/media?parent=7879"}],"curies":[{"name":"wp","href":"https:\/\/api.w.org\/{rel}","templated":true}]}}