{"id":9691,"date":"2026-03-05T15:49:49","date_gmt":"2026-03-05T15:49:49","guid":{"rendered":"https:\/\/duocards.com\/zarabajte-s-kartami-duocards\/"},"modified":"2026-03-06T15:15:20","modified_gmt":"2026-03-06T15:15:20","slug":"zarabajte-s-kartami-duocards","status":"publish","type":"page","link":"https:\/\/duocards.com\/sk\/zarabajte-s-kartami-duocards\/","title":{"rendered":"Zar\u00e1bajte s kartami DuoCards"},"content":{"rendered":"\t\t<div data-elementor-type=\"wp-page\" data-elementor-id=\"9691\" class=\"elementor elementor-9691 elementor-9581\" data-elementor-post-type=\"page\">\n\t\t\t\t<div class=\"elementor-element elementor-element-ad8ac02 e-flex e-con-boxed e-con e-parent\" data-id=\"ad8ac02\" data-element_type=\"container\" data-e-type=\"container\" data-settings=\"{&quot;background_background&quot;:&quot;classic&quot;}\">\n\t\t\t\t\t<div class=\"e-con-inner\">\n\t\t<div class=\"elementor-element elementor-element-1d4aed2b e-con-full e-flex e-con e-child\" data-id=\"1d4aed2b\" data-element_type=\"container\" data-e-type=\"container\">\n\t\t\t\t<div class=\"elementor-element elementor-element-26bc846d elementor-widget elementor-widget-heading\" data-id=\"26bc846d\" data-element_type=\"widget\" data-e-type=\"widget\" data-widget_type=\"heading.default\">\n\t\t\t\t<div class=\"elementor-widget-container\">\n\t\t\t\t\t<h1 class=\"elementor-heading-title elementor-size-default\">Pom\u00f4\u017ete ostatn\u00fdm u\u010di\u0165 sa pomocou kariet DuoCards a z\u00edskajte odmenu<\/h1>\t\t\t\t<\/div>\n\t\t\t\t<\/div>\n\t\t\t\t<div class=\"elementor-element elementor-element-85521ba elementor-widget elementor-widget-text-editor\" data-id=\"85521ba\" data-element_type=\"widget\" data-e-type=\"widget\" data-widget_type=\"text-editor.default\">\n\t\t\t\t<div class=\"elementor-widget-container\">\n\t\t\t\t\t\t\t\t\t<p>U\u010d\u00edte jazyky, p\u00ed\u0161ete blog, prev\u00e1dzkujete kan\u00e1l soci\u00e1lnych m\u00e9di\u00ed alebo jednoducho milujete na\u0161u aplik\u00e1ciu? Odpor\u00fa\u010dan\u00edm DuoCards ostatn\u00fdm m\u00f4\u017eete zarobi\u0165 peniaze. <\/p>\t\t\t\t\t\t\t\t<\/div>\n\t\t\t\t<\/div>\n\t\t\t\t<\/div>\n\t\t<div class=\"elementor-element elementor-element-3fe29a8 e-con-full e-flex e-con e-child\" data-id=\"3fe29a8\" data-element_type=\"container\" data-e-type=\"container\">\n\t\t\t\t<div class=\"elementor-element elementor-element-3600b1d2 elementor-widget elementor-widget-image\" data-id=\"3600b1d2\" data-element_type=\"widget\" data-e-type=\"widget\" data-widget_type=\"image.default\">\n\t\t\t\t<div class=\"elementor-widget-container\">\n\t\t\t\t\t\t\t\t\t\t\t\t\t\t\t<img fetchpriority=\"high\" decoding=\"async\" width=\"607\" height=\"607\" src=\"https:\/\/duocards.com\/wp-content\/uploads\/2026\/03\/mammoth-without-background.png\" class=\"attachment-large size-large wp-image-9693\" alt=\"\" srcset=\"https:\/\/duocards.com\/wp-content\/uploads\/2026\/03\/mammoth-without-background.png 607w, https:\/\/duocards.com\/wp-content\/uploads\/2026\/03\/mammoth-without-background-300x300.png 300w, https:\/\/duocards.com\/wp-content\/uploads\/2026\/03\/mammoth-without-background-150x150.png 150w, https:\/\/duocards.com\/wp-content\/uploads\/2026\/03\/mammoth-without-background-70x70.png 70w\" sizes=\"(max-width: 607px) 100vw, 607px\" \/>\t\t\t\t\t\t\t\t\t\t\t\t\t\t\t<\/div>\n\t\t\t\t<\/div>\n\t\t\t\t<\/div>\n\t\t\t\t\t<\/div>\n\t\t\t\t<\/div>\n\t\t<div class=\"elementor-element elementor-element-315ee3e e-flex e-con-boxed e-con e-parent\" data-id=\"315ee3e\" data-element_type=\"container\" data-e-type=\"container\">\n\t\t\t\t\t<div class=\"e-con-inner\">\n\t\t\t\t<div class=\"elementor-element elementor-element-c0301dd elementor-widget elementor-widget-text-editor\" data-id=\"c0301dd\" data-element_type=\"widget\" data-e-type=\"widget\" data-widget_type=\"text-editor.default\">\n\t\t\t\t<div class=\"elementor-widget-container\">\n\t\t\t\t\t\t\t\t\t<p data-start=\"476\" data-end=\"609\">Zdie\u013eajte svoj jedine\u010dn\u00fd partnersk\u00fd odkaz a z\u00edskajte prov\u00edziu, ke\u010f sa niekto pripoj\u00ed k DuoCards prostredn\u00edctvom v\u00e1\u0161ho odkazu a zak\u00fapi si predplatn\u00e9.<\/p>\n<p data-start=\"611\" data-end=\"680\">Je to jednoduch\u00e9, transparentn\u00e9 a otvoren\u00e9 pre ka\u017ed\u00e9ho, kto m\u00e1 \u00fa\u010det DuoCards.<\/p>\n<p data-start=\"611\" data-end=\"680\"> <\/p>\n<h2 data-start=\"687\" data-end=\"702\">Ako to funguje<\/h2>\n<h4 data-start=\"704\" data-end=\"730\">1. Z\u00edskajte svoj propaga\u010dn\u00fd odkaz<\/h4>\n<p data-start=\"731\" data-end=\"870\">Aktivujte partnersk\u00fd program vo svojom \u00fa\u010dte DuoCards.<br data-start=\"787\" data-end=\"790\">Dostanete <strong data-start=\"809\" data-end=\"830\">jedine\u010dn\u00fd propaga\u010dn\u00fd odkaz,<\/strong> ktor\u00fd sleduje pou\u017e\u00edvate\u013eov, ktor\u00ed sa k v\u00e1m pridaj\u00fa.<\/p>\n<h4 data-start=\"872\" data-end=\"893\">2. Zdie\u013eanie kariet DuoCards<\/h4>\n<p data-start=\"894\" data-end=\"1011\">Uverejnite odkaz na soci\u00e1lnych sie\u0165ach, na svojej webovej str\u00e1nke, blogu, kan\u00e1li YouTube alebo ho po\u0161lite priamo svojim \u0161tudentom \u010di priate\u013eom.<\/p>\n<h4 data-start=\"1013\" data-end=\"1035\">3. Z\u00edskajte prov\u00edziu<\/h4>\n<p data-start=\"1036\" data-end=\"1154\">Ke\u010f sa niekto zaregistruje cez v\u00e1\u0161 odkaz a k\u00fapi si predplatn\u00e9, z\u00edskate 50 % prov\u00edziu z jeho prvej platby.<\/p>\n<p data-start=\"1036\" data-end=\"1154\"> <\/p>\n<h2 data-start=\"2070\" data-end=\"2084\">Za\u010dnite<\/h2>\n<p data-start=\"2086\" data-end=\"2150\">Partnersk\u00fd program si m\u00f4\u017eete aktivova\u0165 priamo vo svojom \u00fa\u010dte.<\/p>\n<p data-start=\"2152\" data-end=\"2197\"><strong data-start=\"2152\" data-end=\"2162\">Prejs\u0165 na<\/strong>:<br data-start=\"2162\" data-end=\"2165\">\u00da\u010det \u2192 <strong data-start=\"2175\" data-end=\"2197\">Zar\u00e1bajte s kartami DuoCards<\/strong><\/p>\n<p data-start=\"2199\" data-end=\"2289\">Po aktiv\u00e1cii dostanete svoje jedine\u010dn\u00e9 propaga\u010dn\u00e9 prepojenie a m\u00f4\u017eete za\u010da\u0165 okam\u017eite zdie\u013ea\u0165.<\/p>\n<p data-start=\"2199\" data-end=\"2289\"> <\/p>\n<p data-start=\"2199\" data-end=\"2289\"> <\/p>\n<p data-start=\"2488\" data-end=\"2566\">Aktiv\u00e1ciou partnersk\u00e9ho programu s\u00fahlas\u00edte s na\u0161ou <a href=\"https:\/\/duocards.com\/en\/affiliate-agreement\/\">partnerskou zmluvou<\/a>.<\/p>\t\t\t\t\t\t\t\t<\/div>\n\t\t\t\t<\/div>\n\t\t\t\t\t<\/div>\n\t\t\t\t<\/div>\n\t\t\t\t<\/div>\n\t\t","protected":false},"excerpt":{"rendered":"<p>Pom\u00f4\u017ete ostatn\u00fdm u\u010di\u0165 sa pomocou kariet DuoCards a z\u00edskajte odmenu U\u010d\u00edte jazyky, p\u00ed\u0161ete blog, prev\u00e1dzkujete kan\u00e1l soci\u00e1lnych m\u00e9di\u00ed alebo jednoducho milujete na\u0161u aplik\u00e1ciu? Odpor\u00fa\u010dan\u00edm DuoCards ostatn\u00fdm m\u00f4\u017eete zarobi\u0165 peniaze. Zdie\u013eajte svoj jedine\u010dn\u00fd partnersk\u00fd odkaz a z\u00edskajte prov\u00edziu, ke\u010f sa niekto pripoj\u00ed k DuoCards prostredn\u00edctvom v\u00e1\u0161ho odkazu a zak\u00fapi si predplatn\u00e9. Je to jednoduch\u00e9, transparentn\u00e9 a [&hellip;]<\/p>\n","protected":false},"author":32,"featured_media":0,"parent":0,"menu_order":0,"comment_status":"closed","ping_status":"closed","template":"elementor_header_footer","meta":{"footnotes":""},"class_list":["post-9691","page","type-page","status-publish","hentry"],"aioseo_notices":[],"_links":{"self":[{"href":"https:\/\/duocards.com\/sk\/wp-json\/wp\/v2\/pages\/9691","targetHints":{"allow":["GET"]}}],"collection":[{"href":"https:\/\/duocards.com\/sk\/wp-json\/wp\/v2\/pages"}],"about":[{"href":"https:\/\/duocards.com\/sk\/wp-json\/wp\/v2\/types\/page"}],"author":[{"embeddable":true,"href":"https:\/\/duocards.com\/sk\/wp-json\/wp\/v2\/users\/32"}],"replies":[{"embeddable":true,"href":"https:\/\/duocards.com\/sk\/wp-json\/wp\/v2\/comments?post=9691"}],"version-history":[{"count":1,"href":"https:\/\/duocards.com\/sk\/wp-json\/wp\/v2\/pages\/9691\/revisions"}],"predecessor-version":[{"id":9694,"href":"https:\/\/duocards.com\/sk\/wp-json\/wp\/v2\/pages\/9691\/revisions\/9694"}],"wp:attachment":[{"href":"https:\/\/duocards.com\/sk\/wp-json\/wp\/v2\/media?parent=9691"}],"curies":[{"name":"wp","href":"https:\/\/api.w.org\/{rel}","templated":true}]}}