{"id":9508,"date":"2023-02-13T15:14:51","date_gmt":"2023-02-13T15:14:51","guid":{"rendered":"https:\/\/duocards.com\/tlac\/"},"modified":"2026-01-16T16:18:42","modified_gmt":"2026-01-16T16:18:42","slug":"tlac","status":"publish","type":"page","link":"https:\/\/duocards.com\/sk\/tlac\/","title":{"rendered":"Tla\u010d"},"content":{"rendered":"\t\t<div data-elementor-type=\"wp-page\" data-elementor-id=\"9508\" class=\"elementor elementor-9508 elementor-3305\" data-elementor-post-type=\"page\">\n\t\t\t\t<div class=\"elementor-element elementor-element-019e7d8 e-flex e-con-boxed e-con e-parent\" data-id=\"019e7d8\" data-element_type=\"container\">\n\t\t\t\t\t<div class=\"e-con-inner\">\n\t\t\t\t<div class=\"elementor-element elementor-element-a09977d elementor-widget elementor-widget-text-editor\" data-id=\"a09977d\" data-element_type=\"widget\" data-widget_type=\"text-editor.default\">\n\t\t\t\t<div class=\"elementor-widget-container\">\n\t\t\t\t\t\t\t\t\t<h2 class=\"wp-block-heading\">Na\u0161e poslanie<\/h2><p>Na\u0161\u00edm poslan\u00edm je premeni\u0165 \u0161t\u00fadium jazykov na vzru\u0161uj\u00face dobrodru\u017estvo pre ka\u017ed\u00e9ho, kdeko\u013evek na svete!<\/p><p>Na\u0161a aplik\u00e1cia na b\u00e1ze flashkariet kombinuje silu rozlo\u017een\u00e9ho opakovania s re\u00e1lnymi pr\u00edkladmi z vide\u00ed a \u010dl\u00e1nkov, v\u010faka \u010domu je zvl\u00e1dnutie nov\u00e9ho jazyka z\u00e1bavn\u00e9, efekt\u00edvne a p\u00fatav\u00e9.<\/p><div class=\"wp-block-spacer\" style=\"height: 41px;\" aria-hidden=\"true\"> <\/div><h2 class=\"wp-block-heading\">O na\u0161ej spolo\u010dnosti<\/h2><p>Ke\u010f sa Petr Her\u00e1leck\u00fd rozhodol nau\u010di\u0165 portugal\u010dinu, nemohol n\u00e1js\u0165 \u017eiadnu aplik\u00e1ciu, ktor\u00e1 by mu pomohla nau\u010di\u0165 sa nov\u00fa slovn\u00fa z\u00e1sobu efekt\u00edvnym a z\u00e1bavn\u00fdm sp\u00f4sobom.<\/p><p>Tak si postavil vlastn\u00fd.<\/p><p>V roku 2020, po roku v\u00fdvoja, sa Petr stretol s Radimom Polochom na kurze kitesurfingu a spolo\u010dne vytvorili DuoCards, ako ich pozn\u00e1te teraz.<\/p><p>Dnes m\u00e1 aplik\u00e1cia viac ako 5 mili\u00f3nov stiahnut\u00ed!<\/p><p>N\u00e1\u0161 t\u00edm p\u00f4sob\u00ed v Brne, dynamickom technologickom centre \u010ceskej republiky.<\/p><p>V decembri 2023 z\u00edskala spolo\u010dnos\u0165 DuoCards invest\u00edciu od dom\u00e1ceho fondu rizikov\u00e9ho kapit\u00e1lu N1. Finan\u010dn\u00e1 injekcia sa pou\u017eije na v\u00fdvoj \u010fal\u0161\u00edch funkci\u00ed aplik\u00e1cie a marketing zameran\u00fd na americk\u00fd a glob\u00e1lny trh. <\/p><div class=\"wp-block-spacer\" style=\"height: 40px;\" aria-hidden=\"true\"> <\/div><figure class=\"wp-block-image size-large\"><img fetchpriority=\"high\" decoding=\"async\" width=\"1024\" height=\"683\" class=\"wp-image-4585\" title=\"\" src=\"https:\/\/duocards.com\/wp-content\/uploads\/2024\/10\/DuoCards-1024x683.webp\" alt=\"\" srcset=\"https:\/\/duocards.com\/wp-content\/uploads\/2024\/10\/DuoCards-1024x683.webp 1024w, https:\/\/duocards.com\/wp-content\/uploads\/2024\/10\/DuoCards-300x200.webp 300w, https:\/\/duocards.com\/wp-content\/uploads\/2024\/10\/DuoCards-768x512.webp 768w, https:\/\/duocards.com\/wp-content\/uploads\/2024\/10\/DuoCards.webp 1170w\" sizes=\"(max-width: 1024px) 100vw, 1024px\" \/><\/figure><div class=\"wp-block-spacer\" style=\"height: 40px;\" aria-hidden=\"true\"> <\/div><h2 class=\"wp-block-heading\">U\u010dte sa jazyky s kartami DuoCards!<\/h2><p>Aplik\u00e1cia DuoCards je pripraven\u00e1 na va\u0161e presk\u00famanie! Stiahnite si ju teraz v <a href=\"https:\/\/apps.apple.com\/us\/app\/duocards-learning-decks\/id1508159917\">AppStore<\/a> a <a href=\"https:\/\/play.google.com\/store\/apps\/details?id=com.duocards.app&amp;referrer=website&amp;pli=1\">GooglePlay<\/a> alebo ju vysk\u00fa\u0161ajte prostredn\u00edctvom <a href=\"https:\/\/app.duocards.com\/\">webov\u00e9ho prehliada\u010da<\/a> alebo <a href=\"https:\/\/chrome.google.com\/webstore\/detail\/duocards\/bgojhcbkjlloemicdchpifpnbcjiijmd\">roz\u0161\u00edrenia Chrome<\/a>. <\/p><div class=\"numbers gradient-section\"><div class=\"number-item\"><span class=\"numbers-big gradient-text\">5M+ <\/span><br><span class=\"numbers-small gradient-text\">stiahnutia<\/span><\/div><div class=\"number-item\"><span class=\"numbers-big gradient-text\">100+ <\/span><br><span class=\"numbers-small gradient-text\">jazyky<\/span><\/div><div class=\"number-item\"><span class=\"numbers-big gradient-text\">189 <\/span><br><span class=\"numbers-small gradient-text\">u\u017e\u00edvate\u013esk\u00e9 krajiny<\/span><\/div><\/div><div class=\"wp-block-spacer\" style=\"height: 40px;\" aria-hidden=\"true\"> <\/div><h2 class=\"wp-block-heading\">\u010c\u00edm je na\u0161a aplik\u00e1cia v\u00fdnimo\u010dn\u00e1?<\/h2><div class=\"what-makes-app-special\"><div><h5><strong>Hotov\u00fd vzdel\u00e1vac\u00ed obsah<\/strong><\/h5><p>U\u017e \u017eiadne h\u013eadanie! Pon\u00fakame bohat\u00fa kni\u017enicu vide\u00ed a \u010dl\u00e1nkov, do ktorej m\u00f4\u017eete prida\u0165 aj svoje vlastn\u00e9 ob\u013e\u00faben\u00e9 materi\u00e1ly. <\/p><\/div><div><h5><strong>Rozvoj zru\u010dnost\u00ed &#8222;v\u0161etko v jednom<\/strong><\/h5><p>Roz\u0161\u00edrte si slovn\u00fa z\u00e1sobu a z\u00e1rove\u0148 si zlep\u0161ite zru\u010dnosti \u010d\u00edtania a po\u010d\u00favania.<\/p><\/div><div><h5><strong>Inteligentn\u00e9 zv\u00fd\u0161enie pam\u00e4te<\/strong><\/h5><p>N\u00e1\u0161 v\u00fdkonn\u00fd syst\u00e9m rozlo\u017een\u00e9ho opakovania (SRS) v\u00e1m pom\u00f4\u017ee zapam\u00e4ta\u0165 si slov\u00e1 dlhodobo.<\/p><\/div><div><h5><strong>Jednoduch\u00e9 vytv\u00e1ranie kariet Flashcard<\/strong><\/h5><p>R\u00fdchle vytv\u00e1ranie vlastn\u00fdch kariet nieko\u013ek\u00fdmi kliknutiami.<\/p><\/div><div><h5><strong>P\u00fatav\u00e1 gamifik\u00e1cia<\/strong><\/h5><p>Pri postupe v \u0161t\u00fadiu rozv\u00edjajte svoju postavu Memo, aby bolo u\u010denie ve\u013emi motivuj\u00face.<\/p><\/div><div><h5><strong>Zabudovan\u00fd preklada\u010d<\/strong><\/h5><p>Okam\u017eite prelo\u017ete slov\u00e1 bez opustenia aplik\u00e1cie.<\/p><\/div><div><h5><strong>Roz\u0161\u00edrenie prehliada\u010da<\/strong><\/h5><p>Bez n\u00e1mahy vytv\u00e1rajte flashkarty z \u013eubovo\u013enej webovej str\u00e1nky v po\u010d\u00edta\u010di alebo telef\u00f3ne.<\/p><\/div><\/div><div id=\"simple-translate\" class=\"simple-translate-system-theme\"><div><div class=\"simple-translate-button isShow\" style=\"background-image: url('moz-extension:\/\/8adc35c9-43da-49db-9981-61d1336af553\/icons\/512.png'); height: 22px; width: 22px; top: 317px; left: 111px;\"> <\/div><div class=\"simple-translate-panel \" style=\"width: 300px; height: 200px; top: 0px; left: 0px; font-size: 13px;\"><div class=\"simple-translate-result-wrapper\" style=\"overflow: hidden;\"><div class=\"simple-translate-move\" draggable=\"true\"> <\/div><div class=\"simple-translate-result-contents\"><p class=\"simple-translate-candidate\" dir=\"auto\"> <\/p><\/div><\/div><\/div><\/div><\/div>\t\t\t\t\t\t\t\t<\/div>\n\t\t\t\t<\/div>\n\t\t\t\t\t<\/div>\n\t\t\t\t<\/div>\n\t\t<div class=\"elementor-element elementor-element-1c90021 e-con-full e-flex e-con e-parent\" data-id=\"1c90021\" data-element_type=\"container\" data-settings=\"{&quot;background_background&quot;:&quot;classic&quot;}\">\n\t\t\t\t<div class=\"elementor-element elementor-element-d0da76a elementor-widget__width-initial elementor-widget elementor-widget-text-editor\" data-id=\"d0da76a\" data-element_type=\"widget\" data-widget_type=\"text-editor.default\">\n\t\t\t\t<div class=\"elementor-widget-container\">\n\t\t\t\t\t\t\t\t\t<h2 class=\"wp-block-heading\">DuoCards v spr\u00e1vach<\/h2><div class=\"duocards-boxes\"><div><a href=\"https:\/\/money.com\/best-language-learning-software\/\" target=\"_blank\" rel=\"noopener nofollow\">Najlep\u0161\u00ed softv\u00e9r na u\u010denie jazykov na rok 2022<\/a> &#8211; Money.com<\/div><div><a href=\"https:\/\/www.lidovky.cz\/pr\/sdeleni-komercni\/3-kroky-se-kterymi-posunete-sve-znalosti-cizich-jazyku-o-uroven-vys.A200918_135124_komercni-sdeleni_jedli\" target=\"_blank\" rel=\"noopener nofollow\">3 kroky, s ktor\u00fdmi posuniete svoje znalosti cudz\u00edch jazykov o \u00farove\u0148 v\u00fd\u0161<\/a> &#8211; Lidovky.cz<\/div><div><a title=\"Pom\u00e1h\u00e1 s u\u010den\u00edm stovky jazykov, st\u00e1hly si ju u\u017e dva mili\u00f3ny \u013eud\u00ed. \u010ceskou aplik\u00e1ciou teraz podporil investor\" href=\"https:\/\/cc.cz\/pomaha-s-ucenim-stovky-jazyku-stahly-si-ji-uz-dva-miliony-lidi-ceskou-aplikaci-ted-podporil-investor\/\" target=\"_blank\" rel=\"noopener nofollow\">Pom\u00e1h\u00e1 s u\u010den\u00edm stovky jazykov, st\u00e1hly si ju u\u017e dva mili\u00f3ny \u013eud\u00ed. \u010ceskou aplik\u00e1ciou teraz podporil investor <\/a>  &#8211; CzechCrunch.cz<\/div><div><a title=\"Nau\u010dte sa cudz\u00ed jazyk \u013eahko a hravo. \u010cesk\u00e9 DuoCards z\u00edskavaj\u00fa 15 mili\u00f3nov kor\u00fan od N1\" href=\"https:\/\/roklen24.cz\/?quick_news=naucte-se-cizi-jazyk-snadno-a-hrave-ceske-duocards-ziskava-15-milionu-korun-od-n1\" target=\"_blank\" rel=\"noopener nofollow\">Nau\u010dte sa cudz\u00ed jazyk \u013eahko a hravo. \u010cesk\u00e9 DuoCards z\u00edskavaj\u00fa 15 mili\u00f3nov kor\u00fan od N1 <\/a>  &#8211; Roklen24.cz<\/div><div><a title=\"S u\u010den\u00edm sa cudz\u00edho jazyka pom\u016f\u017ee AI. \u010cesk\u00e9 DuoCards z\u00edskavaj\u00fa 15 mili\u00f3nov kor\u00fan od N1\" href=\"https:\/\/aicrunch.cz\/s-ucenim-se-ciziho-jazyka-pomuze-ai-ceske-duocards-ziskava-15-milionu-korun-od-n1\/\" target=\"_blank\" rel=\"noopener nofollow\">S u\u010den\u00edm sa cudz\u00edho jazyka pom\u016f\u017ee AI. \u010cesk\u00e9 DuoCards z\u00edskavaj\u00fa 15 mili\u00f3nov kor\u00fan od N1 <\/a>  &#8211; AICrunch.cz<\/div><div><a title=\"Na\u0161e ob\u013e\u00faben\u00e9 aplik\u00e1cie na u\u010denie jazykov (a vreckov\u00fd preklada\u010d)\" href=\"https:\/\/www.wired.com\/gallery\/best-language-learning-apps\/\" target=\"_blank\" rel=\"noopener nofollow\">Na\u0161e ob\u013e\u00faben\u00e9 aplik\u00e1cie na u\u010denie jazykov (a vreckov\u00fd preklada\u010d)<\/a> &#8211; Wired.com<\/div><div><a title=\"U\u010d\u00edte sa nov\u00fd jazyk? Toto s\u00fa najlep\u0161ie bezplatn\u00e9 aplik\u00e1cie\" href=\"https:\/\/www.thetravel.com\/best-free-language-apps\/\" target=\"_blank\" rel=\"noopener nofollow\">U\u010d\u00edte sa nov\u00fd jazyk? Toto s\u00fa najlep\u0161ie bezplatn\u00e9 aplik\u00e1cie <\/a>  &#8211; TheTravel.com<\/div><div><a href=\"https:\/\/www.fluentu.com\/blog\/learn\/language-flashcards-app\/\" target=\"_blank\" rel=\"noreferrer noopener\">10 najlep\u0161\u00edch aplik\u00e1ci\u00ed na tvorbu flash kariet pre jazyky [aktualizovan\u00e9 pre rok 2024]<\/a> &#8211; FluentU.com<\/div><\/div><div class=\"wp-block-spacer\" aria-hidden=\"true\"> <\/div><div aria-hidden=\"true\"> <\/div><div aria-hidden=\"true\"><h2 class=\"wp-block-heading\">Recenzie<\/h2><div class=\"duocards-boxes\"><div><a title=\"U\u010dte sa franc\u00fazsky r\u00fdchlej\u0161ie s kartami DuoCards\" href=\"https:\/\/learnfrenchwithalexa.com\/blog\/learn-french-faster-with-duocards\" target=\"_blank\" rel=\"noopener nofollow\">U\u010dte sa franc\u00fazsky r\u00fdchlej\u0161ie s kartami DuoCards<\/a> &#8211; LearnFrenchWithAlexa.com<\/div><div><a title=\"DuoCards: ide\u00e1lna aplik\u00e1cia na Slovenku?\" href=\"https:\/\/jazykovymentoring.sk\/blog\/aplikacia-duocards\/\" target=\"_blank\" rel=\"noopener nofollow\">DuoCards: ide\u00e1lna aplik\u00e1cia na Slovenku?<\/a>  &#8211; Jazykov\u00fdMentoring.sk<\/div><div><a title=\"DuoCards je aplik\u00e1cia s karti\u010dkami, ktor\u00e1 vyu\u017e\u00edva rozlo\u017een\u00e9 opakovanie na u\u010denie sa jazykov.\" href=\"https:\/\/thelearningcounsel.com\/articles\/app-of-the-week\/duocards-is-a-flashcard-app-that-uses-spaced-repetition-for-language-learning\/\" target=\"_blank\" rel=\"noopener nofollow\">DuoCards je aplik\u00e1cia s karti\u010dkami, ktor\u00e1 vyu\u017e\u00edva rozlo\u017een\u00e9 opakovanie na u\u010denie sa jazykov<\/a> &#8211; TheLearningCounsel.com<\/div><div><a title=\"Recenzia DuoCards (2024): U\u010denie jazykov s karti\u010dkami na tvorbu slovnej z\u00e1soby + rozmiestnen\u00e9 opakovanie\" href=\"https:\/\/effortlessconversations.com\/language-product-reviews\/duocards-review\/\" target=\"_blank\" rel=\"noopener nofollow\">Recenzia DuoCards (2024): U\u010denie sa jazykov s karti\u010dkami Vocabulary Builder + Spaced Repetition<\/a> &#8211; EffortlessConversation.com<\/div><div><a title=\"Nau\u010dte sa nov\u00fd jazyk a u\u017eite si to s aplik\u00e1ciami DuoCards\" href=\"https:\/\/androidaplikace.cz\/index.php\/2023\/03\/naucte-se-novy-jazyk-a-uzijte-si-to-s-aplikaci-duocards\/\" target=\"_blank\" rel=\"noopener nofollow\">Nau\u010dte sa nov\u00fd jazyk a u\u017eite si to s aplik\u00e1ciami DuoCards<\/a> &#8211; AndroidAplikace.cz<\/div><\/div><div class=\"wp-block-spacer\" aria-hidden=\"true\"> <\/div><\/div>\t\t\t\t\t\t\t\t<\/div>\n\t\t\t\t<\/div>\n\t\t\t\t<\/div>\n\t\t<div class=\"elementor-element elementor-element-dc35cd5 e-flex e-con-boxed e-con e-parent\" data-id=\"dc35cd5\" data-element_type=\"container\">\n\t\t\t\t\t<div class=\"e-con-inner\">\n\t\t\t\t<div class=\"elementor-element elementor-element-68cfc4c elementor-widget elementor-widget-text-editor\" data-id=\"68cfc4c\" data-element_type=\"widget\" data-widget_type=\"text-editor.default\">\n\t\t\t\t<div class=\"elementor-widget-container\">\n\t\t\t\t\t\t\t\t\t<div aria-hidden=\"true\">\n<h2 class=\"wp-block-heading\">Tla\u010dov\u00e1 s\u00faprava<\/h2>\n<p>Stiahnite si n\u00e1\u0161 informa\u010dn\u00fd list, log\u00e1, sn\u00edmky aplik\u00e1ci\u00ed a \u010fal\u0161ie inform\u00e1cie!<\/p>\n<p> <\/p>\n<div class=\"wp-block-buttons\">\n<div class=\"wp-block-button\"><a class=\"elementor-button wp-block-button__link wp-element-button\" href=\"https:\/\/drive.google.com\/drive\/folders\/15f6z936t9s2Npr7pP0hUb_kKfwoM_nIT?usp=sharing\" target=\"_blank\" rel=\"noreferrer noopener\">Stiahnite si tla\u010dov\u00fa s\u00fapravu<\/a><\/div>\n<\/div>\n<\/div>\n<div class=\"wp-block-spacer\" aria-hidden=\"true\"> <\/div>\n<div aria-hidden=\"true\"> <\/div>\n<h2 class=\"wp-block-heading\">Kontaktujte n\u00e1s<\/h2>\n<p>V pr\u00edpade ot\u00e1zok t\u00fdkaj\u00facich sa m\u00e9di\u00ed alebo partnerstva n\u00e1s kontaktujte na adrese: <a href=\"mailto:pr@duocards.com\">pr@duocards.com<\/a><\/p>\t\t\t\t\t\t\t\t<\/div>\n\t\t\t\t<\/div>\n\t\t\t\t\t<\/div>\n\t\t\t\t<\/div>\n\t\t\t\t<\/div>\n\t\t","protected":false},"excerpt":{"rendered":"<p>Na\u0161e poslanie Na\u0161\u00edm poslan\u00edm je premeni\u0165 \u0161t\u00fadium jazykov na vzru\u0161uj\u00face dobrodru\u017estvo pre ka\u017ed\u00e9ho, kdeko\u013evek na svete! Na\u0161a aplik\u00e1cia na b\u00e1ze flashkariet kombinuje silu rozlo\u017een\u00e9ho opakovania s re\u00e1lnymi pr\u00edkladmi z vide\u00ed a \u010dl\u00e1nkov, v\u010faka \u010domu je zvl\u00e1dnutie nov\u00e9ho jazyka z\u00e1bavn\u00e9, efekt\u00edvne a p\u00fatav\u00e9. O na\u0161ej spolo\u010dnosti Ke\u010f sa Petr Her\u00e1leck\u00fd rozhodol nau\u010di\u0165 portugal\u010dinu, nemohol n\u00e1js\u0165 \u017eiadnu [&hellip;]<\/p>\n","protected":false},"author":23,"featured_media":0,"parent":0,"menu_order":0,"comment_status":"closed","ping_status":"closed","template":"elementor_header_footer","meta":{"footnotes":""},"class_list":["post-9508","page","type-page","status-publish","hentry"],"aioseo_notices":[],"_links":{"self":[{"href":"https:\/\/duocards.com\/sk\/wp-json\/wp\/v2\/pages\/9508","targetHints":{"allow":["GET"]}}],"collection":[{"href":"https:\/\/duocards.com\/sk\/wp-json\/wp\/v2\/pages"}],"about":[{"href":"https:\/\/duocards.com\/sk\/wp-json\/wp\/v2\/types\/page"}],"author":[{"embeddable":true,"href":"https:\/\/duocards.com\/sk\/wp-json\/wp\/v2\/users\/23"}],"replies":[{"embeddable":true,"href":"https:\/\/duocards.com\/sk\/wp-json\/wp\/v2\/comments?post=9508"}],"version-history":[{"count":1,"href":"https:\/\/duocards.com\/sk\/wp-json\/wp\/v2\/pages\/9508\/revisions"}],"predecessor-version":[{"id":9509,"href":"https:\/\/duocards.com\/sk\/wp-json\/wp\/v2\/pages\/9508\/revisions\/9509"}],"wp:attachment":[{"href":"https:\/\/duocards.com\/sk\/wp-json\/wp\/v2\/media?parent=9508"}],"curies":[{"name":"wp","href":"https:\/\/api.w.org\/{rel}","templated":true}]}}