{"id":8473,"date":"2025-11-13T15:56:20","date_gmt":"2025-11-13T15:56:20","guid":{"rendered":"https:\/\/duocards.com\/senior-javascript-developer-brno\/"},"modified":"2025-11-25T14:51:39","modified_gmt":"2025-11-25T14:51:39","slug":"senior-javascript-developer-brno","status":"publish","type":"page","link":"https:\/\/duocards.com\/sk\/senior-javascript-developer-brno\/","title":{"rendered":"Senior Javascript Developer \/ Brno"},"content":{"rendered":"\t\t<div data-elementor-type=\"wp-page\" data-elementor-id=\"8473\" class=\"elementor elementor-8473 elementor-8386\" data-elementor-post-type=\"page\">\n\t\t\t\t<div class=\"elementor-element elementor-element-af6b52a e-flex e-con-boxed e-con e-parent\" data-id=\"af6b52a\" data-element_type=\"container\">\n\t\t\t\t\t<div class=\"e-con-inner\">\n\t\t\t\t<div class=\"elementor-element elementor-element-77a36aca elementor-widget elementor-widget-text-editor\" data-id=\"77a36aca\" data-element_type=\"widget\" data-widget_type=\"text-editor.default\">\n\t\t\t\t<div class=\"elementor-widget-container\">\n\t\t\t\t\t\t\t\t\t\n<p>Hey! Hey! Ciao! Hola!  <\/p>\n\n<p>We are a young startup from Brno and we have been developing a successful language app DuoCards for 5 years. We are well on our way to becoming one of the best apps for expanding vocabulary and we are looking for an experienced JS developer to join our team.  <\/p>\n\n<div class=\"wp-block-spacer\" style=\"height: 30px;\" aria-hidden=\"true\"> <\/div>\n\n<h3 class=\"wp-block-heading\">What technologies do we use?<\/h3>\n\n<ul class=\"wp-block-list\">\n<li>ReactJS<\/li>\n\n<li>NodeJS<\/li>\n\n<li>GraphQL<\/li>\n\n<li>PostgreSQL<\/li>\n<\/ul>\n\n<div class=\"wp-block-spacer\" style=\"height: 30px;\" aria-hidden=\"true\"> <\/div>\n\n<h3 class=\"wp-block-heading\">How we imagine you:<\/h3>\n\n<ul class=\"wp-block-list\">\n<li>You have senior development experience in ReactJS<\/li>\n\n<li>You&#8217;ll be happy with the clean code in Typescript<\/li>\n\n<li>You can perform tasks on both FE and BE<\/li>\n\n<li>Do you prefer long-term cooperation<\/li>\n\n<li>You can give us a minimum of 4 days a week, even better full-time<\/li>\n\n<li>You understand that it&#8217;s not just about work performance &#8211; the human side, and therefore regular personal contact, is important to us<\/li>\n<\/ul>\n\n<div class=\"wp-block-spacer\" style=\"height: 30px;\" aria-hidden=\"true\"> <\/div>\n\n<h3 class=\"wp-block-heading\">What we offer:<\/h3>\n\n<ul class=\"wp-block-list\">\n<li>Young team with a relaxed and open-minded approach<\/li>\n\n<li>Flexible working hours &#8211; some of us start at 8, some prefer to start at 11<\/li>\n\n<li>New office in the centre of Brno (Dominik\u00e1nsk\u00e9 n\u00e1m\u011bst\u00ed)<\/li>\n\n<li>Partial home office<\/li>\n\n<li>Budget for AI assistants<\/li>\n\n<li>Mini-gym and room for afternoon power-nap<\/li>\n\n<li>Shared parking space<\/li>\n\n<li>1x monthly contribution to a massage taking place in our premises<\/li>\n\n<li>Good coffee, tea, fruit and snacks<\/li>\n<\/ul>\n\n<div class=\"wp-block-spacer\" style=\"height: 30px;\" aria-hidden=\"true\"> <\/div>\n\n<p>Are you interested in the lines above? Send us your CV and a few sentences about yourself to hr@duocards.com! <\/p>\n\n<p> <\/p>\n\t\t\t\t\t\t\t\t<\/div>\n\t\t\t\t<\/div>\n\t\t\t\t\t<\/div>\n\t\t\t\t<\/div>\n\t\t\t\t<\/div>\n\t\t","protected":false},"excerpt":{"rendered":"<p>Hey! Hey! Ciao! Hola! We are a young startup from Brno and we have been developing a successful language app DuoCards for 5 years. We are well on our way to becoming one of the best apps for expanding vocabulary and we are looking for an experienced JS developer to join our team. What technologies [&hellip;]<\/p>\n","protected":false},"author":32,"featured_media":0,"parent":0,"menu_order":0,"comment_status":"closed","ping_status":"closed","template":"","meta":{"footnotes":""},"class_list":["post-8473","page","type-page","status-publish","hentry"],"aioseo_notices":[],"_links":{"self":[{"href":"https:\/\/duocards.com\/sk\/wp-json\/wp\/v2\/pages\/8473","targetHints":{"allow":["GET"]}}],"collection":[{"href":"https:\/\/duocards.com\/sk\/wp-json\/wp\/v2\/pages"}],"about":[{"href":"https:\/\/duocards.com\/sk\/wp-json\/wp\/v2\/types\/page"}],"author":[{"embeddable":true,"href":"https:\/\/duocards.com\/sk\/wp-json\/wp\/v2\/users\/32"}],"replies":[{"embeddable":true,"href":"https:\/\/duocards.com\/sk\/wp-json\/wp\/v2\/comments?post=8473"}],"version-history":[{"count":5,"href":"https:\/\/duocards.com\/sk\/wp-json\/wp\/v2\/pages\/8473\/revisions"}],"predecessor-version":[{"id":8478,"href":"https:\/\/duocards.com\/sk\/wp-json\/wp\/v2\/pages\/8473\/revisions\/8478"}],"wp:attachment":[{"href":"https:\/\/duocards.com\/sk\/wp-json\/wp\/v2\/media?parent=8473"}],"curies":[{"name":"wp","href":"https:\/\/api.w.org\/{rel}","templated":true}]}}