{"id":9611,"date":"2026-03-05T15:49:49","date_gmt":"2026-03-05T15:49:49","guid":{"rendered":"https:\/\/duocards.com\/ganhe-com-a-duocards\/"},"modified":"2026-03-06T15:14:49","modified_gmt":"2026-03-06T15:14:49","slug":"ganhe-com-a-duocards","status":"publish","type":"page","link":"https:\/\/duocards.com\/pt-br\/ganhe-com-a-duocards\/","title":{"rendered":"Ganhe com a DuoCards"},"content":{"rendered":"\t\t<div data-elementor-type=\"wp-page\" data-elementor-id=\"9611\" class=\"elementor elementor-9611 elementor-9581\" data-elementor-post-type=\"page\">\n\t\t\t\t<div class=\"elementor-element elementor-element-ad8ac02 e-flex e-con-boxed e-con e-parent\" data-id=\"ad8ac02\" data-element_type=\"container\" data-e-type=\"container\" data-settings=\"{&quot;background_background&quot;:&quot;classic&quot;}\">\n\t\t\t\t\t<div class=\"e-con-inner\">\n\t\t<div class=\"elementor-element elementor-element-1d4aed2b e-con-full e-flex e-con e-child\" data-id=\"1d4aed2b\" data-element_type=\"container\" data-e-type=\"container\">\n\t\t\t\t<div class=\"elementor-element elementor-element-26bc846d elementor-widget elementor-widget-heading\" data-id=\"26bc846d\" data-element_type=\"widget\" data-e-type=\"widget\" data-widget_type=\"heading.default\">\n\t\t\t\t<div class=\"elementor-widget-container\">\n\t\t\t\t\t<h1 class=\"elementor-heading-title elementor-size-default\">Ajude outras pessoas a aprender com DuoCards e seja recompensado<\/h1>\t\t\t\t<\/div>\n\t\t\t\t<\/div>\n\t\t\t\t<div class=\"elementor-element elementor-element-85521ba elementor-widget elementor-widget-text-editor\" data-id=\"85521ba\" data-element_type=\"widget\" data-e-type=\"widget\" data-widget_type=\"text-editor.default\">\n\t\t\t\t<div class=\"elementor-widget-container\">\n\t\t\t\t\t\t\t\t\t<p>Voc\u00ea ensina idiomas, escreve um blog, administra um canal de m\u00eddia social ou simplesmente adora nosso aplicativo? Voc\u00ea pode ganhar dinheiro recomendando a DuoCards para outras pessoas. <\/p>\t\t\t\t\t\t\t\t<\/div>\n\t\t\t\t<\/div>\n\t\t\t\t<\/div>\n\t\t<div class=\"elementor-element elementor-element-3fe29a8 e-con-full e-flex e-con e-child\" data-id=\"3fe29a8\" data-element_type=\"container\" data-e-type=\"container\">\n\t\t\t\t<div class=\"elementor-element elementor-element-3600b1d2 elementor-widget elementor-widget-image\" data-id=\"3600b1d2\" data-element_type=\"widget\" data-e-type=\"widget\" data-widget_type=\"image.default\">\n\t\t\t\t<div class=\"elementor-widget-container\">\n\t\t\t\t\t\t\t\t\t\t\t\t\t\t\t<img fetchpriority=\"high\" decoding=\"async\" width=\"607\" height=\"607\" src=\"https:\/\/duocards.com\/wp-content\/uploads\/2026\/03\/mammoth-without-background.png\" class=\"attachment-large size-large wp-image-9614\" alt=\"\" srcset=\"https:\/\/duocards.com\/wp-content\/uploads\/2026\/03\/mammoth-without-background.png 607w, https:\/\/duocards.com\/wp-content\/uploads\/2026\/03\/mammoth-without-background-300x300.png 300w, https:\/\/duocards.com\/wp-content\/uploads\/2026\/03\/mammoth-without-background-150x150.png 150w, https:\/\/duocards.com\/wp-content\/uploads\/2026\/03\/mammoth-without-background-70x70.png 70w\" sizes=\"(max-width: 607px) 100vw, 607px\" \/>\t\t\t\t\t\t\t\t\t\t\t\t\t\t\t<\/div>\n\t\t\t\t<\/div>\n\t\t\t\t<\/div>\n\t\t\t\t\t<\/div>\n\t\t\t\t<\/div>\n\t\t<div class=\"elementor-element elementor-element-315ee3e e-flex e-con-boxed e-con e-parent\" data-id=\"315ee3e\" data-element_type=\"container\" data-e-type=\"container\">\n\t\t\t\t\t<div class=\"e-con-inner\">\n\t\t\t\t<div class=\"elementor-element elementor-element-c0301dd elementor-widget elementor-widget-text-editor\" data-id=\"c0301dd\" data-element_type=\"widget\" data-e-type=\"widget\" data-widget_type=\"text-editor.default\">\n\t\t\t\t<div class=\"elementor-widget-container\">\n\t\t\t\t\t\t\t\t\t<p data-start=\"476\" data-end=\"609\">Compartilhe seu link exclusivo de afiliado e receba uma comiss\u00e3o quando algu\u00e9m entrar na DuoCards por meio do seu link e comprar uma assinatura.<\/p>\n<p data-start=\"611\" data-end=\"680\">\u00c9 simples, transparente e aberto a qualquer pessoa com uma conta DuoCards.<\/p>\n<p data-start=\"611\" data-end=\"680\"> <\/p>\n<h2 data-start=\"687\" data-end=\"702\">Como funciona<\/h2>\n<h4 data-start=\"704\" data-end=\"730\">1. Obtenha seu link promocional<\/h4>\n<p data-start=\"731\" data-end=\"870\">Ative o programa de afiliados em sua conta da DuoCards.<br data-start=\"787\" data-end=\"790\">Voc\u00ea receber\u00e1 um <strong data-start=\"809\" data-end=\"830\">link promocional exclusivo<\/strong> que rastrear\u00e1 os usu\u00e1rios que se inscreverem por meio de voc\u00ea.<\/p>\n<h4 data-start=\"872\" data-end=\"893\">2. Compartilhar DuoCards<\/h4>\n<p data-start=\"894\" data-end=\"1011\">Publique o link nas m\u00eddias sociais, no seu site, blog, canal do YouTube ou envie-o diretamente para seus alunos ou amigos.<\/p>\n<h4 data-start=\"1013\" data-end=\"1035\">3. Ganhar comiss\u00e3o<\/h4>\n<p data-start=\"1036\" data-end=\"1154\">Quando algu\u00e9m se inscreve por meio do seu link e compra uma assinatura, voc\u00ea ganha 50% de comiss\u00e3o do primeiro pagamento.<\/p>\n<p data-start=\"1036\" data-end=\"1154\"> <\/p>\n<h2 data-start=\"2070\" data-end=\"2084\">Comece<\/h2>\n<p data-start=\"2086\" data-end=\"2150\">Voc\u00ea pode ativar o programa de afiliados diretamente em sua conta.<\/p>\n<p data-start=\"2152\" data-end=\"2197\"><strong data-start=\"2152\" data-end=\"2162\">Acesse:<\/strong><br data-start=\"2162\" data-end=\"2165\">Conta \u2192 <strong data-start=\"2175\" data-end=\"2197\">Ganhe com DuoCards<\/strong><\/p>\n<p data-start=\"2199\" data-end=\"2289\">Ap\u00f3s a ativa\u00e7\u00e3o, voc\u00ea receber\u00e1 seu link promocional exclusivo e poder\u00e1 come\u00e7ar a compartilhar imediatamente.<\/p>\n<p data-start=\"2199\" data-end=\"2289\"> <\/p>\n<p data-start=\"2199\" data-end=\"2289\"> <\/p>\n<p data-start=\"2488\" data-end=\"2566\">Ao ativar o programa de afiliados, voc\u00ea concorda com nosso <a href=\"https:\/\/duocards.com\/en\/affiliate-agreement\/\">Contrato de Afiliados<\/a>.<\/p>\t\t\t\t\t\t\t\t<\/div>\n\t\t\t\t<\/div>\n\t\t\t\t\t<\/div>\n\t\t\t\t<\/div>\n\t\t\t\t<\/div>\n\t\t","protected":false},"excerpt":{"rendered":"<p>Ajude outras pessoas a aprender com DuoCards e seja recompensado Voc\u00ea ensina idiomas, escreve um blog, administra um canal de m\u00eddia social ou simplesmente adora nosso aplicativo? Voc\u00ea pode ganhar dinheiro recomendando a DuoCards para outras pessoas. Compartilhe seu link exclusivo de afiliado e receba uma comiss\u00e3o quando algu\u00e9m entrar na DuoCards por meio do [&hellip;]<\/p>\n","protected":false},"author":32,"featured_media":0,"parent":0,"menu_order":0,"comment_status":"closed","ping_status":"closed","template":"elementor_header_footer","meta":{"footnotes":""},"class_list":["post-9611","page","type-page","status-publish","hentry"],"aioseo_notices":[],"_links":{"self":[{"href":"https:\/\/duocards.com\/pt-br\/wp-json\/wp\/v2\/pages\/9611","targetHints":{"allow":["GET"]}}],"collection":[{"href":"https:\/\/duocards.com\/pt-br\/wp-json\/wp\/v2\/pages"}],"about":[{"href":"https:\/\/duocards.com\/pt-br\/wp-json\/wp\/v2\/types\/page"}],"author":[{"embeddable":true,"href":"https:\/\/duocards.com\/pt-br\/wp-json\/wp\/v2\/users\/32"}],"replies":[{"embeddable":true,"href":"https:\/\/duocards.com\/pt-br\/wp-json\/wp\/v2\/comments?post=9611"}],"version-history":[{"count":1,"href":"https:\/\/duocards.com\/pt-br\/wp-json\/wp\/v2\/pages\/9611\/revisions"}],"predecessor-version":[{"id":9615,"href":"https:\/\/duocards.com\/pt-br\/wp-json\/wp\/v2\/pages\/9611\/revisions\/9615"}],"wp:attachment":[{"href":"https:\/\/duocards.com\/pt-br\/wp-json\/wp\/v2\/media?parent=9611"}],"curies":[{"name":"wp","href":"https:\/\/api.w.org\/{rel}","templated":true}]}}