{"id":9486,"date":"2023-02-13T15:14:51","date_gmt":"2023-02-13T15:14:51","guid":{"rendered":"https:\/\/duocards.com\/imprensa\/"},"modified":"2026-01-16T16:18:30","modified_gmt":"2026-01-16T16:18:30","slug":"imprensa","status":"publish","type":"page","link":"https:\/\/duocards.com\/pt-br\/imprensa\/","title":{"rendered":"Imprensa"},"content":{"rendered":"\t\t<div data-elementor-type=\"wp-page\" data-elementor-id=\"9486\" class=\"elementor elementor-9486 elementor-3305\" data-elementor-post-type=\"page\">\n\t\t\t\t<div class=\"elementor-element elementor-element-019e7d8 e-flex e-con-boxed e-con e-parent\" data-id=\"019e7d8\" data-element_type=\"container\" data-e-type=\"container\">\n\t\t\t\t\t<div class=\"e-con-inner\">\n\t\t\t\t<div class=\"elementor-element elementor-element-a09977d elementor-widget elementor-widget-text-editor\" data-id=\"a09977d\" data-element_type=\"widget\" data-e-type=\"widget\" data-widget_type=\"text-editor.default\">\n\t\t\t\t<div class=\"elementor-widget-container\">\n\t\t\t\t\t\t\t\t\t<h2 class=\"wp-block-heading\">Nossa miss\u00e3o<\/h2><p>Temos a miss\u00e3o de transformar o aprendizado de idiomas em uma aventura emocionante para todos, em qualquer lugar do mundo!<\/p><p>Nosso aplicativo baseado em flashcards combina o poder da repeti\u00e7\u00e3o espa\u00e7ada com exemplos reais de v\u00eddeos e artigos, tornando o dom\u00ednio de um novo idioma divertido, eficaz e envolvente.<\/p><div class=\"wp-block-spacer\" style=\"height: 41px;\" aria-hidden=\"true\"> <\/div><h2 class=\"wp-block-heading\">Sobre nossa empresa<\/h2><p>Quando Petr Her\u00e1leck\u00fd decidiu aprender portugu\u00eas, ele n\u00e3o conseguiu encontrar um \u00fanico aplicativo que o ajudasse a aprender um novo vocabul\u00e1rio de forma eficaz e divertida.<\/p><p>Ent\u00e3o, ele construiu o seu pr\u00f3prio.<\/p><p>Em 2020, ap\u00f3s um ano de desenvolvimento, Petr conheceu Radim Poloch em um curso de kitesurf e, juntos, eles criaram a DuoCards como voc\u00ea a conhece agora.<\/p><p>Hoje, o aplicativo tem mais de 5 milh\u00f5es de downloads!<\/p><p>Nossa equipe trabalha em Brno, o vibrante centro de tecnologia da Rep\u00fablica Tcheca.<\/p><p>Em dezembro de 2023, a DuoCards recebeu um investimento do fundo de capital de risco dom\u00e9stico N1. A inje\u00e7\u00e3o de fundos \u00e9 usada para desenvolver recursos adicionais do aplicativo e marketing focado nos EUA e no mercado global. <\/p><div class=\"wp-block-spacer\" style=\"height: 40px;\" aria-hidden=\"true\"> <\/div><figure class=\"wp-block-image size-large\"><img fetchpriority=\"high\" decoding=\"async\" width=\"1024\" height=\"683\" class=\"wp-image-4585\" title=\"\" src=\"https:\/\/duocards.com\/wp-content\/uploads\/2024\/10\/DuoCards-1024x683.webp\" alt=\"\" srcset=\"https:\/\/duocards.com\/wp-content\/uploads\/2024\/10\/DuoCards-1024x683.webp 1024w, https:\/\/duocards.com\/wp-content\/uploads\/2024\/10\/DuoCards-300x200.webp 300w, https:\/\/duocards.com\/wp-content\/uploads\/2024\/10\/DuoCards-768x512.webp 768w, https:\/\/duocards.com\/wp-content\/uploads\/2024\/10\/DuoCards.webp 1170w\" sizes=\"(max-width: 1024px) 100vw, 1024px\" \/><\/figure><div class=\"wp-block-spacer\" style=\"height: 40px;\" aria-hidden=\"true\"> <\/div><h2 class=\"wp-block-heading\">Aprenda idiomas com a DuoCards!<\/h2><p>O aplicativo da DuoCards est\u00e1 pronto para voc\u00ea explorar! Baixe-o agora na <a href=\"https:\/\/apps.apple.com\/us\/app\/duocards-learning-decks\/id1508159917\">AppStore<\/a> e no <a href=\"https:\/\/play.google.com\/store\/apps\/details?id=com.duocards.app&amp;referrer=website&amp;pli=1\">GooglePlay<\/a>, ou experimente-o em seu <a href=\"https:\/\/app.duocards.com\/\">navegador da Web<\/a> ou na <a href=\"https:\/\/chrome.google.com\/webstore\/detail\/duocards\/bgojhcbkjlloemicdchpifpnbcjiijmd\">extens\u00e3o do Chrome<\/a>. <\/p><div class=\"numbers gradient-section\"><div class=\"number-item\"><span class=\"numbers-big gradient-text\">5M+ <\/span><br><span class=\"numbers-small gradient-text\">downloads<\/span><\/div><div class=\"number-item\"><span class=\"numbers-big gradient-text\">100+ <\/span><br><span class=\"numbers-small gradient-text\">idiomas<\/span><\/div><div class=\"number-item\"><span class=\"numbers-big gradient-text\">189 <\/span><br><span class=\"numbers-small gradient-text\">pa\u00edses usu\u00e1rios<\/span><\/div><\/div><div class=\"wp-block-spacer\" style=\"height: 40px;\" aria-hidden=\"true\"> <\/div><h2 class=\"wp-block-heading\">O que torna nosso aplicativo especial?<\/h2><div class=\"what-makes-app-special\"><div><h5><strong>Conte\u00fado de aprendizado pronto<\/strong><\/h5><p>Voc\u00ea n\u00e3o precisa mais procurar! Oferecemos uma rica biblioteca de v\u00eddeos e artigos, e voc\u00ea pode at\u00e9 adicionar seus pr\u00f3prios materiais favoritos. <\/p><\/div><div><h5><strong>Desenvolvimento de habilidades em um s\u00f3 lugar<\/strong><\/h5><p>Amplie seu vocabul\u00e1rio e melhore suas habilidades de leitura e compreens\u00e3o oral.<\/p><\/div><div><h5><strong>Aumento de mem\u00f3ria inteligente<\/strong><\/h5><p>Nosso poderoso Sistema de Repeti\u00e7\u00e3o Espa\u00e7ada (SRS) ajuda voc\u00ea a se lembrar das palavras a longo prazo.<\/p><\/div><div><h5><strong>Cria\u00e7\u00e3o f\u00e1cil de flashcards<\/strong><\/h5><p>Crie rapidamente cart\u00f5es personalizados com apenas alguns cliques.<\/p><\/div><div><h5><strong>Gamifica\u00e7\u00e3o envolvente<\/strong><\/h5><p>Cultive seu car\u00e1ter Memo \u00e0 medida que voc\u00ea progride, tornando o aprendizado altamente motivador.<\/p><\/div><div><h5><strong>Tradutor embutido<\/strong><\/h5><p>Traduza palavras instantaneamente sem sair do aplicativo.<\/p><\/div><div><h5><strong>Extens\u00e3o do navegador<\/strong><\/h5><p>Crie flashcards sem esfor\u00e7o a partir de qualquer p\u00e1gina da Web em seu computador ou telefone.<\/p><\/div><\/div><div id=\"simple-translate\" class=\"simple-translate-system-theme\"><div><div class=\"simple-translate-button isShow\" style=\"background-image: url('moz-extension:\/\/8adc35c9-43da-49db-9981-61d1336af553\/icons\/512.png'); height: 22px; width: 22px; top: 317px; left: 111px;\"> <\/div><div class=\"simple-translate-panel \" style=\"width: 300px; height: 200px; top: 0px; left: 0px; font-size: 13px;\"><div class=\"simple-translate-result-wrapper\" style=\"overflow: hidden;\"><div class=\"simple-translate-move\" draggable=\"true\"> <\/div><div class=\"simple-translate-result-contents\"><p class=\"simple-translate-candidate\" dir=\"auto\"> <\/p><\/div><\/div><\/div><\/div><\/div>\t\t\t\t\t\t\t\t<\/div>\n\t\t\t\t<\/div>\n\t\t\t\t\t<\/div>\n\t\t\t\t<\/div>\n\t\t<div class=\"elementor-element elementor-element-1c90021 e-con-full e-flex e-con e-parent\" data-id=\"1c90021\" data-element_type=\"container\" data-e-type=\"container\" data-settings=\"{&quot;background_background&quot;:&quot;classic&quot;}\">\n\t\t\t\t<div class=\"elementor-element elementor-element-d0da76a elementor-widget__width-initial elementor-widget elementor-widget-text-editor\" data-id=\"d0da76a\" data-element_type=\"widget\" data-e-type=\"widget\" data-widget_type=\"text-editor.default\">\n\t\t\t\t<div class=\"elementor-widget-container\">\n\t\t\t\t\t\t\t\t\t<h2 class=\"wp-block-heading\">DuoCards nas not\u00edcias<\/h2><div class=\"duocards-boxes\"><div><a href=\"https:\/\/money.com\/best-language-learning-software\/\" target=\"_blank\" rel=\"noopener nofollow\">Melhor software de aprendizado de idiomas para 2022<\/a> &#8211; Money.com<\/div><div><a href=\"https:\/\/www.lidovky.cz\/pr\/sdeleni-komercni\/3-kroky-se-kterymi-posunete-sve-znalosti-cizich-jazyku-o-uroven-vys.A200918_135124_komercni-sdeleni_jedli\" target=\"_blank\" rel=\"noopener nofollow\">3 jogos, se voc\u00ea quiser, pode usar o servi\u00e7o de transporte p\u00fablico<\/a> &#8211; Lidovky.cz<\/div><div><a title=\"Pom\u00e1h\u00e1 s u\u010den\u00edm stovky jazyk\u016f, st\u00e1hly si ji u\u017e dva miliony lid\u00ed. Voc\u00ea \u00e9 um investidor de aplicativos que pode investir\" href=\"https:\/\/cc.cz\/pomaha-s-ucenim-stovky-jazyku-stahly-si-ji-uz-dva-miliony-lidi-ceskou-aplikaci-ted-podporil-investor\/\" target=\"_blank\" rel=\"noopener nofollow\">Pom\u00e1h\u00e1 s u\u010den\u00edm stovky jazyk\u016f, st\u00e1hly si ji u\u017e dva miliony lid\u00ed. Voc\u00ea \u00e9 um investidor de aplicativos que pode investir <\/a>  &#8211; CzechCrunch.cz<\/div><div><a title=\"Voc\u00ea pode se sentir \u00e0 vontade para fazer isso. A \u010cesk\u00e9 DuoCards oferece 15 milh\u00f5es de coroas do N1\" href=\"https:\/\/roklen24.cz\/?quick_news=naucte-se-cizi-jazyk-snadno-a-hrave-ceske-duocards-ziskava-15-milionu-korun-od-n1\" target=\"_blank\" rel=\"noopener nofollow\">Voc\u00ea pode se sentir \u00e0 vontade para fazer isso. A \u010cesk\u00e9 DuoCards oferece 15 milh\u00f5es de coroas do N1 <\/a>  &#8211; Roklen24.cz<\/div><div><a title=\"Voc\u00ea pode usar a IA como uma ferramenta de controle. Os DuoCards da \u010cesk\u00e9 s\u00e3o vendidos por 15 milh\u00f5es de coroas do N1\" href=\"https:\/\/aicrunch.cz\/s-ucenim-se-ciziho-jazyka-pomuze-ai-ceske-duocards-ziskava-15-milionu-korun-od-n1\/\" target=\"_blank\" rel=\"noopener nofollow\">Voc\u00ea pode usar a IA como uma ferramenta de controle. Os DuoCards da \u010cesk\u00e9 s\u00e3o vendidos por 15 milh\u00f5es de coroas do N1 <\/a>  &#8211; AICrunch.cz<\/div><div><a title=\"Nossos aplicativos favoritos para aprender idiomas (e um tradutor de bolso)\" href=\"https:\/\/www.wired.com\/gallery\/best-language-learning-apps\/\" target=\"_blank\" rel=\"noopener nofollow\">Nossos aplicativos favoritos para aprender idiomas (e um tradutor de bolso)<\/a> &#8211; Wired.com<\/div><div><a title=\"Voc\u00ea est\u00e1 aprendendo um novo idioma? Estes s\u00e3o os melhores aplicativos gratuitos que existem\" href=\"https:\/\/www.thetravel.com\/best-free-language-apps\/\" target=\"_blank\" rel=\"noopener nofollow\">Voc\u00ea est\u00e1 aprendendo um novo idioma? Estes s\u00e3o os melhores aplicativos gratuitos que existem <\/a>  &#8211; TheTravel.com<\/div><div><a href=\"https:\/\/www.fluentu.com\/blog\/learn\/language-flashcards-app\/\" target=\"_blank\" rel=\"noreferrer noopener\">Os 10 melhores aplicativos de cart\u00f5es de mem\u00f3ria para idiomas [Atualizado para 2024]<\/a> &#8211; FluentU.com<\/div><\/div><div class=\"wp-block-spacer\" aria-hidden=\"true\"> <\/div><div aria-hidden=\"true\"> <\/div><div aria-hidden=\"true\"><h2 class=\"wp-block-heading\">Coment\u00e1rios<\/h2><div class=\"duocards-boxes\"><div><a title=\"Aprenda franc\u00eas mais r\u00e1pido com a DuoCards\" href=\"https:\/\/learnfrenchwithalexa.com\/blog\/learn-french-faster-with-duocards\" target=\"_blank\" rel=\"noopener nofollow\">Aprenda franc\u00eas mais r\u00e1pido com DuoCards<\/a> &#8211; LearnFrenchWithAlexa.com<\/div><div><a title=\"DuoCards: aplicativo ideal para voc\u00ea?\" href=\"https:\/\/jazykovymentoring.sk\/blog\/aplikacia-duocards\/\" target=\"_blank\" rel=\"noopener nofollow\">DuoCards: aplicativo ideal para voc\u00ea?<\/a>  &#8211; Jazykov\u00fdMentoring.sk<\/div><div><a title=\"O DuoCards \u00e9 um aplicativo de cart\u00f5es de mem\u00f3ria que usa a repeti\u00e7\u00e3o espa\u00e7ada para o aprendizado de idiomas\" href=\"https:\/\/thelearningcounsel.com\/articles\/app-of-the-week\/duocards-is-a-flashcard-app-that-uses-spaced-repetition-for-language-learning\/\" target=\"_blank\" rel=\"noopener nofollow\">DuoCards \u00e9 um aplicativo de cart\u00f5es de mem\u00f3ria que usa a repeti\u00e7\u00e3o espa\u00e7ada para o aprendizado de idiomas<\/a> &#8211; TheLearningCounsel.com<\/div><div><a title=\"Revis\u00e3o da DuoCards (2024): Aprendizagem de idiomas com Flashcards do Construtor de Vocabul\u00e1rio + Repeti\u00e7\u00e3o Espa\u00e7ada\" href=\"https:\/\/effortlessconversations.com\/language-product-reviews\/duocards-review\/\" target=\"_blank\" rel=\"noopener nofollow\">Revis\u00e3o da DuoCards (2024): Aprendizagem de idiomas com flashcards de constru\u00e7\u00e3o de vocabul\u00e1rio + repeti\u00e7\u00e3o espa\u00e7ada<\/a> &#8211; EffortlessConversation.com<\/div><div><a title=\"Voc\u00ea est\u00e1 procurando por um novo aplicativo para DuoCards?\" href=\"https:\/\/androidaplikace.cz\/index.php\/2023\/03\/naucte-se-novy-jazyk-a-uzijte-si-to-s-aplikaci-duocards\/\" target=\"_blank\" rel=\"noopener nofollow\">Voc\u00ea est\u00e1 procurando um novo aplicativo para DuoCards<\/a> &#8211; AndroidAplikace.cz<\/div><\/div><div class=\"wp-block-spacer\" aria-hidden=\"true\"> <\/div><\/div>\t\t\t\t\t\t\t\t<\/div>\n\t\t\t\t<\/div>\n\t\t\t\t<\/div>\n\t\t<div class=\"elementor-element elementor-element-dc35cd5 e-flex e-con-boxed e-con e-parent\" data-id=\"dc35cd5\" data-element_type=\"container\" data-e-type=\"container\">\n\t\t\t\t\t<div class=\"e-con-inner\">\n\t\t\t\t<div class=\"elementor-element elementor-element-68cfc4c elementor-widget elementor-widget-text-editor\" data-id=\"68cfc4c\" data-element_type=\"widget\" data-e-type=\"widget\" data-widget_type=\"text-editor.default\">\n\t\t\t\t<div class=\"elementor-widget-container\">\n\t\t\t\t\t\t\t\t\t<div aria-hidden=\"true\">\n<h2 class=\"wp-block-heading\">Kit de imprensa<\/h2>\n<p>Baixe nossa ficha t\u00e9cnica, logotipos, capturas de tela do aplicativo e muito mais!<\/p>\n<p> <\/p>\n<div class=\"wp-block-buttons\">\n<div class=\"wp-block-button\"><a class=\"elementor-button wp-block-button__link wp-element-button\" href=\"https:\/\/drive.google.com\/drive\/folders\/15f6z936t9s2Npr7pP0hUb_kKfwoM_nIT?usp=sharing\" target=\"_blank\" rel=\"noreferrer noopener\">Fa\u00e7a o download do kit de imprensa<\/a><\/div>\n<\/div>\n<\/div>\n<div class=\"wp-block-spacer\" aria-hidden=\"true\"> <\/div>\n<div aria-hidden=\"true\"> <\/div>\n<h2 class=\"wp-block-heading\">Entre em contato conosco<\/h2>\n<p>Para consultas sobre m\u00eddia ou parcerias, entre em contato conosco pelo e-mail: <a href=\"mailto:pr@duocards.com\">pr@duocards.com<\/a><\/p>\t\t\t\t\t\t\t\t<\/div>\n\t\t\t\t<\/div>\n\t\t\t\t\t<\/div>\n\t\t\t\t<\/div>\n\t\t\t\t<\/div>\n\t\t","protected":false},"excerpt":{"rendered":"<p>Nossa miss\u00e3o Temos a miss\u00e3o de transformar o aprendizado de idiomas em uma aventura emocionante para todos, em qualquer lugar do mundo! Nosso aplicativo baseado em flashcards combina o poder da repeti\u00e7\u00e3o espa\u00e7ada com exemplos reais de v\u00eddeos e artigos, tornando o dom\u00ednio de um novo idioma divertido, eficaz e envolvente. Sobre nossa empresa Quando [&hellip;]<\/p>\n","protected":false},"author":23,"featured_media":0,"parent":0,"menu_order":0,"comment_status":"closed","ping_status":"closed","template":"elementor_header_footer","meta":{"footnotes":""},"class_list":["post-9486","page","type-page","status-publish","hentry"],"aioseo_notices":[],"_links":{"self":[{"href":"https:\/\/duocards.com\/pt-br\/wp-json\/wp\/v2\/pages\/9486","targetHints":{"allow":["GET"]}}],"collection":[{"href":"https:\/\/duocards.com\/pt-br\/wp-json\/wp\/v2\/pages"}],"about":[{"href":"https:\/\/duocards.com\/pt-br\/wp-json\/wp\/v2\/types\/page"}],"author":[{"embeddable":true,"href":"https:\/\/duocards.com\/pt-br\/wp-json\/wp\/v2\/users\/23"}],"replies":[{"embeddable":true,"href":"https:\/\/duocards.com\/pt-br\/wp-json\/wp\/v2\/comments?post=9486"}],"version-history":[{"count":1,"href":"https:\/\/duocards.com\/pt-br\/wp-json\/wp\/v2\/pages\/9486\/revisions"}],"predecessor-version":[{"id":9487,"href":"https:\/\/duocards.com\/pt-br\/wp-json\/wp\/v2\/pages\/9486\/revisions\/9487"}],"wp:attachment":[{"href":"https:\/\/duocards.com\/pt-br\/wp-json\/wp\/v2\/media?parent=9486"}],"curies":[{"name":"wp","href":"https:\/\/api.w.org\/{rel}","templated":true}]}}