{"id":9484,"date":"2023-02-13T15:14:51","date_gmt":"2023-02-13T15:14:51","guid":{"rendered":"https:\/\/duocards.com\/%e3%83%97%e3%83%ac%e3%82%b9\/"},"modified":"2026-01-16T16:18:19","modified_gmt":"2026-01-16T16:18:19","slug":"%e3%83%97%e3%83%ac%e3%82%b9","status":"publish","type":"page","link":"https:\/\/duocards.com\/ja\/%e3%83%97%e3%83%ac%e3%82%b9\/","title":{"rendered":"\u30d7\u30ec\u30b9"},"content":{"rendered":"\t\t<div data-elementor-type=\"wp-page\" data-elementor-id=\"9484\" class=\"elementor elementor-9484 elementor-3305\" data-elementor-post-type=\"page\">\n\t\t\t\t<div class=\"elementor-element elementor-element-019e7d8 e-flex e-con-boxed e-con e-parent\" data-id=\"019e7d8\" data-element_type=\"container\">\n\t\t\t\t\t<div class=\"e-con-inner\">\n\t\t\t\t<div class=\"elementor-element elementor-element-a09977d elementor-widget elementor-widget-text-editor\" data-id=\"a09977d\" data-element_type=\"widget\" data-widget_type=\"text-editor.default\">\n\t\t\t\t<div class=\"elementor-widget-container\">\n\t\t\t\t\t\t\t\t\t<h2 class=\"wp-block-heading\">\u79c1\u305f\u3061\u306e\u4f7f\u547d<\/h2><p>\u79c1\u305f\u3061\u306e\u4f7f\u547d\u306f\u3001\u8a9e\u5b66\u5b66\u7fd2\u3092\u3001\u4e16\u754c\u4e2d\u3069\u3053\u3067\u3082\u3001\u8ab0\u306b\u3068\u3063\u3066\u3082\u30a8\u30ad\u30b5\u30a4\u30c6\u30a3\u30f3\u30b0\u306a\u5192\u967a\u306b\u5909\u3048\u308b\u3053\u3068\u3067\u3059\uff01<\/p><p>\u30d5\u30e9\u30c3\u30b7\u30e5\u30ab\u30fc\u30c9\u30d9\u30fc\u30b9\u306e\u30a2\u30d7\u30ea\u306f\u3001\u30d3\u30c7\u30aa\u3084\u8a18\u4e8b\u304b\u3089\u5b9f\u969b\u306e\u4f8b\u6587\u3068\u9593\u9694\u3092\u3042\u3051\u3066\u53cd\u5fa9\u3059\u308b\u3053\u3068\u3067\u3001\u65b0\u3057\u3044\u8a00\u8a9e\u3092\u697d\u3057\u304f\u3001\u52b9\u679c\u7684\u306b\u3001\u9b45\u529b\u7684\u306b\u30de\u30b9\u30bf\u30fc\u3059\u308b\u3053\u3068\u304c\u3067\u304d\u307e\u3059\u3002<\/p><div class=\"wp-block-spacer\" style=\"height: 41px;\" aria-hidden=\"true\"> <\/div><h2 class=\"wp-block-heading\">\u4f1a\u793e\u6982\u8981<\/h2><p>\u30da\u30c8\u30eb\u30fb\u30d8\u30e9\u30ec\u30ad\u30fc\u304c\u30dd\u30eb\u30c8\u30ac\u30eb\u8a9e\u3092\u5b66\u307c\u3046\u3068\u3057\u305f\u3068\u304d\u3001\u65b0\u3057\u3044\u8a9e\u5f59\u3092\u52b9\u679c\u7684\u306b\u697d\u3057\u304f\u5b66\u3079\u308b\u30a2\u30d7\u30ea\u306f\u4e00\u3064\u3082\u898b\u3064\u304b\u3089\u306a\u304b\u3063\u305f\u3002<\/p><p>\u305d\u3053\u3067\u5f7c\u306f\u81ea\u5206\u3067\u4f5c\u3063\u305f\u3002<\/p><p>1\u5e74\u9593\u306e\u958b\u767a\u671f\u9593\u3092\u7d4c\u3066\u30012020\u5e74\u3001\u30da\u30c8\u30eb\u306f\u30ab\u30a4\u30c8\u30b5\u30fc\u30d5\u30a3\u30f3\u306e\u8b1b\u7fd2\u4f1a\u3067\u30e9\u30c7\u30a3\u30e0\u30fb\u30dd\u30ed\u30c3\u30db\u3068\u51fa\u4f1a\u3044\u3001\u73fe\u5728\u306e\u30c7\u30e5\u30aa\u30ab\u30fc\u30c9\u3092\u5171\u306b\u5275\u308a\u4e0a\u3052\u305f\u3002<\/p><p>\u73fe\u5728\u3001\u3053\u306e\u30a2\u30d7\u30ea\u306e\u30c0\u30a6\u30f3\u30ed\u30fc\u30c9\u6570\u306f500\u4e07\u3092\u8d85\u3048\u3066\u3044\u308b\uff01<\/p><p>\u79c1\u305f\u3061\u306e\u30c1\u30fc\u30e0\u306f\u3001\u30c1\u30a7\u30b3\u5171\u548c\u56fd\u306e\u6d3b\u6c17\u3042\u308b\u30c6\u30c3\u30af\u30fb\u30cf\u30d6\u3067\u3042\u308b\u30d6\u30eb\u30ce\u3067\u6d3b\u52d5\u3057\u3066\u3044\u307e\u3059\u3002<\/p><p>2023\u5e7412\u6708\u3001\u30c7\u30e5\u30aa\u30ab\u30fc\u30c9\u306f\u56fd\u5185\u30d9\u30f3\u30c1\u30e3\u30fc\u30ad\u30e3\u30d4\u30bf\u30eb\u30d5\u30a1\u30f3\u30c9N1\u304b\u3089\u51fa\u8cc7\u3092\u53d7\u3051\u305f\u3002\u3053\u306e\u8cc7\u91d1\u6ce8\u5165\u306f\u3001\u30a2\u30d7\u30ea\u306e\u8ffd\u52a0\u6a5f\u80fd\u306e\u958b\u767a\u3068\u3001\u7c73\u56fd\u304a\u3088\u3073\u4e16\u754c\u5e02\u5834\u306b\u7126\u70b9\u3092\u5f53\u3066\u305f\u30de\u30fc\u30b1\u30c6\u30a3\u30f3\u30b0\u306b\u4f7f\u7528\u3055\u308c\u308b\u3002 <\/p><div class=\"wp-block-spacer\" style=\"height: 40px;\" aria-hidden=\"true\"> <\/div><figure class=\"wp-block-image size-large\"><img fetchpriority=\"high\" decoding=\"async\" width=\"1024\" height=\"683\" class=\"wp-image-4585\" title=\"\" src=\"https:\/\/duocards.com\/wp-content\/uploads\/2024\/10\/DuoCards-1024x683.webp\" alt=\"\" srcset=\"https:\/\/duocards.com\/wp-content\/uploads\/2024\/10\/DuoCards-1024x683.webp 1024w, https:\/\/duocards.com\/wp-content\/uploads\/2024\/10\/DuoCards-300x200.webp 300w, https:\/\/duocards.com\/wp-content\/uploads\/2024\/10\/DuoCards-768x512.webp 768w, https:\/\/duocards.com\/wp-content\/uploads\/2024\/10\/DuoCards.webp 1170w\" sizes=\"(max-width: 1024px) 100vw, 1024px\" \/><\/figure><div class=\"wp-block-spacer\" style=\"height: 40px;\" aria-hidden=\"true\"> <\/div><h2 class=\"wp-block-heading\">\u30c7\u30e5\u30aa\u30ab\u30fc\u30c9\u3067\u8a9e\u5b66\u3092\u5b66\u3076\uff01<\/h2><p>DuoCards\u30a2\u30d7\u30ea\u3092\u305c\u3072\u304a\u8a66\u3057\u304f\u3060\u3055\u3044\uff01<a href=\"https:\/\/apps.apple.com\/us\/app\/duocards-learning-decks\/id1508159917\">AppStore<\/a>\u3084<a href=\"https:\/\/play.google.com\/store\/apps\/details?id=com.duocards.app&amp;referrer=website&amp;pli=1\">GooglePlay<\/a> \u3067\u4eca\u3059\u3050\u30c0\u30a6\u30f3\u30ed\u30fc\u30c9\u3059\u308b\u304b\u3001<a href=\"https:\/\/app.duocards.com\/\">\u30a6\u30a7\u30d6\u30d6\u30e9\u30a6\u30b6<\/a>\u3084<a href=\"https:\/\/chrome.google.com\/webstore\/detail\/duocards\/bgojhcbkjlloemicdchpifpnbcjiijmd\">Chrome \u62e1\u5f35\u6a5f\u80fd\u3067<\/a>\u304a\u8a66\u3057\u304f\u3060\u3055\u3044\u3002 <\/p><div class=\"numbers gradient-section\"><div class=\"number-item\"><span class=\"numbers-big gradient-text\">5M+ <\/span><br><span class=\"numbers-small gradient-text\">\u30c0\u30a6\u30f3\u30ed\u30fc\u30c9<\/span><\/div><div class=\"number-item\"><span class=\"numbers-big gradient-text\">100+ <\/span><br><span class=\"numbers-small gradient-text\">\u8a00\u8a9e<\/span><\/div><div class=\"number-item\"><span class=\"numbers-big gradient-text\">189 <\/span><br><span class=\"numbers-small gradient-text\">\u5229\u7528\u56fd<\/span><\/div><\/div><div class=\"wp-block-spacer\" style=\"height: 40px;\" aria-hidden=\"true\"> <\/div><h2 class=\"wp-block-heading\">\u30a2\u30d7\u30ea\u306e\u7279\u5fb4<\/h2><div class=\"what-makes-app-special\"><div><h5><strong>\u65e2\u88fd\u306e\u5b66\u7fd2\u30b3\u30f3\u30c6\u30f3\u30c4<\/strong><\/h5><p>\u3082\u3046\u691c\u7d22\u3059\u308b\u5fc5\u8981\u306f\u3042\u308a\u307e\u305b\u3093\uff01\u8c4a\u5bcc\u306a\u30d3\u30c7\u30aa\u3084\u8a18\u4e8b\u306e\u30e9\u30a4\u30d6\u30e9\u30ea\u30fc\u304c\u3042\u308a\u3001\u81ea\u5206\u306e\u304a\u6c17\u306b\u5165\u308a\u306e\u6559\u6750\u3092\u8ffd\u52a0\u3059\u308b\u3053\u3068\u3082\u3067\u304d\u307e\u3059\u3002 <\/p><\/div><div><h5><strong>\u30aa\u30fc\u30eb\u30fb\u30a4\u30f3\u30fb\u30ef\u30f3\u306e\u30b9\u30ad\u30eb\u958b\u767a<\/strong><\/h5><p>\u8aad\u89e3\u529b\u3068\u30ea\u30b9\u30cb\u30f3\u30b0\u529b\u3092\u9ad8\u3081\u306a\u304c\u3089\u3001\u8a9e\u5f59\u3092\u5897\u3084\u3057\u3066\u3044\u304d\u307e\u3057\u3087\u3046\u3002<\/p><\/div><div><h5><strong>\u30b9\u30de\u30fc\u30c8\u30fb\u30e1\u30e2\u30ea\u30fc\u30fb\u30d6\u30fc\u30b9\u30c8<\/strong><\/h5><p>\u79c1\u305f\u3061\u306e\u5f37\u529b\u306a\u9593\u9694\u53cd\u5fa9\u30b7\u30b9\u30c6\u30e0\uff08SRS\uff09\u306f\u3001\u5358\u8a9e\u3092\u9577\u671f\u7684\u306b\u8a18\u61b6\u3059\u308b\u306e\u306b\u5f79\u7acb\u3061\u307e\u3059\u3002<\/p><\/div><div><h5><strong>\u7c21\u5358\u30d5\u30e9\u30c3\u30b7\u30e5\u30ab\u30fc\u30c9\u4f5c\u6210<\/strong><\/h5><p>\u308f\u305a\u304b\u6570\u30af\u30ea\u30c3\u30af\u3067\u30ab\u30b9\u30bf\u30e0\u30ab\u30fc\u30c9\u3092\u7d20\u65e9\u304f\u4f5c\u6210\u3002<\/p><\/div><div><h5><strong>\u9b45\u529b\u7684\u306a\u30b2\u30fc\u30df\u30d5\u30a3\u30b1\u30fc\u30b7\u30e7\u30f3<\/strong><\/h5><p>\u4e0a\u9054\u3059\u308b\u306b\u3064\u308c\u3066\u30e1\u30e2\u30fb\u30ad\u30e3\u30e9\u30af\u30bf\u30fc\u304c\u80b2\u3061\u3001\u5b66\u7fd2\u610f\u6b32\u304c\u9ad8\u307e\u308a\u307e\u3059\u3002<\/p><\/div><div><h5><strong>\u5185\u8535\u7ffb\u8a33\u6a5f<\/strong><\/h5><p>\u30a2\u30d7\u30ea\u3092\u96e2\u308c\u308b\u3053\u3068\u306a\u304f\u3001\u77ac\u6642\u306b\u5358\u8a9e\u3092\u7ffb\u8a33\u3057\u307e\u3059\u3002<\/p><\/div><div><h5><strong>\u30d6\u30e9\u30a6\u30b6\u62e1\u5f35\u6a5f\u80fd<\/strong><\/h5><p>\u30d1\u30bd\u30b3\u30f3\u3084\u643a\u5e2f\u96fb\u8a71\u306e\u3069\u306e\u30a6\u30a7\u30d6\u30da\u30fc\u30b8\u304b\u3089\u3067\u3082\u7c21\u5358\u306b\u30d5\u30e9\u30c3\u30b7\u30e5\u30ab\u30fc\u30c9\u3092\u4f5c\u6210\u3067\u304d\u307e\u3059\u3002<\/p><\/div><\/div><div id=\"simple-translate\" class=\"simple-translate-system-theme\"><div><div class=\"simple-translate-button isShow\" style=\"background-image: url('moz-extension:\/\/8adc35c9-43da-49db-9981-61d1336af553\/icons\/512.png'); height: 22px; width: 22px; top: 317px; left: 111px;\"> <\/div><div class=\"simple-translate-panel \" style=\"width: 300px; height: 200px; top: 0px; left: 0px; font-size: 13px;\"><div class=\"simple-translate-result-wrapper\" style=\"overflow: hidden;\"><div class=\"simple-translate-move\" draggable=\"true\"> <\/div><div class=\"simple-translate-result-contents\"><p class=\"simple-translate-candidate\" dir=\"auto\"> <\/p><\/div><\/div><\/div><\/div><\/div>\t\t\t\t\t\t\t\t<\/div>\n\t\t\t\t<\/div>\n\t\t\t\t\t<\/div>\n\t\t\t\t<\/div>\n\t\t<div class=\"elementor-element elementor-element-1c90021 e-con-full e-flex e-con e-parent\" data-id=\"1c90021\" data-element_type=\"container\" data-settings=\"{&quot;background_background&quot;:&quot;classic&quot;}\">\n\t\t\t\t<div class=\"elementor-element elementor-element-d0da76a elementor-widget__width-initial elementor-widget elementor-widget-text-editor\" data-id=\"d0da76a\" data-element_type=\"widget\" data-widget_type=\"text-editor.default\">\n\t\t\t\t<div class=\"elementor-widget-container\">\n\t\t\t\t\t\t\t\t\t<h2 class=\"wp-block-heading\">\u30c7\u30e5\u30aa\u30ab\u30fc\u30c9\u306e\u30cb\u30e5\u30fc\u30b9<\/h2><div class=\"duocards-boxes\"><div><a href=\"https:\/\/money.com\/best-language-learning-software\/\" target=\"_blank\" rel=\"noopener nofollow\">2022\u5e74\u7248\u30d9\u30b9\u30c8\u8a9e\u5b66\u5b66\u7fd2\u30bd\u30d5\u30c8<\/a>&#8211; Money.com<\/div><div><a href=\"https:\/\/www.lidovky.cz\/pr\/sdeleni-komercni\/3-kroky-se-kterymi-posunete-sve-znalosti-cizich-jazyku-o-uroven-vys.A200918_135124_komercni-sdeleni_jedli\" target=\"_blank\" rel=\"noopener nofollow\">3 kroky, sese they posense sv\u00e9 znalosti ciz\u00edch jazyk\u016f o\u00farove\u0148 v\u00fd\u0161<\/a>&#8211; Lidovky.cz<\/div><div><a title=\"\u3053\u306e\u3088\u3046\u306a\u6295\u8cc7\u5bb6\u306e\u7686\u69d8\u306f\u3001\u6570\u767e\u4e07\u30c9\u30eb\u306e\u8cc7\u91d1\u3092\u5fc5\u8981\u3068\u3057\u3066\u3044\u307e\u3059\u3002\u30c1\u30a7\u30b3\u5171\u548c\u56fd\u306e\u6295\u8cc7\u5bb6\u306e\u7686\u69d8\u3078\" href=\"https:\/\/cc.cz\/pomaha-s-ucenim-stovky-jazyku-stahly-si-ji-uz-dva-miliony-lidi-ceskou-aplikaci-ted-podporil-investor\/\" target=\"_blank\" rel=\"noopener nofollow\">\u3053\u306e\u3088\u3046\u306a\u6295\u8cc7\u5bb6\u306e\u7686\u69d8\u306f\u3001\u6570\u767e\u4e07\u30c9\u30eb\u306e\u8cc7\u91d1\u3092\u5fc5\u8981\u3068\u3057\u3066\u3044\u307e\u3059\u3002\u30c1\u30a7\u30b3\u5171\u548c\u56fd\u306e\u6295\u8cc7\u5bb6\u306e\u7686\u69d8\u3078 <\/a> &#8211; \u30c1\u30a7\u30b3\u30af\u30e9\u30f3\u30c1<\/div><div><a title=\"\u3053\u306e\u30ab\u30fc\u30c9\u306f\u30011,500\u4e07\u30e6\u30fc\u30ed\u306eN1\u30c7\u30e5\u30aa\u30ab\u30fc\u30c9\u3067\u3059\u3002\u30c1\u30a7\u30b3\u30fb\u30c7\u30e5\u30aa\u30ab\u30fc\u30c9\u306fN1\u306b1,500\u4e07\u30c9\u30eb\u3092\u8ffd\u52a0\" href=\"https:\/\/roklen24.cz\/?quick_news=naucte-se-cizi-jazyk-snadno-a-hrave-ceske-duocards-ziskava-15-milionu-korun-od-n1\" target=\"_blank\" rel=\"noopener nofollow\">\u3053\u306e\u30ab\u30fc\u30c9\u306f\u30011,500\u4e07\u30e6\u30fc\u30ed\u306eN1\u30c7\u30e5\u30aa\u30ab\u30fc\u30c9\u3067\u3059\u3002\u30c1\u30a7\u30b3\u30fb\u30c7\u30e5\u30aa\u30ab\u30fc\u30c9\u306fN1\u306b1,500\u4e07\u30c9\u30eb\u3092\u8ffd\u52a0 <\/a> &#8211; Roklen24.cz<\/div><div><a title=\"AI\u3092\u6d3b\u7528\u3057\u305f\u65b0\u3057\u3044\u30d3\u30b8\u30cd\u30b9\u3002\u30c1\u30a7\u30b3\u306e\u30c7\u30e5\u30aa\u30ab\u30fc\u30c9\u304cN1\u306b1500\u4e07\u30c9\u30eb\u3092\u6295\u5165\" href=\"https:\/\/aicrunch.cz\/s-ucenim-se-ciziho-jazyka-pomuze-ai-ceske-duocards-ziskava-15-milionu-korun-od-n1\/\" target=\"_blank\" rel=\"noopener nofollow\">AI\u3092\u6d3b\u7528\u3057\u305f\u65b0\u3057\u3044\u30d3\u30b8\u30cd\u30b9\u3002\u30c1\u30a7\u30b3\u306e\u30c7\u30e5\u30aa\u30ab\u30fc\u30c9\u304cN1\u306b1500\u4e07\u30c9\u30eb\u3092\u6295\u5165 <\/a> &#8211; AICrunch.cz<\/div><div><a title=\"\u304a\u6c17\u306b\u5165\u308a\u306e\u8a9e\u5b66\u5b66\u7fd2\u30a2\u30d7\u30ea\uff08\u3068\u30dd\u30b1\u30c3\u30c8\u7ffb\u8a33\u6a5f\uff09\" href=\"https:\/\/www.wired.com\/gallery\/best-language-learning-apps\/\" target=\"_blank\" rel=\"noopener nofollow\">\u304a\u6c17\u306b\u5165\u308a\u306e\u8a9e\u5b66\u5b66\u7fd2\u30a2\u30d7\u30ea\uff08\u3068\u30dd\u30b1\u30c3\u30c8\u7ffb\u8a33\u6a5f\uff09<\/a>&#8211; Wired.com<\/div><div><a title=\"\u65b0\u3057\u3044\u8a00\u8a9e\u3092\u5b66\u3076\uff1f\u6700\u9ad8\u306e\u7121\u6599\u30a2\u30d7\u30ea\u306f\u3053\u308c\u3060\" href=\"https:\/\/www.thetravel.com\/best-free-language-apps\/\" target=\"_blank\" rel=\"noopener nofollow\">\u65b0\u3057\u3044\u8a00\u8a9e\u3092\u5b66\u3076\uff1f\u6700\u9ad8\u306e\u7121\u6599\u30a2\u30d7\u30ea\u306f\u3053\u308c\u3060 <\/a> &#8211; \u65c5\u884c.com<\/div><div><a href=\"https:\/\/www.fluentu.com\/blog\/learn\/language-flashcards-app\/\" target=\"_blank\" rel=\"noreferrer noopener\">\u8a9e\u5b66\u30d5\u30e9\u30c3\u30b7\u30e5\u30ab\u30fc\u30c9\u30a2\u30d7\u30ea\u30fb\u30d9\u30b9\u30c810\u30102024\u5e74\u6700\u65b0\u7248\u3011<\/a>&#8211; FluentU.com<\/div><\/div><div class=\"wp-block-spacer\" aria-hidden=\"true\"> <\/div><div aria-hidden=\"true\"> <\/div><div aria-hidden=\"true\"><h2 class=\"wp-block-heading\">\u30ec\u30d3\u30e5\u30fc<\/h2><div class=\"duocards-boxes\"><div><a title=\"\u30c7\u30e5\u30aa\u30ab\u30fc\u30c9\u3067\u30d5\u30e9\u30f3\u30b9\u8a9e\u3092\u3088\u308a\u901f\u304f\u5b66\u3076\" href=\"https:\/\/learnfrenchwithalexa.com\/blog\/learn-french-faster-with-duocards\" target=\"_blank\" rel=\"noopener nofollow\">\u30c7\u30e5\u30aa\u30ab\u30fc\u30c9\u3067\u30d5\u30e9\u30f3\u30b9\u8a9e\u3092\u3088\u308a\u901f\u304f\u5b66\u3076<\/a>&#8211; LearnFrenchWithAlexa.com<\/div><div><a title=\"DuoCards\uff1a\u30b9\u30ed\u30d0\u30ad\u30a2\u306e\u30a2\u30a4\u30c7\u30a2\u30a2\u30d7\u30ea\uff1f\" href=\"https:\/\/jazykovymentoring.sk\/blog\/aplikacia-duocards\/\" target=\"_blank\" rel=\"noopener nofollow\">DuoCards\uff1a\u30b9\u30ed\u30d0\u30ad\u30a2\u306e\u30a2\u30a4\u30c7\u30a2\u30a2\u30d7\u30ea\uff1f<\/a> &#8211; Jazykov\u00fd\u30e1\u30f3\u30bf\u30ea\u30f3\u30b0.sk<\/div><div><a title=\"DuoCards\u306f\u30d5\u30e9\u30c3\u30b7\u30e5\u30ab\u30fc\u30c9\u30a2\u30d7\u30ea\u3067\u3059\u3002\" href=\"https:\/\/thelearningcounsel.com\/articles\/app-of-the-week\/duocards-is-a-flashcard-app-that-uses-spaced-repetition-for-language-learning\/\" target=\"_blank\" rel=\"noopener nofollow\">DuoCards\u306f\u3001\u8a00\u8a9e\u5b66\u7fd2\u306b\u30b9\u30da\u30fc\u30b7\u30f3\u30b0\u30fb\u30ea\u30d4\u30fc\u30c8\u3092\u4f7f\u7528\u3059\u308b\u30d5\u30e9\u30c3\u30b7\u30e5\u30ab\u30fc\u30c9\u30a2\u30d7\u30ea<\/a>&#8211; TheLearningCounsel.com<\/div><div><a title=\"\u30c7\u30e5\u30aa\u30ab\u30fc\u30c9\u30fb\u30ec\u30d3\u30e5\u30fc (2024)\uff1a\u30dc\u30ad\u30e3\u30d6\u30e9\u30ea\u30fc\u30d3\u30eb\u30c0\u30fc\u30fb\u30d5\u30e9\u30c3\u30b7\u30e5\u30ab\u30fc\u30c9 + \u30b9\u30da\u30fc\u30b9\u30c9\u30fb\u30ea\u30d4\u30fc\u30c8\u3067\u8a9e\u5b66\u5b66\u7fd2\" href=\"https:\/\/effortlessconversations.com\/language-product-reviews\/duocards-review\/\" target=\"_blank\" rel=\"noopener nofollow\">\u30c7\u30e5\u30aa\u30ab\u30fc\u30c9\u306e\u30ec\u30d3\u30e5\u30fc (2024)\uff1a\u30dc\u30ad\u30e3\u30d6\u30e9\u30ea\u30fc\u30d3\u30eb\u30c0\u30fc\u30fb\u30d5\u30e9\u30c3\u30b7\u30e5\u30ab\u30fc\u30c9 + \u30b9\u30da\u30fc\u30b9\u30c9\u30fb\u30ea\u30d4\u30fc\u30c8\u3067\u8a9e\u5b66\u5b66\u7fd2<\/a>&#8211; EffortlessConversation.com<\/div><div><a title=\"DuoCards\u306e\u65b0\u3057\u3044\u30a2\u30d7\u30ea\u3092\u30c0\u30a6\u30f3\u30ed\u30fc\u30c9\u3057\u3066\u304f\u3060\u3055\u3044\u3002\" href=\"https:\/\/androidaplikace.cz\/index.php\/2023\/03\/naucte-se-novy-jazyk-a-uzijte-si-to-s-aplikaci-duocards\/\" target=\"_blank\" rel=\"noopener nofollow\">DuoCards\u30a2\u30d7\u30ea\u3092\u30c0\u30a6\u30f3\u30ed\u30fc\u30c9<\/a>&#8211; AndroidAplikace.cz<\/div><\/div><div class=\"wp-block-spacer\" aria-hidden=\"true\"> <\/div><\/div>\t\t\t\t\t\t\t\t<\/div>\n\t\t\t\t<\/div>\n\t\t\t\t<\/div>\n\t\t<div class=\"elementor-element elementor-element-dc35cd5 e-flex e-con-boxed e-con e-parent\" data-id=\"dc35cd5\" data-element_type=\"container\">\n\t\t\t\t\t<div class=\"e-con-inner\">\n\t\t\t\t<div class=\"elementor-element elementor-element-68cfc4c elementor-widget elementor-widget-text-editor\" data-id=\"68cfc4c\" data-element_type=\"widget\" data-widget_type=\"text-editor.default\">\n\t\t\t\t<div class=\"elementor-widget-container\">\n\t\t\t\t\t\t\t\t\t<div aria-hidden=\"true\">\n<h2 class=\"wp-block-heading\">\u30d7\u30ec\u30b9\u30ad\u30c3\u30c8<\/h2>\n<p>\u30d5\u30a1\u30af\u30c8\u30b7\u30fc\u30c8\u3001\u30ed\u30b4\u3001\u30a2\u30d7\u30ea\u306e\u30b9\u30af\u30ea\u30fc\u30f3\u30b7\u30e7\u30c3\u30c8\u306a\u3069\u3092\u30c0\u30a6\u30f3\u30ed\u30fc\u30c9\u3057\u3066\u304f\u3060\u3055\u3044\uff01<\/p>\n<p> <\/p>\n<div class=\"wp-block-buttons\">\n<div class=\"wp-block-button\"><a class=\"elementor-button wp-block-button__link wp-element-button\" href=\"https:\/\/drive.google.com\/drive\/folders\/15f6z936t9s2Npr7pP0hUb_kKfwoM_nIT?usp=sharing\" target=\"_blank\" rel=\"noreferrer noopener\">\u30d7\u30ec\u30b9\u30ad\u30c3\u30c8\u3092\u30c0\u30a6\u30f3\u30ed\u30fc\u30c9<\/a><\/div>\n<\/div>\n<\/div>\n<div class=\"wp-block-spacer\" aria-hidden=\"true\"> <\/div>\n<div aria-hidden=\"true\"> <\/div>\n<h2 class=\"wp-block-heading\">\u304a\u554f\u3044\u5408\u308f\u305b<\/h2>\n<p>\u30e1\u30c7\u30a3\u30a2\u3084\u30d1\u30fc\u30c8\u30ca\u30fc\u30b7\u30c3\u30d7\u306b\u95a2\u3059\u308b\u304a\u554f\u3044\u5408\u308f\u305b\u306f\u3001<a href=\"mailto:pr@duocards.com\">pr@duocards.com<\/a>\u307e\u3067\u3054\u9023\u7d61\u304f\u3060\u3055\u3044\u3002<\/p>\t\t\t\t\t\t\t\t<\/div>\n\t\t\t\t<\/div>\n\t\t\t\t\t<\/div>\n\t\t\t\t<\/div>\n\t\t\t\t<\/div>\n\t\t","protected":false},"excerpt":{"rendered":"<p>\u79c1\u305f\u3061\u306e\u4f7f\u547d \u79c1\u305f\u3061\u306e\u4f7f\u547d\u306f\u3001\u8a9e\u5b66\u5b66\u7fd2\u3092\u3001\u4e16\u754c\u4e2d\u3069\u3053\u3067\u3082\u3001\u8ab0\u306b\u3068\u3063\u3066\u3082\u30a8\u30ad\u30b5\u30a4\u30c6\u30a3\u30f3\u30b0\u306a\u5192\u967a\u306b\u5909\u3048\u308b\u3053\u3068\u3067\u3059\uff01 \u30d5\u30e9\u30c3\u30b7\u30e5\u30ab\u30fc\u30c9\u30d9\u30fc\u30b9\u306e\u30a2\u30d7\u30ea\u306f\u3001\u30d3\u30c7\u30aa\u3084\u8a18\u4e8b\u304b\u3089\u5b9f\u969b\u306e\u4f8b\u6587\u3068\u9593\u9694\u3092\u3042\u3051\u3066\u53cd\u5fa9\u3059\u308b\u3053\u3068\u3067\u3001\u65b0\u3057\u3044\u8a00\u8a9e\u3092\u697d\u3057\u304f [&hellip;]<\/p>\n","protected":false},"author":23,"featured_media":0,"parent":0,"menu_order":0,"comment_status":"closed","ping_status":"closed","template":"elementor_header_footer","meta":{"footnotes":""},"class_list":["post-9484","page","type-page","status-publish","hentry"],"aioseo_notices":[],"_links":{"self":[{"href":"https:\/\/duocards.com\/ja\/wp-json\/wp\/v2\/pages\/9484","targetHints":{"allow":["GET"]}}],"collection":[{"href":"https:\/\/duocards.com\/ja\/wp-json\/wp\/v2\/pages"}],"about":[{"href":"https:\/\/duocards.com\/ja\/wp-json\/wp\/v2\/types\/page"}],"author":[{"embeddable":true,"href":"https:\/\/duocards.com\/ja\/wp-json\/wp\/v2\/users\/23"}],"replies":[{"embeddable":true,"href":"https:\/\/duocards.com\/ja\/wp-json\/wp\/v2\/comments?post=9484"}],"version-history":[{"count":1,"href":"https:\/\/duocards.com\/ja\/wp-json\/wp\/v2\/pages\/9484\/revisions"}],"predecessor-version":[{"id":9485,"href":"https:\/\/duocards.com\/ja\/wp-json\/wp\/v2\/pages\/9484\/revisions\/9485"}],"wp:attachment":[{"href":"https:\/\/duocards.com\/ja\/wp-json\/wp\/v2\/media?parent=9484"}],"curies":[{"name":"wp","href":"https:\/\/api.w.org\/{rel}","templated":true}]}}