{"id":9488,"date":"2023-02-13T15:14:51","date_gmt":"2023-02-13T15:14:51","guid":{"rendered":"https:\/\/duocards.com\/stampa\/"},"modified":"2026-01-16T16:18:30","modified_gmt":"2026-01-16T16:18:30","slug":"stampa","status":"publish","type":"page","link":"https:\/\/duocards.com\/it\/stampa\/","title":{"rendered":"Stampa"},"content":{"rendered":"\t\t<div data-elementor-type=\"wp-page\" data-elementor-id=\"9488\" class=\"elementor elementor-9488 elementor-3305\" data-elementor-post-type=\"page\">\n\t\t\t\t<div class=\"elementor-element elementor-element-019e7d8 e-flex e-con-boxed e-con e-parent\" data-id=\"019e7d8\" data-element_type=\"container\">\n\t\t\t\t\t<div class=\"e-con-inner\">\n\t\t\t\t<div class=\"elementor-element elementor-element-a09977d elementor-widget elementor-widget-text-editor\" data-id=\"a09977d\" data-element_type=\"widget\" data-widget_type=\"text-editor.default\">\n\t\t\t\t<div class=\"elementor-widget-container\">\n\t\t\t\t\t\t\t\t\t<h2 class=\"wp-block-heading\">La nostra missione<\/h2><p>La nostra missione \u00e8 trasformare l&#8217;apprendimento delle lingue in un&#8217;avventura entusiasmante per tutti, ovunque nel mondo!<\/p><p>La nostra applicazione basata sulle flashcard combina la potenza della ripetizione distanziata con esempi reali tratti da video e articoli, rendendo la padronanza di una nuova lingua divertente, efficace e coinvolgente.<\/p><div class=\"wp-block-spacer\" style=\"height: 41px;\" aria-hidden=\"true\"> <\/div><h2 class=\"wp-block-heading\">Informazioni sulla nostra azienda<\/h2><p>Quando Petr Her\u00e1leck\u00fd ha deciso di imparare il portoghese, non \u00e8 riuscito a trovare un&#8217;app che lo aiutasse a imparare nuovi vocaboli in modo efficace e divertente.<\/p><p>Cos\u00ec, ne ha costruito uno tutto suo.<\/p><p>Nel 2020, dopo un anno di sviluppo, Petr ha incontrato Radim Poloch a un corso di kitesurf e insieme hanno creato DuoCards come la conosci ora.<\/p><p>Oggi l&#8217;app ha superato i 5 milioni di download!<\/p><p>Il nostro team opera da Brno, il vivace polo tecnologico della Repubblica Ceca.<\/p><p>Nel dicembre 2023 DuoCards ha ricevuto un investimento dal fondo nazionale di venture capital N1. L&#8217;iniezione di fondi viene utilizzata per lo sviluppo di ulteriori funzionalit\u00e0 dell&#8217;app e per il marketing incentrato sul mercato statunitense e globale. <\/p><div class=\"wp-block-spacer\" style=\"height: 40px;\" aria-hidden=\"true\"> <\/div><figure class=\"wp-block-image size-large\"><img fetchpriority=\"high\" decoding=\"async\" width=\"1024\" height=\"683\" class=\"wp-image-4585\" title=\"\" src=\"https:\/\/duocards.com\/wp-content\/uploads\/2024\/10\/DuoCards-1024x683.webp\" alt=\"\" srcset=\"https:\/\/duocards.com\/wp-content\/uploads\/2024\/10\/DuoCards-1024x683.webp 1024w, https:\/\/duocards.com\/wp-content\/uploads\/2024\/10\/DuoCards-300x200.webp 300w, https:\/\/duocards.com\/wp-content\/uploads\/2024\/10\/DuoCards-768x512.webp 768w, https:\/\/duocards.com\/wp-content\/uploads\/2024\/10\/DuoCards.webp 1170w\" sizes=\"(max-width: 1024px) 100vw, 1024px\" \/><\/figure><div class=\"wp-block-spacer\" style=\"height: 40px;\" aria-hidden=\"true\"> <\/div><h2 class=\"wp-block-heading\">Impara le lingue con DuoCards!<\/h2><p>L&#8217;app DuoCards \u00e8 pronta per essere esplorata! Scaricala subito su <a href=\"https:\/\/apps.apple.com\/us\/app\/duocards-learning-decks\/id1508159917\">AppStore<\/a> e <a href=\"https:\/\/play.google.com\/store\/apps\/details?id=com.duocards.app&amp;referrer=website&amp;pli=1\">GooglePlay<\/a>, oppure provala attraverso il <a href=\"https:\/\/app.duocards.com\/\">browser web<\/a> o l&#8217;<a href=\"https:\/\/chrome.google.com\/webstore\/detail\/duocards\/bgojhcbkjlloemicdchpifpnbcjiijmd\">estensione di Chrome<\/a>. <\/p><div class=\"numbers gradient-section\"><div class=\"number-item\"><span class=\"numbers-big gradient-text\">5M+ <\/span><br><span class=\"numbers-small gradient-text\">Download<\/span><\/div><div class=\"number-item\"><span class=\"numbers-big gradient-text\">100+ <\/span><br><span class=\"numbers-small gradient-text\">lingue<\/span><\/div><div class=\"number-item\"><span class=\"numbers-big gradient-text\">189 <\/span><br><span class=\"numbers-small gradient-text\">Paesi utilizzatori<\/span><\/div><\/div><div class=\"wp-block-spacer\" style=\"height: 40px;\" aria-hidden=\"true\"> <\/div><h2 class=\"wp-block-heading\">Cosa rende speciale la nostra app?<\/h2><div class=\"what-makes-app-special\"><div><h5><strong>Contenuti didattici gi\u00e0 pronti<\/strong><\/h5><p>Niente pi\u00f9 ricerche! Ti offriamo una ricca biblioteca di video e articoli e puoi anche aggiungere i tuoi materiali preferiti. <\/p><\/div><div><h5><strong>Sviluppo di competenze all-in-one<\/strong><\/h5><p>Espandi il tuo vocabolario e migliora le tue capacit\u00e0 di lettura e ascolto.<\/p><\/div><div><h5><strong>Potenziamento intelligente della memoria<\/strong><\/h5><p>Il nostro potente Sistema di Ripetizione Distanziata (SRS) ti aiuta a ricordare le parole a lungo termine.<\/p><\/div><div><h5><strong>Creazione facile di flashcard<\/strong><\/h5><p>Crea rapidamente schede personalizzate in pochi clic.<\/p><\/div><div><h5><strong>Gamification coinvolgente<\/strong><\/h5><p>Coltiva il tuo carattere Memo man mano che progredisci, rendendo l&#8217;apprendimento altamente motivante.<\/p><\/div><div><h5><strong>Traduttore integrato<\/strong><\/h5><p>Traduci istantaneamente le parole senza uscire dall&#8217;app.<\/p><\/div><div><h5><strong>Estensione del browser<\/strong><\/h5><p>Crea flashcard senza fatica da qualsiasi pagina web del tuo computer o telefono.<\/p><\/div><\/div><div id=\"simple-translate\" class=\"simple-translate-system-theme\"><div><div class=\"simple-translate-button isShow\" style=\"background-image: url('moz-extension:\/\/8adc35c9-43da-49db-9981-61d1336af553\/icons\/512.png'); height: 22px; width: 22px; top: 317px; left: 111px;\"> <\/div><div class=\"simple-translate-panel \" style=\"width: 300px; height: 200px; top: 0px; left: 0px; font-size: 13px;\"><div class=\"simple-translate-result-wrapper\" style=\"overflow: hidden;\"><div class=\"simple-translate-move\" draggable=\"true\"> <\/div><div class=\"simple-translate-result-contents\"><p class=\"simple-translate-candidate\" dir=\"auto\"> <\/p><\/div><\/div><\/div><\/div><\/div>\t\t\t\t\t\t\t\t<\/div>\n\t\t\t\t<\/div>\n\t\t\t\t\t<\/div>\n\t\t\t\t<\/div>\n\t\t<div class=\"elementor-element elementor-element-1c90021 e-con-full e-flex e-con e-parent\" data-id=\"1c90021\" data-element_type=\"container\" data-settings=\"{&quot;background_background&quot;:&quot;classic&quot;}\">\n\t\t\t\t<div class=\"elementor-element elementor-element-d0da76a elementor-widget__width-initial elementor-widget elementor-widget-text-editor\" data-id=\"d0da76a\" data-element_type=\"widget\" data-widget_type=\"text-editor.default\">\n\t\t\t\t<div class=\"elementor-widget-container\">\n\t\t\t\t\t\t\t\t\t<h2 class=\"wp-block-heading\">DuoCards nelle notizie<\/h2><div class=\"duocards-boxes\"><div><a href=\"https:\/\/money.com\/best-language-learning-software\/\" target=\"_blank\" rel=\"noopener nofollow\">I migliori software per l&#8217;apprendimento delle lingue per il 2022<\/a> &#8211; Money.it<\/div><div><a href=\"https:\/\/www.lidovky.cz\/pr\/sdeleni-komercni\/3-kroky-se-kterymi-posunete-sve-znalosti-cizich-jazyku-o-uroven-vys.A200918_135124_komercni-sdeleni_jedli\" target=\"_blank\" rel=\"noopener nofollow\">3 kroky, se kter\u00fdmi posunete sv\u00e9 znalosti ciz\u00edch jazyk\u016f o \u00farove\u0148 v\u00fd\u0161<\/a> &#8211; Lidovky.cz<\/div><div><a title=\"Pom\u00e1h\u00e1 s u\u010den\u00edm stovky jazyk\u016f, st\u00e1hly si ji u\u017e dva miliony lid\u00ed. L'investitore di \u010ceskou aplikaci te\u010f podpo\u0159il\" href=\"https:\/\/cc.cz\/pomaha-s-ucenim-stovky-jazyku-stahly-si-ji-uz-dva-miliony-lidi-ceskou-aplikaci-ted-podporil-investor\/\" target=\"_blank\" rel=\"noopener nofollow\">Pom\u00e1h\u00e1 s u\u010den\u00edm stovky jazyk\u016f, st\u00e1hly si ji u\u017e dva miliony lid\u00ed. L&#8217;investitore di \u010ceskou aplikaci te\u010f podpo\u0159il <\/a>  &#8211; CzechCrunch.cz<\/div><div><a title=\"Nau\u010dte se ciz\u00ed jazyk snadno a hrav\u011b. \u010cesk\u00e9 DuoCards z\u00edsk\u00e1v\u00e1 15 milioni di korun od N1\" href=\"https:\/\/roklen24.cz\/?quick_news=naucte-se-cizi-jazyk-snadno-a-hrave-ceske-duocards-ziskava-15-milionu-korun-od-n1\" target=\"_blank\" rel=\"noopener nofollow\">Nau\u010dte se ciz\u00ed jazyk snadno a hrav\u011b. \u010cesk\u00e9 DuoCards z\u00edsk\u00e1v\u00e1 15 milioni di korun od N1 <\/a>  &#8211; Roklen24.cz<\/div><div><a title=\"S u\u010den\u00edm se ciz\u00edho jazyka pom\u016f\u017ee AI. \u010cesk\u00e9 DuoCards z\u00edsk\u00e1v\u00e1 15 milioni di korun od N1\" href=\"https:\/\/aicrunch.cz\/s-ucenim-se-ciziho-jazyka-pomuze-ai-ceske-duocards-ziskava-15-milionu-korun-od-n1\/\" target=\"_blank\" rel=\"noopener nofollow\">S u\u010den\u00edm se ciz\u00edho jazyka pom\u016f\u017ee AI. \u010cesk\u00e9 DuoCards z\u00edsk\u00e1v\u00e1 15 milioni di korun od N1 <\/a>  &#8211; AICrunch.cz<\/div><div><a title=\"Le nostre applicazioni preferite per imparare le lingue (e un traduttore tascabile)\" href=\"https:\/\/www.wired.com\/gallery\/best-language-learning-apps\/\" target=\"_blank\" rel=\"noopener nofollow\">Le nostre app preferite per imparare le lingue (e un traduttore tascabile)<\/a> &#8211; Wired.it<\/div><div><a title=\"Stai imparando una nuova lingua? Ecco le migliori applicazioni gratuite\" href=\"https:\/\/www.thetravel.com\/best-free-language-apps\/\" target=\"_blank\" rel=\"noopener nofollow\">Stai imparando una nuova lingua? Ecco le migliori applicazioni gratuite <\/a>  &#8211; TheTravel.com<\/div><div><a href=\"https:\/\/www.fluentu.com\/blog\/learn\/language-flashcards-app\/\" target=\"_blank\" rel=\"noreferrer noopener\">Le 10 migliori app di flashcard per le lingue [Aggiornato al 2024]<\/a> &#8211; FluentU.com<\/div><\/div><div class=\"wp-block-spacer\" aria-hidden=\"true\"> <\/div><div aria-hidden=\"true\"> <\/div><div aria-hidden=\"true\"><h2 class=\"wp-block-heading\">Recensioni<\/h2><div class=\"duocards-boxes\"><div><a title=\"Impara il francese pi\u00f9 velocemente con DuoCards\" href=\"https:\/\/learnfrenchwithalexa.com\/blog\/learn-french-faster-with-duocards\" target=\"_blank\" rel=\"noopener nofollow\">Impara il francese pi\u00f9 velocemente con DuoCards<\/a> &#8211; LearnFrenchWithAlexa.com<\/div><div><a title=\"DuoCards: appka ide\u00e1lna na slov\u00ed\u010dka?\" href=\"https:\/\/jazykovymentoring.sk\/blog\/aplikacia-duocards\/\" target=\"_blank\" rel=\"noopener nofollow\">DuoCards: appka ide\u00e1lna na slov\u00ed\u010dka?<\/a>  &#8211; Jazykov\u00fdMentoring.sk<\/div><div><a title=\"DuoCards \u00e8 un'applicazione di flashcard che utilizza la ripetizione distanziata per l'apprendimento delle lingue.\" href=\"https:\/\/thelearningcounsel.com\/articles\/app-of-the-week\/duocards-is-a-flashcard-app-that-uses-spaced-repetition-for-language-learning\/\" target=\"_blank\" rel=\"noopener nofollow\">DuoCards \u00e8 un&#8217;app di flashcard che utilizza la ripetizione distanziata per l&#8217;apprendimento delle lingue<\/a> &#8211; TheLearningCounsel.com<\/div><div><a title=\"Recensione di DuoCards (2024): Apprendimento della lingua con le Flashcards del Vocabulary Builder + Ripetizione Intermittente\" href=\"https:\/\/effortlessconversations.com\/language-product-reviews\/duocards-review\/\" target=\"_blank\" rel=\"noopener nofollow\">Recensione di DuoCards (2024): Apprendimento della lingua con le Flashcards del Vocabolario + Ripetizione Intermittente<\/a> &#8211; EffortlessConversation.com<\/div><div><a title=\"Nau\u010dte se nov\u00fd jazyk e u\u017eijte si to s aplikac\u00ed DuoCards\" href=\"https:\/\/androidaplikace.cz\/index.php\/2023\/03\/naucte-se-novy-jazyk-a-uzijte-si-to-s-aplikaci-duocards\/\" target=\"_blank\" rel=\"noopener nofollow\">Nau\u010dte se nov\u00fd jazyk a u\u017eijte si to s aplikac\u00ed DuoCards<\/a> &#8211; AndroidAplikace.cz<\/div><\/div><div class=\"wp-block-spacer\" aria-hidden=\"true\"> <\/div><\/div>\t\t\t\t\t\t\t\t<\/div>\n\t\t\t\t<\/div>\n\t\t\t\t<\/div>\n\t\t<div class=\"elementor-element elementor-element-dc35cd5 e-flex e-con-boxed e-con e-parent\" data-id=\"dc35cd5\" data-element_type=\"container\">\n\t\t\t\t\t<div class=\"e-con-inner\">\n\t\t\t\t<div class=\"elementor-element elementor-element-68cfc4c elementor-widget elementor-widget-text-editor\" data-id=\"68cfc4c\" data-element_type=\"widget\" data-widget_type=\"text-editor.default\">\n\t\t\t\t<div class=\"elementor-widget-container\">\n\t\t\t\t\t\t\t\t\t<div aria-hidden=\"true\">\n<h2 class=\"wp-block-heading\">Kit stampa<\/h2>\n<p>Scarica la nostra scheda informativa, i loghi, le schermate delle app e molto altro ancora!<\/p>\n<p> <\/p>\n<div class=\"wp-block-buttons\">\n<div class=\"wp-block-button\"><a class=\"elementor-button wp-block-button__link wp-element-button\" href=\"https:\/\/drive.google.com\/drive\/folders\/15f6z936t9s2Npr7pP0hUb_kKfwoM_nIT?usp=sharing\" target=\"_blank\" rel=\"noreferrer noopener\">Scarica la cartella stampa<\/a><\/div>\n<\/div>\n<\/div>\n<div class=\"wp-block-spacer\" aria-hidden=\"true\"> <\/div>\n<div aria-hidden=\"true\"> <\/div>\n<h2 class=\"wp-block-heading\">Contattaci<\/h2>\n<p>Per richieste di informazioni sui media o di partnership, contattaci all&#8217;indirizzo: <a href=\"mailto:pr@duocards.com\">pr@duocards.com<\/a><\/p>\t\t\t\t\t\t\t\t<\/div>\n\t\t\t\t<\/div>\n\t\t\t\t\t<\/div>\n\t\t\t\t<\/div>\n\t\t\t\t<\/div>\n\t\t","protected":false},"excerpt":{"rendered":"<p>La nostra missione La nostra missione \u00e8 trasformare l&#8217;apprendimento delle lingue in un&#8217;avventura entusiasmante per tutti, ovunque nel mondo! La nostra applicazione basata sulle flashcard combina la potenza della ripetizione distanziata con esempi reali tratti da video e articoli, rendendo la padronanza di una nuova lingua divertente, efficace e coinvolgente. Informazioni sulla nostra azienda Quando [&hellip;]<\/p>\n","protected":false},"author":23,"featured_media":0,"parent":0,"menu_order":0,"comment_status":"closed","ping_status":"closed","template":"elementor_header_footer","meta":{"footnotes":""},"class_list":["post-9488","page","type-page","status-publish","hentry"],"aioseo_notices":[],"_links":{"self":[{"href":"https:\/\/duocards.com\/it\/wp-json\/wp\/v2\/pages\/9488","targetHints":{"allow":["GET"]}}],"collection":[{"href":"https:\/\/duocards.com\/it\/wp-json\/wp\/v2\/pages"}],"about":[{"href":"https:\/\/duocards.com\/it\/wp-json\/wp\/v2\/types\/page"}],"author":[{"embeddable":true,"href":"https:\/\/duocards.com\/it\/wp-json\/wp\/v2\/users\/23"}],"replies":[{"embeddable":true,"href":"https:\/\/duocards.com\/it\/wp-json\/wp\/v2\/comments?post=9488"}],"version-history":[{"count":1,"href":"https:\/\/duocards.com\/it\/wp-json\/wp\/v2\/pages\/9488\/revisions"}],"predecessor-version":[{"id":9489,"href":"https:\/\/duocards.com\/it\/wp-json\/wp\/v2\/pages\/9488\/revisions\/9489"}],"wp:attachment":[{"href":"https:\/\/duocards.com\/it\/wp-json\/wp\/v2\/media?parent=9488"}],"curies":[{"name":"wp","href":"https:\/\/api.w.org\/{rel}","templated":true}]}}