{"id":9616,"date":"2026-03-05T15:49:49","date_gmt":"2026-03-05T15:49:49","guid":{"rendered":"https:\/\/duocards.com\/gagnez-de-largent-avec-les-duocards\/"},"modified":"2026-03-06T15:14:54","modified_gmt":"2026-03-06T15:14:54","slug":"gagnez-de-largent-avec-les-duocards","status":"publish","type":"page","link":"https:\/\/duocards.com\/fr\/gagnez-de-largent-avec-les-duocards\/","title":{"rendered":"Gagnez de l&rsquo;argent avec les DuoCards"},"content":{"rendered":"\t\t<div data-elementor-type=\"wp-page\" data-elementor-id=\"9616\" class=\"elementor elementor-9616 elementor-9581\" data-elementor-post-type=\"page\">\n\t\t\t\t<div class=\"elementor-element elementor-element-ad8ac02 e-flex e-con-boxed e-con e-parent\" data-id=\"ad8ac02\" data-element_type=\"container\" data-e-type=\"container\" data-settings=\"{&quot;background_background&quot;:&quot;classic&quot;}\">\n\t\t\t\t\t<div class=\"e-con-inner\">\n\t\t<div class=\"elementor-element elementor-element-1d4aed2b e-con-full e-flex e-con e-child\" data-id=\"1d4aed2b\" data-element_type=\"container\" data-e-type=\"container\">\n\t\t\t\t<div class=\"elementor-element elementor-element-26bc846d elementor-widget elementor-widget-heading\" data-id=\"26bc846d\" data-element_type=\"widget\" data-e-type=\"widget\" data-widget_type=\"heading.default\">\n\t\t\t\t<div class=\"elementor-widget-container\">\n\t\t\t\t\t<h1 class=\"elementor-heading-title elementor-size-default\">Aidez les autres \u00e0 apprendre avec les DuoCards et soyez r\u00e9compens\u00e9s<\/h1>\t\t\t\t<\/div>\n\t\t\t\t<\/div>\n\t\t\t\t<div class=\"elementor-element elementor-element-85521ba elementor-widget elementor-widget-text-editor\" data-id=\"85521ba\" data-element_type=\"widget\" data-e-type=\"widget\" data-widget_type=\"text-editor.default\">\n\t\t\t\t<div class=\"elementor-widget-container\">\n\t\t\t\t\t\t\t\t\t<p>Vous enseignez des langues, vous \u00e9crivez un blog, vous g\u00e9rez un canal de m\u00e9dias sociaux ou vous aimez tout simplement notre application ? Vous pouvez gagner de l&rsquo;argent en recommandant DuoCards \u00e0 d&rsquo;autres personnes. <\/p>\t\t\t\t\t\t\t\t<\/div>\n\t\t\t\t<\/div>\n\t\t\t\t<\/div>\n\t\t<div class=\"elementor-element elementor-element-3fe29a8 e-con-full e-flex e-con e-child\" data-id=\"3fe29a8\" data-element_type=\"container\" data-e-type=\"container\">\n\t\t\t\t<div class=\"elementor-element elementor-element-3600b1d2 elementor-widget elementor-widget-image\" data-id=\"3600b1d2\" data-element_type=\"widget\" data-e-type=\"widget\" data-widget_type=\"image.default\">\n\t\t\t\t<div class=\"elementor-widget-container\">\n\t\t\t\t\t\t\t\t\t\t\t\t\t\t\t<img fetchpriority=\"high\" decoding=\"async\" width=\"607\" height=\"607\" src=\"https:\/\/duocards.com\/wp-content\/uploads\/2026\/03\/mammoth-without-background.png\" class=\"attachment-large size-large wp-image-9617\" alt=\"\" srcset=\"https:\/\/duocards.com\/wp-content\/uploads\/2026\/03\/mammoth-without-background.png 607w, https:\/\/duocards.com\/wp-content\/uploads\/2026\/03\/mammoth-without-background-300x300.png 300w, https:\/\/duocards.com\/wp-content\/uploads\/2026\/03\/mammoth-without-background-150x150.png 150w, https:\/\/duocards.com\/wp-content\/uploads\/2026\/03\/mammoth-without-background-70x70.png 70w\" sizes=\"(max-width: 607px) 100vw, 607px\" \/>\t\t\t\t\t\t\t\t\t\t\t\t\t\t\t<\/div>\n\t\t\t\t<\/div>\n\t\t\t\t<\/div>\n\t\t\t\t\t<\/div>\n\t\t\t\t<\/div>\n\t\t<div class=\"elementor-element elementor-element-315ee3e e-flex e-con-boxed e-con e-parent\" data-id=\"315ee3e\" data-element_type=\"container\" data-e-type=\"container\">\n\t\t\t\t\t<div class=\"e-con-inner\">\n\t\t\t\t<div class=\"elementor-element elementor-element-c0301dd elementor-widget elementor-widget-text-editor\" data-id=\"c0301dd\" data-element_type=\"widget\" data-e-type=\"widget\" data-widget_type=\"text-editor.default\">\n\t\t\t\t<div class=\"elementor-widget-container\">\n\t\t\t\t\t\t\t\t\t<p data-start=\"476\" data-end=\"609\">Partagez votre lien d&rsquo;affiliation unique et recevez une commission lorsque quelqu&rsquo;un rejoint DuoCards gr\u00e2ce \u00e0 votre lien et ach\u00e8te un abonnement.<\/p>\n<p data-start=\"611\" data-end=\"680\">C&rsquo;est simple, transparent et ouvert \u00e0 tous ceux qui poss\u00e8dent un compte DuoCards.<\/p>\n<p data-start=\"611\" data-end=\"680\"> <\/p>\n<h2 data-start=\"687\" data-end=\"702\">Comment cela fonctionne-t-il ?<\/h2>\n<h4 data-start=\"704\" data-end=\"730\">1. Obtenez votre lien promotionnel<\/h4>\n<p data-start=\"731\" data-end=\"870\">Activez le programme d&rsquo;affiliation dans votre compte DuoCards.<br data-start=\"787\" data-end=\"790\">Vous recevrez un <strong data-start=\"809\" data-end=\"830\">lien promotionnel unique<\/strong> qui permet de suivre les utilisateurs qui s&rsquo;inscrivent par votre interm\u00e9diaire.<\/p>\n<h4 data-start=\"872\" data-end=\"893\">2. Partager les DuoCards<\/h4>\n<p data-start=\"894\" data-end=\"1011\">Publiez votre lien sur les m\u00e9dias sociaux, votre site web, votre blog, votre cha\u00eene YouTube, ou envoyez-le directement \u00e0 vos \u00e9tudiants ou \u00e0 vos amis.<\/p>\n<h4 data-start=\"1013\" data-end=\"1035\">3. Gagnez une commission<\/h4>\n<p data-start=\"1036\" data-end=\"1154\">Lorsque quelqu&rsquo;un s&rsquo;inscrit via votre lien et ach\u00e8te un abonnement, vous touchez une commission de 50 % sur son premier paiement.<\/p>\n<p data-start=\"1036\" data-end=\"1154\"> <\/p>\n<h2 data-start=\"2070\" data-end=\"2084\">Commencez<\/h2>\n<p data-start=\"2086\" data-end=\"2150\">Vous pouvez activer le programme d&rsquo;affiliation directement dans votre compte.<\/p>\n<p data-start=\"2152\" data-end=\"2197\"><strong data-start=\"2152\" data-end=\"2162\">Allez sur :<\/strong><br data-start=\"2162\" data-end=\"2165\">Account \u2192 <strong data-start=\"2175\" data-end=\"2197\">Gagnez avec les DuoCards<\/strong><\/p>\n<p data-start=\"2199\" data-end=\"2289\">Apr\u00e8s l&rsquo;activation, vous recevrez votre lien promotionnel unique et pourrez commencer \u00e0 partager imm\u00e9diatement.<\/p>\n<p data-start=\"2199\" data-end=\"2289\"> <\/p>\n<p data-start=\"2199\" data-end=\"2289\"> <\/p>\n<p data-start=\"2488\" data-end=\"2566\">En activant le programme d&rsquo;affiliation, vous acceptez notre <a href=\"https:\/\/duocards.com\/en\/affiliate-agreement\/\">accord d&rsquo;affiliation<\/a>.<\/p>\t\t\t\t\t\t\t\t<\/div>\n\t\t\t\t<\/div>\n\t\t\t\t\t<\/div>\n\t\t\t\t<\/div>\n\t\t\t\t<\/div>\n\t\t","protected":false},"excerpt":{"rendered":"<p>Aidez les autres \u00e0 apprendre avec les DuoCards et soyez r\u00e9compens\u00e9s Vous enseignez des langues, vous \u00e9crivez un blog, vous g\u00e9rez un canal de m\u00e9dias sociaux ou vous aimez tout simplement notre application ? Vous pouvez gagner de l&rsquo;argent en recommandant DuoCards \u00e0 d&rsquo;autres personnes. Partagez votre lien d&rsquo;affiliation unique et recevez une commission lorsque [&hellip;]<\/p>\n","protected":false},"author":32,"featured_media":0,"parent":0,"menu_order":0,"comment_status":"closed","ping_status":"closed","template":"elementor_header_footer","meta":{"footnotes":""},"class_list":["post-9616","page","type-page","status-publish","hentry"],"aioseo_notices":[],"_links":{"self":[{"href":"https:\/\/duocards.com\/fr\/wp-json\/wp\/v2\/pages\/9616","targetHints":{"allow":["GET"]}}],"collection":[{"href":"https:\/\/duocards.com\/fr\/wp-json\/wp\/v2\/pages"}],"about":[{"href":"https:\/\/duocards.com\/fr\/wp-json\/wp\/v2\/types\/page"}],"author":[{"embeddable":true,"href":"https:\/\/duocards.com\/fr\/wp-json\/wp\/v2\/users\/32"}],"replies":[{"embeddable":true,"href":"https:\/\/duocards.com\/fr\/wp-json\/wp\/v2\/comments?post=9616"}],"version-history":[{"count":3,"href":"https:\/\/duocards.com\/fr\/wp-json\/wp\/v2\/pages\/9616\/revisions"}],"predecessor-version":[{"id":9623,"href":"https:\/\/duocards.com\/fr\/wp-json\/wp\/v2\/pages\/9616\/revisions\/9623"}],"wp:attachment":[{"href":"https:\/\/duocards.com\/fr\/wp-json\/wp\/v2\/media?parent=9616"}],"curies":[{"name":"wp","href":"https:\/\/api.w.org\/{rel}","templated":true}]}}