{"id":9492,"date":"2023-02-13T15:14:51","date_gmt":"2023-02-13T15:14:51","guid":{"rendered":"https:\/\/duocards.com\/presse\/"},"modified":"2026-01-16T16:18:30","modified_gmt":"2026-01-16T16:18:30","slug":"presse","status":"publish","type":"page","link":"https:\/\/duocards.com\/fr\/presse\/","title":{"rendered":"Presse"},"content":{"rendered":"\t\t<div data-elementor-type=\"wp-page\" data-elementor-id=\"9492\" class=\"elementor elementor-9492 elementor-3305\" data-elementor-post-type=\"page\">\n\t\t\t\t<div class=\"elementor-element elementor-element-019e7d8 e-flex e-con-boxed e-con e-parent\" data-id=\"019e7d8\" data-element_type=\"container\" data-e-type=\"container\">\n\t\t\t\t\t<div class=\"e-con-inner\">\n\t\t\t\t<div class=\"elementor-element elementor-element-a09977d elementor-widget elementor-widget-text-editor\" data-id=\"a09977d\" data-element_type=\"widget\" data-e-type=\"widget\" data-widget_type=\"text-editor.default\">\n\t\t\t\t<div class=\"elementor-widget-container\">\n\t\t\t\t\t\t\t\t\t<h2 class=\"wp-block-heading\">Notre mission<\/h2><p>Nous avons pour mission de faire de l&rsquo;apprentissage des langues une aventure passionnante pour tous, partout dans le monde !<\/p><p>Notre application bas\u00e9e sur des flashcards combine la puissance de la r\u00e9p\u00e9tition espac\u00e9e avec des exemples de la vie r\u00e9elle tir\u00e9s de vid\u00e9os et d&rsquo;articles, rendant la ma\u00eetrise d&rsquo;une nouvelle langue amusante, efficace et attrayante.<\/p><div class=\"wp-block-spacer\" style=\"height: 41px;\" aria-hidden=\"true\"> <\/div><h2 class=\"wp-block-heading\">\u00c0 propos de notre entreprise<\/h2><p>Lorsque Petr Her\u00e1leck\u00fd a d\u00e9cid\u00e9 d&rsquo;apprendre le portugais, il n&rsquo;a pas trouv\u00e9 d&rsquo;application qui l&rsquo;aiderait \u00e0 apprendre du vocabulaire de mani\u00e8re efficace et amusante.<\/p><p>Il a donc construit le sien.<\/p><p>En 2020, apr\u00e8s une ann\u00e9e de d\u00e9veloppement, Petr a rencontr\u00e9 Radim Poloch lors d&rsquo;un cours de kitesurf, et ensemble ils ont cr\u00e9\u00e9 les DuoCards telles que vous les connaissez aujourd&rsquo;hui.<\/p><p>Aujourd&rsquo;hui, l&rsquo;application a \u00e9t\u00e9 t\u00e9l\u00e9charg\u00e9e plus de 5 millions de fois !<\/p><p>Notre \u00e9quipe est bas\u00e9e \u00e0 Brno, le centre technologique dynamique de la R\u00e9publique tch\u00e8que.<\/p><p>En d\u00e9cembre 2023, DuoCards a re\u00e7u un investissement du fonds de capital-risque national N1. L&rsquo;injection de fonds est utilis\u00e9e pour le d\u00e9veloppement de fonctionnalit\u00e9s suppl\u00e9mentaires de l&rsquo;application et le marketing ax\u00e9 sur le march\u00e9 am\u00e9ricain et mondial. <\/p><div class=\"wp-block-spacer\" style=\"height: 40px;\" aria-hidden=\"true\"> <\/div><figure class=\"wp-block-image size-large\"><img fetchpriority=\"high\" decoding=\"async\" width=\"1024\" height=\"683\" class=\"wp-image-4585\" title=\"\" src=\"https:\/\/duocards.com\/wp-content\/uploads\/2024\/10\/DuoCards-1024x683.webp\" alt=\"\" srcset=\"https:\/\/duocards.com\/wp-content\/uploads\/2024\/10\/DuoCards-1024x683.webp 1024w, https:\/\/duocards.com\/wp-content\/uploads\/2024\/10\/DuoCards-300x200.webp 300w, https:\/\/duocards.com\/wp-content\/uploads\/2024\/10\/DuoCards-768x512.webp 768w, https:\/\/duocards.com\/wp-content\/uploads\/2024\/10\/DuoCards.webp 1170w\" sizes=\"(max-width: 1024px) 100vw, 1024px\" \/><\/figure><div class=\"wp-block-spacer\" style=\"height: 40px;\" aria-hidden=\"true\"> <\/div><h2 class=\"wp-block-heading\">Apprenez des langues avec DuoCards !<\/h2><p>L&rsquo;application DuoCards est pr\u00eate \u00e0 \u00eatre explor\u00e9e ! T\u00e9l\u00e9chargez-la d\u00e8s maintenant sur l&rsquo;<a href=\"https:\/\/apps.apple.com\/us\/app\/duocards-learning-decks\/id1508159917\">AppStore<\/a> et <a href=\"https:\/\/play.google.com\/store\/apps\/details?id=com.duocards.app&amp;referrer=website&amp;pli=1\">GooglePlay<\/a>, ou essayez-la via votre <a href=\"https:\/\/app.duocards.com\/\">navigateur web<\/a> ou une <a href=\"https:\/\/chrome.google.com\/webstore\/detail\/duocards\/bgojhcbkjlloemicdchpifpnbcjiijmd\">extension Chrome<\/a>. <\/p><div class=\"numbers gradient-section\"><div class=\"number-item\"><span class=\"numbers-big gradient-text\">5M+ <\/span><br><span class=\"numbers-small gradient-text\">t\u00e9l\u00e9chargements<\/span><\/div><div class=\"number-item\"><span class=\"numbers-big gradient-text\">100+ <\/span><br><span class=\"numbers-small gradient-text\">langues<\/span><\/div><div class=\"number-item\"><span class=\"numbers-big gradient-text\">189 <\/span><br><span class=\"numbers-small gradient-text\">pays utilisateurs<\/span><\/div><\/div><div class=\"wp-block-spacer\" style=\"height: 40px;\" aria-hidden=\"true\"> <\/div><h2 class=\"wp-block-heading\">Qu&rsquo;est-ce qui rend notre application sp\u00e9ciale ?<\/h2><div class=\"what-makes-app-special\"><div><h5><strong>Contenu d&rsquo;apprentissage pr\u00eat \u00e0 l&#8217;emploi<\/strong><\/h5><p>Plus besoin de chercher ! Nous proposons une riche biblioth\u00e8que de vid\u00e9os et d&rsquo;articles, et vous pouvez m\u00eame ajouter vos propres documents pr\u00e9f\u00e9r\u00e9s. <\/p><\/div><div><h5><strong>D\u00e9veloppement des comp\u00e9tences tout-en-un<\/strong><\/h5><p>\u00c9largissez votre vocabulaire tout en am\u00e9liorant vos comp\u00e9tences en mati\u00e8re de lecture et d&rsquo;\u00e9coute.<\/p><\/div><div><h5><strong>Boost de la m\u00e9moire intelligente<\/strong><\/h5><p>Notre puissant syst\u00e8me de r\u00e9p\u00e9tition espac\u00e9e (SRS) vous aide \u00e0 m\u00e9moriser les mots \u00e0 long terme.<\/p><\/div><div><h5><strong>Cr\u00e9ation facile de cartes Flash<\/strong><\/h5><p>Cr\u00e9ez rapidement des cartes personnalis\u00e9es en quelques clics.<\/p><\/div><div><h5><strong>Une gamification engageante<\/strong><\/h5><p>Vous d\u00e9veloppez votre caract\u00e8re Memo au fur et \u00e0 mesure que vous progressez, ce qui rend l&rsquo;apprentissage tr\u00e8s motivant.<\/p><\/div><div><h5><strong>Traducteur int\u00e9gr\u00e9<\/strong><\/h5><p>Traduisez instantan\u00e9ment des mots sans quitter l&rsquo;application.<\/p><\/div><div><h5><strong>Extension du navigateur<\/strong><\/h5><p>Cr\u00e9ez des flashcards sans effort \u00e0 partir de n&rsquo;importe quelle page web sur votre ordinateur ou votre t\u00e9l\u00e9phone.<\/p><\/div><\/div><div id=\"simple-translate\" class=\"simple-translate-system-theme\"><div><div class=\"simple-translate-button isShow\" style=\"background-image: url('moz-extension:\/\/8adc35c9-43da-49db-9981-61d1336af553\/icons\/512.png'); height: 22px; width: 22px; top: 317px; left: 111px;\"> <\/div><div class=\"simple-translate-panel \" style=\"width: 300px; height: 200px; top: 0px; left: 0px; font-size: 13px;\"><div class=\"simple-translate-result-wrapper\" style=\"overflow: hidden;\"><div class=\"simple-translate-move\" draggable=\"true\"> <\/div><div class=\"simple-translate-result-contents\"><p class=\"simple-translate-candidate\" dir=\"auto\"> <\/p><\/div><\/div><\/div><\/div><\/div>\t\t\t\t\t\t\t\t<\/div>\n\t\t\t\t<\/div>\n\t\t\t\t\t<\/div>\n\t\t\t\t<\/div>\n\t\t<div class=\"elementor-element elementor-element-1c90021 e-con-full e-flex e-con e-parent\" data-id=\"1c90021\" data-element_type=\"container\" data-e-type=\"container\" data-settings=\"{&quot;background_background&quot;:&quot;classic&quot;}\">\n\t\t\t\t<div class=\"elementor-element elementor-element-d0da76a elementor-widget__width-initial elementor-widget elementor-widget-text-editor\" data-id=\"d0da76a\" data-element_type=\"widget\" data-e-type=\"widget\" data-widget_type=\"text-editor.default\">\n\t\t\t\t<div class=\"elementor-widget-container\">\n\t\t\t\t\t\t\t\t\t<h2 class=\"wp-block-heading\">DuoCards dans l&rsquo;actualit\u00e9<\/h2><div class=\"duocards-boxes\"><div><a href=\"https:\/\/money.com\/best-language-learning-software\/\" target=\"_blank\" rel=\"noopener nofollow\">Les meilleurs logiciels d&rsquo;apprentissage des langues pour 2022<\/a> &#8211; Money.com<\/div><div><a href=\"https:\/\/www.lidovky.cz\/pr\/sdeleni-komercni\/3-kroky-se-kterymi-posunete-sve-znalosti-cizich-jazyku-o-uroven-vys.A200918_135124_komercni-sdeleni_jedli\" target=\"_blank\" rel=\"noopener nofollow\">3 kroky, se kter\u00fdmi posunete sv\u00e9 znalosti ciz\u00edch jazyk\u016f o \u00farove\u0148 v\u00fd\u0161<\/a> &#8211; Lidovky.cz<\/div><div><a title=\"Pom\u00e1h\u00e1 s u\u010den\u00edm stovky jazyk\u016f, st\u00e1hly si ji u\u017e dva miliony lid\u00ed. \u010ceskou aplikaci te\u010f podpo\u0159il investor\" href=\"https:\/\/cc.cz\/pomaha-s-ucenim-stovky-jazyku-stahly-si-ji-uz-dva-miliony-lidi-ceskou-aplikaci-ted-podporil-investor\/\" target=\"_blank\" rel=\"noopener nofollow\">Pom\u00e1h\u00e1 s u\u010den\u00edm stovky jazyk\u016f, st\u00e1hly si ji u\u017e dva miliony lid\u00ed. \u010ceskou aplikaci te\u010f podpo\u0159il investor <\/a>  &#8211; CzechCrunch.cz<\/div><div><a title=\"Nau\u010dte se ciz\u00ed jazyk snadno a hrav\u011b. \u010cesk\u00e9 DuoCards z\u00edsk\u00e1v\u00e1 15 milion\u016f korun od N1\" href=\"https:\/\/roklen24.cz\/?quick_news=naucte-se-cizi-jazyk-snadno-a-hrave-ceske-duocards-ziskava-15-milionu-korun-od-n1\" target=\"_blank\" rel=\"noopener nofollow\">Nau\u010dte se ciz\u00ed jazyk snadno a hrav\u011b. \u010cesk\u00e9 DuoCards z\u00edsk\u00e1v\u00e1 15 milion\u016f korun od N1 <\/a>  &#8211; Roklen24.cz<\/div><div><a title=\"S u\u010den\u00edm se ciz\u00edho jazyka pom\u016f\u017ee AI. \u010cesk\u00e9 DuoCards z\u00edsk\u00e1v\u00e1 15 milion\u016f korun od N1\" href=\"https:\/\/aicrunch.cz\/s-ucenim-se-ciziho-jazyka-pomuze-ai-ceske-duocards-ziskava-15-milionu-korun-od-n1\/\" target=\"_blank\" rel=\"noopener nofollow\">S u\u010den\u00edm se ciz\u00edho jazyka pom\u016f\u017ee AI. \u010cesk\u00e9 DuoCards z\u00edsk\u00e1v\u00e1 15 milion\u016f korun od N1 <\/a>  &#8211; AICrunch.cz<\/div><div><a title=\"Nos applications pr\u00e9f\u00e9r\u00e9es pour l'apprentissage des langues (et un traducteur de poche)\" href=\"https:\/\/www.wired.com\/gallery\/best-language-learning-apps\/\" target=\"_blank\" rel=\"noopener nofollow\">Nos applications pr\u00e9f\u00e9r\u00e9es pour l&rsquo;apprentissage des langues (et un traducteur de poche)<\/a> &#8211; Wired.com<\/div><div><a title=\"Vous apprenez une nouvelle langue ? Voici les meilleures applications gratuites\" href=\"https:\/\/www.thetravel.com\/best-free-language-apps\/\" target=\"_blank\" rel=\"noopener nofollow\">Vous apprenez une nouvelle langue ? Voici les meilleures applications gratuites <\/a>  &#8211; TheTravel.com<\/div><div><a href=\"https:\/\/www.fluentu.com\/blog\/learn\/language-flashcards-app\/\" target=\"_blank\" rel=\"noreferrer noopener\">Les 10 meilleures applications de cartes m\u00e9moire pour les langues [Mis \u00e0 jour pour 2024]<\/a> &#8211; FluentU.com<\/div><\/div><div class=\"wp-block-spacer\" aria-hidden=\"true\"> <\/div><div aria-hidden=\"true\"> <\/div><div aria-hidden=\"true\"><h2 class=\"wp-block-heading\">Critiques<\/h2><div class=\"duocards-boxes\"><div><a title=\"Apprenez le fran\u00e7ais plus rapidement avec DuoCards\" href=\"https:\/\/learnfrenchwithalexa.com\/blog\/learn-french-faster-with-duocards\" target=\"_blank\" rel=\"noopener nofollow\">Apprenez le fran\u00e7ais plus rapidement avec DuoCards<\/a> &#8211; LearnFrenchWithAlexa.com<\/div><div><a title=\"DuoCards : l'application id\u00e9ale pour la France ?\" href=\"https:\/\/jazykovymentoring.sk\/blog\/aplikacia-duocards\/\" target=\"_blank\" rel=\"noopener nofollow\">DuoCards : l&rsquo;application id\u00e9ale pour la France ?<\/a>  &#8211; Jazykov\u00fdMentoring.sk<\/div><div><a title=\"DuoCards est une application de flashcards qui utilise la r\u00e9p\u00e9tition espac\u00e9e pour l'apprentissage des langues.\" href=\"https:\/\/thelearningcounsel.com\/articles\/app-of-the-week\/duocards-is-a-flashcard-app-that-uses-spaced-repetition-for-language-learning\/\" target=\"_blank\" rel=\"noopener nofollow\">DuoCards est une application de flashcards qui utilise la r\u00e9p\u00e9tition espac\u00e9e pour l&rsquo;apprentissage des langues<\/a> &#8211; TheLearningCounsel.com<\/div><div><a title=\"Revue DuoCards (2024) : Apprentissage des langues avec les Flashcards de Vocabulaire + R\u00e9p\u00e9tition Spatiale\" href=\"https:\/\/effortlessconversations.com\/language-product-reviews\/duocards-review\/\" target=\"_blank\" rel=\"noopener nofollow\">Revue DuoCards (2024) : Apprendre les langues avec les cartes flash de vocabulaire + la r\u00e9p\u00e9tition espac\u00e9e<\/a> &#8211; EffortlessConversation.com<\/div><div><a title=\"Vous pouvez vous abonner \u00e0 DuoCards en cliquant ici.\" href=\"https:\/\/androidaplikace.cz\/index.php\/2023\/03\/naucte-se-novy-jazyk-a-uzijte-si-to-s-aplikaci-duocards\/\" target=\"_blank\" rel=\"noopener nofollow\">Vous pouvez vous abonner \u00e0 DuoCards<\/a> &#8211; AndroidAplikace.cz<\/div><\/div><div class=\"wp-block-spacer\" aria-hidden=\"true\"> <\/div><\/div>\t\t\t\t\t\t\t\t<\/div>\n\t\t\t\t<\/div>\n\t\t\t\t<\/div>\n\t\t<div class=\"elementor-element elementor-element-dc35cd5 e-flex e-con-boxed e-con e-parent\" data-id=\"dc35cd5\" data-element_type=\"container\" data-e-type=\"container\">\n\t\t\t\t\t<div class=\"e-con-inner\">\n\t\t\t\t<div class=\"elementor-element elementor-element-68cfc4c elementor-widget elementor-widget-text-editor\" data-id=\"68cfc4c\" data-element_type=\"widget\" data-e-type=\"widget\" data-widget_type=\"text-editor.default\">\n\t\t\t\t<div class=\"elementor-widget-container\">\n\t\t\t\t\t\t\t\t\t<div aria-hidden=\"true\">\n<h2 class=\"wp-block-heading\">Dossier de presse<\/h2>\n<p>T\u00e9l\u00e9chargez notre fiche d&rsquo;information, nos logos, des captures d&rsquo;\u00e9cran de l&rsquo;application, et bien plus encore !<\/p>\n<p> <\/p>\n<div class=\"wp-block-buttons\">\n<div class=\"wp-block-button\"><a class=\"elementor-button wp-block-button__link wp-element-button\" href=\"https:\/\/drive.google.com\/drive\/folders\/15f6z936t9s2Npr7pP0hUb_kKfwoM_nIT?usp=sharing\" target=\"_blank\" rel=\"noreferrer noopener\">T\u00e9l\u00e9chargez le dossier de presse<\/a><\/div>\n<\/div>\n<\/div>\n<div class=\"wp-block-spacer\" aria-hidden=\"true\"> <\/div>\n<div aria-hidden=\"true\"> <\/div>\n<h2 class=\"wp-block-heading\">Contactez nous<\/h2>\n<p>Pour toute question relative aux m\u00e9dias ou aux partenariats, veuillez nous contacter \u00e0 l&rsquo;adresse suivante : <a href=\"mailto:pr@duocards.com\">pr@duocards.com<\/a><\/p>\t\t\t\t\t\t\t\t<\/div>\n\t\t\t\t<\/div>\n\t\t\t\t\t<\/div>\n\t\t\t\t<\/div>\n\t\t\t\t<\/div>\n\t\t","protected":false},"excerpt":{"rendered":"<p>Notre mission Nous avons pour mission de faire de l&rsquo;apprentissage des langues une aventure passionnante pour tous, partout dans le monde ! Notre application bas\u00e9e sur des flashcards combine la puissance de la r\u00e9p\u00e9tition espac\u00e9e avec des exemples de la vie r\u00e9elle tir\u00e9s de vid\u00e9os et d&rsquo;articles, rendant la ma\u00eetrise d&rsquo;une nouvelle langue amusante, efficace [&hellip;]<\/p>\n","protected":false},"author":23,"featured_media":0,"parent":0,"menu_order":0,"comment_status":"closed","ping_status":"closed","template":"elementor_header_footer","meta":{"footnotes":""},"class_list":["post-9492","page","type-page","status-publish","hentry"],"aioseo_notices":[],"_links":{"self":[{"href":"https:\/\/duocards.com\/fr\/wp-json\/wp\/v2\/pages\/9492","targetHints":{"allow":["GET"]}}],"collection":[{"href":"https:\/\/duocards.com\/fr\/wp-json\/wp\/v2\/pages"}],"about":[{"href":"https:\/\/duocards.com\/fr\/wp-json\/wp\/v2\/types\/page"}],"author":[{"embeddable":true,"href":"https:\/\/duocards.com\/fr\/wp-json\/wp\/v2\/users\/23"}],"replies":[{"embeddable":true,"href":"https:\/\/duocards.com\/fr\/wp-json\/wp\/v2\/comments?post=9492"}],"version-history":[{"count":1,"href":"https:\/\/duocards.com\/fr\/wp-json\/wp\/v2\/pages\/9492\/revisions"}],"predecessor-version":[{"id":9493,"href":"https:\/\/duocards.com\/fr\/wp-json\/wp\/v2\/pages\/9492\/revisions\/9493"}],"wp:attachment":[{"href":"https:\/\/duocards.com\/fr\/wp-json\/wp\/v2\/media?parent=9492"}],"curies":[{"name":"wp","href":"https:\/\/api.w.org\/{rel}","templated":true}]}}