{"id":3945,"date":"2021-08-04T10:14:40","date_gmt":"2021-08-04T10:14:40","guid":{"rendered":"https:\/\/duocards.com\/qui-sommes-nous\/"},"modified":"2024-01-08T15:53:06","modified_gmt":"2024-01-08T15:53:06","slug":"qui-sommes-nous","status":"publish","type":"page","link":"https:\/\/duocards.com\/fr\/qui-sommes-nous\/","title":{"rendered":"Qui sommes-nous ?"},"content":{"rendered":"\n<h2 class=\"wp-block-heading\" id=\"mission\"><strong>La mission<\/strong><\/h2>\n\n<p>Peu importe si tu apprends pour ton nouveau travail, un nouvel amour ou simplement pour apprendre une nouvelle comp\u00e9tence, DuoCards t&rsquo;aide \u00e0 faciliter le processus. Peu importe la langue que tu choisis, notre but est de t&rsquo;aider \u00e0 rester motiv\u00e9 et \u00e0 apprendre d&rsquo;une fa\u00e7on efficace.<\/p>\n\n<p>C&rsquo;est essentiel d&rsquo;utiliser les flashcards en tant que moyen d&rsquo;apprendre une langue \u00e9tant donn\u00e9 qu&rsquo;elles am\u00e9liorent la m\u00e9morisation et le rappel actif. Cette m\u00e9thode peut t&rsquo;aider \u00e0 enrichir ton vocabulaire tout en am\u00e9liorant ton orthographe et ta prononciaton en m\u00eame temps.<\/p>\n\n<p>On sait que les gens apprennent le mieux lorsqu&rsquo;ils s&rsquo;amusent. Avec DuoCards tu peux apprendre an regardant des vid\u00e9os et lisant des articles, ce qui rend l&rsquo;apprentissage beaucoup plus amusant. De plus, le concepte de r\u00e9compenses et de s\u00e9quences quotidiennes t&rsquo;aide \u00e0 rester sur la bonne voie et faire du progr\u00e8s.<\/p>\n\n<h2 class=\"wp-block-heading\" id=\"about-us\"><strong>Qui sommes-nous ?<\/strong><\/h2>\n\n<div class=\"wp-block-columns is-layout-flex wp-container-core-columns-is-layout-28f84493 wp-block-columns-is-layout-flex\">\n<div class=\"wp-block-column is-layout-flow wp-block-column-is-layout-flow\" style=\"flex-basis:75%\">\n<p>DuoCards est une application mobile flashcard qui peut t&rsquo;aider \u00e0 am\u00e9liorer tes comp\u00e9tences linguistiques. L&rsquo;appli utilise l&rsquo;algorithme specific bas\u00e9 sur la r\u00e9p\u00e9tition espac\u00e9e qui te permet d&rsquo;apprendre les mots de mani\u00e8re r\u00e9p\u00e9t\u00e9e et dans un ordre diff\u00e9rent, ce qui te rend beaucoup plus susceptible \u00e0 les m\u00e9moriser.<\/p>\n\n\n\n<p>Nous sommes un compagnie de R\u00e9publique tch\u00e8que fond\u00e9e en 2020 par Petr Her\u00e1leck\u00fd. Notre \u00e9quipe de d\u00e9veloppeurs, de sp\u00e9cialistes des relations publiques, administrateurs de support et de linguistes travaillent ensemble pour rendre l&rsquo;aprentissage des langues amusant et efficace pour tous ceux qui veulent apprendre n&rsquo;importe o\u00f9 ils sont.<\/p>\n<\/div>\n\n\n\n<div class=\"wp-block-column is-vertically-aligned-top is-layout-flow wp-block-column-is-layout-flow\" style=\"flex-basis:25%\">\n<figure class=\"wp-block-image aligncenter size-large is-resized\"><img fetchpriority=\"high\" decoding=\"async\" src=\"https:\/\/duocards.com\/wp-content\/uploads\/2023\/02\/numbers-558x1024.png\" alt=\"\" class=\"wp-image-3069\" width=\"178\" height=\"327\" srcset=\"https:\/\/duocards.com\/wp-content\/uploads\/2023\/02\/numbers-558x1024.png 558w, https:\/\/duocards.com\/wp-content\/uploads\/2023\/02\/numbers-164x300.png 164w, https:\/\/duocards.com\/wp-content\/uploads\/2023\/02\/numbers-768x1408.png 768w, https:\/\/duocards.com\/wp-content\/uploads\/2023\/02\/numbers.png 800w\" sizes=\"(max-width: 178px) 100vw, 178px\" \/><\/figure><\/div>\n<\/div>\n\n<h2 class=\"wp-block-heading\" id=\"product\"><strong>Produit<\/strong><\/h2>\n\n<p>L&rsquo;une des principales incitations \u00e0 cr\u00e9er une application d&rsquo;apprentissage des langues \u00e9tait le manque de certaines fonctionnalit\u00e9s essentielles dans d&rsquo;autres applications de m\u00eame orientation, comme par exemple le fait d&rsquo;avoir la possibilit\u00e9 d&rsquo;enregistrer tes propres mots. Avec DuoCards, non seulement tu peux enregistrer les mots que tu rencontres n&rsquo;importe o\u00f9 sur Internet, mais le traducteur int\u00e9gr\u00e9 te montrera \u00e9galement la traduction imm\u00e9diatement. Tout ce qu&rsquo;il faut, c&rsquo;est de taper.<\/p>\n\n<p>Gr\u00e2ce \u00e0 l&rsquo;algorithme utilis\u00e9 par cette application, tu apprendras de la mani\u00e8re la plus efficace. De plus, cet algorithme garde une trace de ce que tu as appris pour que tu n&rsquo;aies pas \u00e0 le faire. L&rsquo;application conna\u00eet le meilleur moment pour faire pratiquer de nouveaux mots et conna\u00ect le meilleur moment pour r\u00e9viser. C&rsquo;est comme avoir un tuteur de langue en ligne priv\u00e9 ! <\/p>\n\n<p>Nous voulons que chacun ait la possibilit\u00e9 de tester l&rsquo;efficacit\u00e9 de cette m\u00e9thode d&rsquo;apprentissage. C&rsquo;est pourquoi il est possible d&rsquo;utiliser DuoCards enti\u00e8rement gratuitement. Tu peux cr\u00e9er des cartes m\u00e9moire et des ensembles complets de cartes, tu peux enregistrer des mots \u00e0 partir de vid\u00e9os et d&rsquo;articles et tu peux am\u00e9liorer tes connaissances en suivant certains de nos cours de grammaire.<br\/><br\/>Dans la version premium, il n&rsquo;y a pas de limite du nombre de cartes pouvant \u00eatre ajout\u00e9es par jour. Tu peux trier les mots dans diff\u00e9rents fichiers et les filtrer afin de choisir ce que tu veux apprendre.<\/p>\n\n<p>Notre application te permet \u00e9galement de cr\u00e9er tes propres ensembles de cartes et d&rsquo;articles. De cette fa\u00e7on, les enseignants peuvent cr\u00e9er leurs propres supports d&rsquo;apprentissage et les partager avec leurs \u00e9l\u00e8ves.<\/p>\n\n<h2 class=\"wp-block-heading\" id=\"careers\"><strong>Carri\u00e8res<\/strong><\/h2>\n\n<p>Nous sommes une \u00e9quipe internationale travaillant ensemble pour rendre l&rsquo;apprentissage des langues amusant et plus accessible. Notre bureau est bas\u00e9 au c\u0153ur du p\u00f4le technologique en plein essor de la R\u00e9publique tch\u00e8que, Brno,dans lequel nous adoptons une approche hybride de la journ\u00e9e de travail.<\/p>\n\n<p>Tu souhaites rejoindre notre \u00e9quipe? D\u00e9couvre ci-dessous les postes \u00e0 pourvoir actuellement !<\/p>\n\n<p><em>Il n&rsquo;y a pas de postes vacants actuellement.<\/em><\/p>\n\n<p><\/p>\n","protected":false},"excerpt":{"rendered":"<p>La mission Peu importe si tu apprends pour ton nouveau travail, un nouvel amour ou simplement pour apprendre une nouvelle comp\u00e9tence, DuoCards t&rsquo;aide \u00e0 faciliter le processus. Peu importe la langue que tu choisis, notre but est de t&rsquo;aider \u00e0 rester motiv\u00e9 et \u00e0 apprendre d&rsquo;une fa\u00e7on efficace. C&rsquo;est essentiel d&rsquo;utiliser les flashcards en tant [&hellip;]<\/p>\n","protected":false},"author":1,"featured_media":0,"parent":0,"menu_order":0,"comment_status":"closed","ping_status":"closed","template":"","meta":{"footnotes":""},"class_list":["post-3945","page","type-page","status-publish","hentry"],"aioseo_notices":[],"_links":{"self":[{"href":"https:\/\/duocards.com\/fr\/wp-json\/wp\/v2\/pages\/3945","targetHints":{"allow":["GET"]}}],"collection":[{"href":"https:\/\/duocards.com\/fr\/wp-json\/wp\/v2\/pages"}],"about":[{"href":"https:\/\/duocards.com\/fr\/wp-json\/wp\/v2\/types\/page"}],"author":[{"embeddable":true,"href":"https:\/\/duocards.com\/fr\/wp-json\/wp\/v2\/users\/1"}],"replies":[{"embeddable":true,"href":"https:\/\/duocards.com\/fr\/wp-json\/wp\/v2\/comments?post=3945"}],"version-history":[{"count":0,"href":"https:\/\/duocards.com\/fr\/wp-json\/wp\/v2\/pages\/3945\/revisions"}],"wp:attachment":[{"href":"https:\/\/duocards.com\/fr\/wp-json\/wp\/v2\/media?parent=3945"}],"curies":[{"name":"wp","href":"https:\/\/api.w.org\/{rel}","templated":true}]}}