{"id":2444,"date":"2022-08-11T06:41:32","date_gmt":"2022-08-11T06:41:32","guid":{"rendered":"https:\/\/duocards.com\/commencez\/"},"modified":"2026-01-16T16:35:53","modified_gmt":"2026-01-16T16:35:53","slug":"commencez","status":"publish","type":"page","link":"https:\/\/duocards.com\/fr\/commencez\/","title":{"rendered":"Commencez"},"content":{"rendered":"\n<h2 class=\"wp-block-heading has-text-align-center\" id=\"1-download\">1. T\u00e9l\u00e9charger<\/h2>\n\n<div class=\"wp-block-group is-layout-flow wp-block-group-is-layout-flow\" style=\"padding-bottom:50px\">\n<div class=\"buttons\">\n  <div class=\"buttons-top\">\n    <a href=\"https:\/\/play.google.com\/store\/apps\/details?id=com.duocards.app\" class=\"top-android android-btn\"><img decoding=\"async\" src=\"https:\/\/storage.googleapis.com\/cdn.duocards.com\/wp\/android.png\"><\/a>\n    <a href=\"https:\/\/apps.apple.com\/us\/app\/duocards-learning-decks\/id1508159917\" class=\"top-ios\"><img decoding=\"async\" src=\"https:\/\/storage.googleapis.com\/cdn.duocards.com\/wp\/ios.png\"><\/a>\n  <\/div>\n  <div class=\"buttons-bottom\">\n    <a href=\"\/\/app.duocards.com\"><div style=\"font-size: 17px; margin-right: 10px\"><img decoding=\"async\" src=\"https:\/\/cdn.duocards.com\/svg\/browser.svg\" style=\"margin-right: 5px\" width=\"23\" height=\"23\" alt=\"Browser\"><\/div>\n      <div>Browser<\/div><\/a><a href=\"https:\/\/chrome.google.com\/webstore\/detail\/duocards\/bgojhcbkjlloemicdchpifpnbcjiijmd\"><img decoding=\"async\" src=\"https:\/\/cdn.duocards.com\/img\/laptopChrome.png\" style=\"margin-right: 5px\" width=\"23\" height=\"23\" alt=\"Chrome extension\">\n      <div>Chrome<\/div><\/a><a href=\"https:\/\/apps.apple.com\/us\/app\/duocards-learning-decks\/id1508159917\" class=\"bottom-ios\"><svg width=\"23\" height=\"23\" focusable=\"false\" viewBox=\"0 0 24 24\" aria-hidden=\"true\">\n        <path d=\"M18.71 19.5c-.83 1.24-1.71 2.45-3.05 2.47-1.34.03-1.77-.79-3.29-.79-1.53 0-2 .77-3.27.82-1.31.05-2.3-1.32-3.14-2.53C4.25 17 2.94 12.45 4.7 9.39c.87-1.52 2.43-2.48 4.12-2.51 1.28-.02 2.5.87 3.29.87.78 0 2.26-1.07 3.81-.91.65.03 2.47.26 3.64 1.98-.09.06-2.17 1.28-2.15 3.81.03 3.02 2.65 4.03 2.68 4.04-.03.07-.42 1.44-1.38 2.83M13 3.5c.73-.83 1.94-1.46 2.94-1.5.13 1.17-.34 2.35-1.04 3.19-.69.85-1.83 1.51-2.95 1.42-.15-1.15.41-2.35 1.05-3.11z\"><\/path>\n      <\/svg>\n      &nbsp;iOS<\/a><a href=\"https:\/\/play.google.com\/store\/apps\/details?id=com.duocards.app\" class=\"bottom-android android-btn\"><svg width=\"23\" height=\"23\" focusable=\"false\" viewBox=\"0 0 24 24\" aria-hidden=\"true\">\n        <path d=\"M6 18c0 .55.45 1 1 1h1v3.5c0 .83.67 1.5 1.5 1.5s1.5-.67 1.5-1.5V19h2v3.5c0 .83.67 1.5 1.5 1.5s1.5-.67 1.5-1.5V19h1c.55 0 1-.45 1-1V8H6v10zM3.5 8C2.67 8 2 8.67 2 9.5v7c0 .83.67 1.5 1.5 1.5S5 17.33 5 16.5v-7C5 8.67 4.33 8 3.5 8zm17 0c-.83 0-1.5.67-1.5 1.5v7c0 .83.67 1.5 1.5 1.5s1.5-.67 1.5-1.5v-7c0-.83-.67-1.5-1.5-1.5zm-4.97-5.84l1.3-1.3c.2-.2.2-.51 0-.71-.2-.2-.51-.2-.71 0l-1.48 1.48C13.85 1.23 12.95 1 12 1c-.96 0-1.86.23-2.66.63L7.85.15c-.2-.2-.51-.2-.71 0-.2.2-.2.51 0 .71l1.31 1.31C6.97 3.26 6 5.01 6 7h12c0-1.99-.97-3.75-2.47-4.84zM10 5H9V4h1v1zm5 0h-1V4h1v1z\"><\/path>\n      <\/svg>\n      &nbsp;Android<\/a>\n  <\/div>\n<\/div>\n<\/div>\n\n<h2 class=\"wp-block-heading has-text-align-center\" id=\"2-learn-laguages-fast\" style=\"padding-bottom:var(--wp--preset--spacing--40)\">2. Apprenez les langues rapidement<\/h2>\n\n<div class=\"wp-block-columns alignwide is-layout-flex wp-container-core-columns-is-layout-28f84493 wp-block-columns-is-layout-flex\">\n<div class=\"wp-block-column has-black-color has-text-color is-layout-flow wp-block-column-is-layout-flow\">\n<div class=\"wp-block-group features-icon has-white-color has-text-color is-layout-flow wp-block-group-is-layout-flow\">\n<svg class=\"main-blue\" fill=\"#00ab4d\" focusable=\"false\" viewbox=\"0 0 24 24\" aria-hidden=\"true\"><path d=\"M7 19h10V4H7v15zm-5-2h4V6H2v11zM18 6v11h4V6h-4z\"><\/path><\/svg>\n<\/div>\n\n\n\n<h6 class=\"wp-block-heading alignfull has-text-align-center black has-medium-font-size\" id=\"loren-title-role\"><strong>Apprenez une langue \u00e0 l&rsquo;aide de flashcards<\/strong><\/h6>\n\n\n\n<p class=\"has-text-align-center has-white-color has-text-color\" style=\"font-size:17px;font-style:normal;font-weight:100\"><\/p>\n<\/div>\n\n\n\n<div class=\"wp-block-column features-icons has-black-color has-text-color is-layout-flow wp-block-column-is-layout-flow\">\n<div class=\"wp-block-group features-icon has-red-color has-text-color is-layout-flow wp-block-group-is-layout-flow\">\n<svg class=\"main-blue\" fill=\"#00ab4d\" focusable=\"false\" viewbox=\"0 0 24 24\" aria-hidden=\"true\"><path d=\"M19 3h-4.18C14.4 1.84 13.3 1 12 1c-1.3 0-2.4.84-2.82 2H5c-1.1 0-2 .9-2 2v14c0 1.1.9 2 2 2h14c1.1 0 2-.9 2-2V5c0-1.1-.9-2-2-2zm-7 0c.55 0 1 .45 1 1s-.45 1-1 1-1-.45-1-1 .45-1 1-1zm2 14H7v-2h7v2zm3-4H7v-2h10v2zm0-4H7V7h10v2z\"><\/path><\/svg>\n<\/div>\n\n\n\n<h6 class=\"wp-block-heading has-text-align-center black has-black-color has-text-color has-medium-font-size\" id=\"loren-title-role\"><strong>Enregistrez les mots depuis votre t\u00e9l\u00e9phone ou en utilisant Chrome Extension.<\/strong><\/h6>\n<\/div>\n\n\n\n<div class=\"wp-block-column has-black-color has-text-color is-layout-flow wp-block-column-is-layout-flow\">\n<div class=\"wp-block-group features-icon is-layout-flow wp-block-group-is-layout-flow\">\n<svg class=\"main-blue\" fill=\"#00ab4d\" viewbox=\"0 0 24 24\"><path d=\"M10 15l5.19-3L10 9v6m11.56-7.83c.13.47.22 1.1.28 1.9.07.8.1 1.49.1 2.09L22 12c0 2.19-.16 3.8-.44 4.83-.25.9-.83 1.48-1.73 1.73-.47.13-1.33.22-2.65.28-1.3.07-2.49.1-3.59.1L12 19c-4.19 0-6.8-.16-7.83-.44-.9-.25-1.48-.83-1.73-1.73-.13-.47-.22-1.1-.28-1.9-.07-.8-.1-1.49-.1-2.09L2 12c0-2.19.16-3.8.44-4.83.25-.9.83-1.48 1.73-1.73.47-.13 1.33-.22 2.65-.28 1.3-.07 2.49-.1 3.59-.1L12 5c4.19 0 6.8.16 7.83.44.9.25 1.48.83 1.73 1.73z\"><\/path><\/svg>\n<\/div>\n\n\n\n<h6 class=\"wp-block-heading alignwide has-text-align-center has-medium-font-size\" id=\"loren-title-role\"><strong>Apprenez en regardant des vid\u00e9os et des films dans votre langue cible<\/strong><\/h6>\n<\/div>\n\n\n\n<div class=\"wp-block-column has-black-color has-text-color is-layout-flow wp-block-column-is-layout-flow\">\n<div class=\"wp-block-group features-icon is-layout-flow wp-block-group-is-layout-flow\">\n<svg class=\"main-blue\" fill=\"#00ab4d\" focusable=\"false\" viewbox=\"0 0 24 24\" aria-hidden=\"true\"><path d=\"M12.87 15.07l-2.54-2.51.03-.03c1.74-1.94 2.98-4.17 3.71-6.53H17V4h-7V2H8v2H1v1.99h11.17C11.5 7.92 10.44 9.75 9 11.35 8.07 10.32 7.3 9.19 6.69 8h-2c.73 1.63 1.73 3.17 2.98 4.56l-5.09 5.02L4 19l5-5 3.11 3.11.76-2.04zM18.5 10h-2L12 22h2l1.12-3h4.75L21 22h2l-4.5-12zm-2.62 7l1.62-4.33L19.12 17h-3.24z\"><\/path><\/svg>\n<\/div>\n\n\n\n<h6 class=\"wp-block-heading has-text-align-center black has-medium-font-size\" id=\"loren-title-role\"><strong>Utilisez le traducteur int\u00e9gr\u00e9<\/strong><\/h6>\n<\/div>\n\n\n\n<div class=\"wp-block-column has-black-color has-text-color is-layout-flow wp-block-column-is-layout-flow\">\n<div class=\"wp-block-group features-icon is-layout-flow wp-block-group-is-layout-flow\">\n<svg class=\"main-blue\" fill=\"#00ab4d\" focusable=\"false\" viewbox=\"0 0 24 24\" aria-hidden=\"true\"><path d=\"M23 8c0 1.1-.9 2-2 2-.18 0-.35-.02-.51-.07l-3.56 3.55c.05.16.07.34.07.52 0 1.1-.9 2-2 2s-2-.9-2-2c0-.18.02-.36.07-.52l-2.55-2.55c-.16.05-.34.07-.52.07s-.36-.02-.52-.07l-4.55 4.56c.05.16.07.33.07.51 0 1.1-.9 2-2 2s-2-.9-2-2 .9-2 2-2c.18 0 .35.02.51.07l4.56-4.55C8.02 9.36 8 9.18 8 9c0-1.1.9-2 2-2s2 .9 2 2c0 .18-.02.36-.07.52l2.55 2.55c.16-.05.34-.07.52-.07s.36.02.52.07l3.55-3.56C19.02 8.35 19 8.18 19 8c0-1.1.9-2 2-2s2 .9 2 2z\"><\/path><\/svg>\n<\/div>\n\n\n\n<h6 class=\"wp-block-heading has-text-align-center black has-medium-font-size\" id=\"loren-title-role\"><strong>Utiliser la m\u00e9thode de r\u00e9p\u00e9tition de l&rsquo;espace efficace traducteur int\u00e9gr\u00e9<\/strong><\/h6>\n<\/div>\n<\/div>\n","protected":false},"excerpt":{"rendered":"<p>1. T\u00e9l\u00e9charger 2. Apprenez les langues rapidement Apprenez une langue \u00e0 l&rsquo;aide de flashcards Enregistrez les mots depuis votre t\u00e9l\u00e9phone ou en utilisant Chrome Extension. Apprenez en regardant des vid\u00e9os et des films dans votre langue cible Utilisez le traducteur int\u00e9gr\u00e9 Utiliser la m\u00e9thode de r\u00e9p\u00e9tition de l&rsquo;espace efficace traducteur int\u00e9gr\u00e9<\/p>\n","protected":false},"author":1,"featured_media":0,"parent":0,"menu_order":0,"comment_status":"closed","ping_status":"closed","template":"","meta":{"footnotes":""},"class_list":["post-2444","page","type-page","status-publish","hentry"],"aioseo_notices":[],"_links":{"self":[{"href":"https:\/\/duocards.com\/fr\/wp-json\/wp\/v2\/pages\/2444","targetHints":{"allow":["GET"]}}],"collection":[{"href":"https:\/\/duocards.com\/fr\/wp-json\/wp\/v2\/pages"}],"about":[{"href":"https:\/\/duocards.com\/fr\/wp-json\/wp\/v2\/types\/page"}],"author":[{"embeddable":true,"href":"https:\/\/duocards.com\/fr\/wp-json\/wp\/v2\/users\/1"}],"replies":[{"embeddable":true,"href":"https:\/\/duocards.com\/fr\/wp-json\/wp\/v2\/comments?post=2444"}],"version-history":[{"count":2,"href":"https:\/\/duocards.com\/fr\/wp-json\/wp\/v2\/pages\/2444\/revisions"}],"predecessor-version":[{"id":9551,"href":"https:\/\/duocards.com\/fr\/wp-json\/wp\/v2\/pages\/2444\/revisions\/9551"}],"wp:attachment":[{"href":"https:\/\/duocards.com\/fr\/wp-json\/wp\/v2\/media?parent=2444"}],"curies":[{"name":"wp","href":"https:\/\/api.w.org\/{rel}","templated":true}]}}