{"id":9681,"date":"2026-03-05T15:49:49","date_gmt":"2026-03-05T15:49:49","guid":{"rendered":"https:\/\/duocards.com\/gana-con-duocards\/"},"modified":"2026-03-06T15:15:20","modified_gmt":"2026-03-06T15:15:20","slug":"gana-con-duocards","status":"publish","type":"page","link":"https:\/\/duocards.com\/es\/gana-con-duocards\/","title":{"rendered":"Gana con DuoCards"},"content":{"rendered":"\t\t<div data-elementor-type=\"wp-page\" data-elementor-id=\"9681\" class=\"elementor elementor-9681 elementor-9581\" data-elementor-post-type=\"page\">\n\t\t\t\t<div class=\"elementor-element elementor-element-ad8ac02 e-flex e-con-boxed e-con e-parent\" data-id=\"ad8ac02\" data-element_type=\"container\" data-settings=\"{&quot;background_background&quot;:&quot;classic&quot;}\">\n\t\t\t\t\t<div class=\"e-con-inner\">\n\t\t<div class=\"elementor-element elementor-element-1d4aed2b e-con-full e-flex e-con e-child\" data-id=\"1d4aed2b\" data-element_type=\"container\">\n\t\t\t\t<div class=\"elementor-element elementor-element-26bc846d elementor-widget elementor-widget-heading\" data-id=\"26bc846d\" data-element_type=\"widget\" data-widget_type=\"heading.default\">\n\t\t\t\t<div class=\"elementor-widget-container\">\n\t\t\t\t\t<h1 class=\"elementor-heading-title elementor-size-default\">Ayuda a otros a aprender con DuoCards y obt\u00e9n recompensas<\/h1>\t\t\t\t<\/div>\n\t\t\t\t<\/div>\n\t\t\t\t<div class=\"elementor-element elementor-element-85521ba elementor-widget elementor-widget-text-editor\" data-id=\"85521ba\" data-element_type=\"widget\" data-widget_type=\"text-editor.default\">\n\t\t\t\t<div class=\"elementor-widget-container\">\n\t\t\t\t\t\t\t\t\t<p>\u00bfEnse\u00f1as idiomas, escribes un blog, diriges un canal en las redes sociales o simplemente te encanta nuestra aplicaci\u00f3n? Puedes ganar dinero recomendando DuoCards a otras personas. <\/p>\t\t\t\t\t\t\t\t<\/div>\n\t\t\t\t<\/div>\n\t\t\t\t<\/div>\n\t\t<div class=\"elementor-element elementor-element-3fe29a8 e-con-full e-flex e-con e-child\" data-id=\"3fe29a8\" data-element_type=\"container\">\n\t\t\t\t<div class=\"elementor-element elementor-element-3600b1d2 elementor-widget elementor-widget-image\" data-id=\"3600b1d2\" data-element_type=\"widget\" data-widget_type=\"image.default\">\n\t\t\t\t<div class=\"elementor-widget-container\">\n\t\t\t\t\t\t\t\t\t\t\t\t\t\t\t<img fetchpriority=\"high\" decoding=\"async\" width=\"607\" height=\"607\" src=\"https:\/\/duocards.com\/wp-content\/uploads\/2026\/03\/mammoth-without-background.png\" class=\"attachment-large size-large wp-image-9682\" alt=\"\" srcset=\"https:\/\/duocards.com\/wp-content\/uploads\/2026\/03\/mammoth-without-background.png 607w, https:\/\/duocards.com\/wp-content\/uploads\/2026\/03\/mammoth-without-background-300x300.png 300w, https:\/\/duocards.com\/wp-content\/uploads\/2026\/03\/mammoth-without-background-150x150.png 150w, https:\/\/duocards.com\/wp-content\/uploads\/2026\/03\/mammoth-without-background-70x70.png 70w\" sizes=\"(max-width: 607px) 100vw, 607px\" \/>\t\t\t\t\t\t\t\t\t\t\t\t\t\t\t<\/div>\n\t\t\t\t<\/div>\n\t\t\t\t<\/div>\n\t\t\t\t\t<\/div>\n\t\t\t\t<\/div>\n\t\t<div class=\"elementor-element elementor-element-315ee3e e-flex e-con-boxed e-con e-parent\" data-id=\"315ee3e\" data-element_type=\"container\">\n\t\t\t\t\t<div class=\"e-con-inner\">\n\t\t\t\t<div class=\"elementor-element elementor-element-c0301dd elementor-widget elementor-widget-text-editor\" data-id=\"c0301dd\" data-element_type=\"widget\" data-widget_type=\"text-editor.default\">\n\t\t\t\t<div class=\"elementor-widget-container\">\n\t\t\t\t\t\t\t\t\t<p data-start=\"476\" data-end=\"609\">Comparte tu enlace \u00fanico de afiliado y recibe una comisi\u00f3n cuando alguien se una a DuoCards a trav\u00e9s de tu enlace y compre una suscripci\u00f3n.<\/p>\n<p data-start=\"611\" data-end=\"680\">Es sencillo, transparente y est\u00e1 abierto a cualquiera que tenga una cuenta DuoCards.<\/p>\n<p data-start=\"611\" data-end=\"680\"> <\/p>\n<h2 data-start=\"687\" data-end=\"702\">C\u00f3mo funciona<\/h2>\n<h4 data-start=\"704\" data-end=\"730\">1. Consigue tu enlace promocional<\/h4>\n<p data-start=\"731\" data-end=\"870\">Activa el programa de afiliaci\u00f3n en tu cuenta DuoCards.<br data-start=\"787\" data-end=\"790\">Recibir\u00e1s un <strong data-start=\"809\" data-end=\"830\">enlace promocional \u00fanico<\/strong> que rastrea a los usuarios que se afilian a trav\u00e9s de ti.<\/p>\n<h4 data-start=\"872\" data-end=\"893\">2. Compartir DuoCards<\/h4>\n<p data-start=\"894\" data-end=\"1011\">Publica el enlace en las redes sociales, en tu sitio web, blog o canal de YouTube, o env\u00edalo directamente a tus alumnos o amigos.<\/p>\n<h4 data-start=\"1013\" data-end=\"1035\">3. Ganar comisi\u00f3n<\/h4>\n<p data-start=\"1036\" data-end=\"1154\">Cuando alguien se registra a trav\u00e9s de tu enlace y compra una suscripci\u00f3n, ganas el 50% de comisi\u00f3n de su primer pago.<\/p>\n<p data-start=\"1036\" data-end=\"1154\"> <\/p>\n<h2 data-start=\"2070\" data-end=\"2084\">Empezar a trabajar<\/h2>\n<p data-start=\"2086\" data-end=\"2150\">Puedes activar el programa de afiliados directamente en tu cuenta.<\/p>\n<p data-start=\"2152\" data-end=\"2197\"><strong data-start=\"2152\" data-end=\"2162\">Ir a:<\/strong><br data-start=\"2162\" data-end=\"2165\">Cuenta \u2192 <strong data-start=\"2175\" data-end=\"2197\">Ganar con DuoCards<\/strong><\/p>\n<p data-start=\"2199\" data-end=\"2289\">Tras la activaci\u00f3n, recibir\u00e1s tu enlace promocional \u00fanico y podr\u00e1s empezar a compartir inmediatamente.<\/p>\n<p data-start=\"2199\" data-end=\"2289\"> <\/p>\n<p data-start=\"2199\" data-end=\"2289\"> <\/p>\n<p data-start=\"2488\" data-end=\"2566\">Al activar el programa de afiliaci\u00f3n, aceptas nuestro <a href=\"https:\/\/duocards.com\/en\/affiliate-agreement\/\">Acuerdo de afiliaci\u00f3n<\/a>.<\/p>\t\t\t\t\t\t\t\t<\/div>\n\t\t\t\t<\/div>\n\t\t\t\t\t<\/div>\n\t\t\t\t<\/div>\n\t\t\t\t<\/div>\n\t\t","protected":false},"excerpt":{"rendered":"<p>Ayuda a otros a aprender con DuoCards y obt\u00e9n recompensas \u00bfEnse\u00f1as idiomas, escribes un blog, diriges un canal en las redes sociales o simplemente te encanta nuestra aplicaci\u00f3n? Puedes ganar dinero recomendando DuoCards a otras personas. Comparte tu enlace \u00fanico de afiliado y recibe una comisi\u00f3n cuando alguien se una a DuoCards a trav\u00e9s de [&hellip;]<\/p>\n","protected":false},"author":32,"featured_media":0,"parent":0,"menu_order":0,"comment_status":"closed","ping_status":"closed","template":"elementor_header_footer","meta":{"footnotes":""},"class_list":["post-9681","page","type-page","status-publish","hentry"],"aioseo_notices":[],"_links":{"self":[{"href":"https:\/\/duocards.com\/es\/wp-json\/wp\/v2\/pages\/9681","targetHints":{"allow":["GET"]}}],"collection":[{"href":"https:\/\/duocards.com\/es\/wp-json\/wp\/v2\/pages"}],"about":[{"href":"https:\/\/duocards.com\/es\/wp-json\/wp\/v2\/types\/page"}],"author":[{"embeddable":true,"href":"https:\/\/duocards.com\/es\/wp-json\/wp\/v2\/users\/32"}],"replies":[{"embeddable":true,"href":"https:\/\/duocards.com\/es\/wp-json\/wp\/v2\/comments?post=9681"}],"version-history":[{"count":1,"href":"https:\/\/duocards.com\/es\/wp-json\/wp\/v2\/pages\/9681\/revisions"}],"predecessor-version":[{"id":9690,"href":"https:\/\/duocards.com\/es\/wp-json\/wp\/v2\/pages\/9681\/revisions\/9690"}],"wp:attachment":[{"href":"https:\/\/duocards.com\/es\/wp-json\/wp\/v2\/media?parent=9681"}],"curies":[{"name":"wp","href":"https:\/\/api.w.org\/{rel}","templated":true}]}}