{"id":9506,"date":"2023-02-13T15:14:51","date_gmt":"2023-02-13T15:14:51","guid":{"rendered":"https:\/\/duocards.com\/pulsa\/"},"modified":"2026-01-16T16:18:42","modified_gmt":"2026-01-16T16:18:42","slug":"pulsa","status":"publish","type":"page","link":"https:\/\/duocards.com\/es\/pulsa\/","title":{"rendered":"Pulsa"},"content":{"rendered":"\t\t<div data-elementor-type=\"wp-page\" data-elementor-id=\"9506\" class=\"elementor elementor-9506 elementor-3305\" data-elementor-post-type=\"page\">\n\t\t\t\t<div class=\"elementor-element elementor-element-019e7d8 e-flex e-con-boxed e-con e-parent\" data-id=\"019e7d8\" data-element_type=\"container\">\n\t\t\t\t\t<div class=\"e-con-inner\">\n\t\t\t\t<div class=\"elementor-element elementor-element-a09977d elementor-widget elementor-widget-text-editor\" data-id=\"a09977d\" data-element_type=\"widget\" data-widget_type=\"text-editor.default\">\n\t\t\t\t<div class=\"elementor-widget-container\">\n\t\t\t\t\t\t\t\t\t<h2 class=\"wp-block-heading\">Nuestra misi\u00f3n<\/h2><p>Tenemos la misi\u00f3n de convertir el aprendizaje de idiomas en una aventura apasionante para todos, \u00a1en cualquier parte del mundo!<\/p><p>Nuestra aplicaci\u00f3n basada en fichas combina el poder de la repetici\u00f3n espaciada con ejemplos reales de v\u00eddeos y art\u00edculos, haciendo que dominar un nuevo idioma sea divertido, eficaz y atractivo.<\/p><div class=\"wp-block-spacer\" style=\"height: 41px;\" aria-hidden=\"true\"> <\/div><h2 class=\"wp-block-heading\">Acerca de nuestra empresa<\/h2><p>Cuando Petr Her\u00e1leck\u00fd se propuso aprender portugu\u00e9s, no encontr\u00f3 ninguna aplicaci\u00f3n que le ayudara a aprender nuevo vocabulario de forma eficaz y divertida.<\/p><p>As\u00ed que construy\u00f3 el suyo propio.<\/p><p>En 2020, tras un a\u00f1o de desarrollo, Petr conoci\u00f3 a Radim Poloch en un curso de kitesurf, y juntos crearon DuoCards tal y como la conoces ahora.<\/p><p>Hoy en d\u00eda, \u00a1la aplicaci\u00f3n tiene m\u00e1s de 5 millones de descargas!<\/p><p>Nuestro equipo trabaja desde Brno, el vibrante centro tecnol\u00f3gico de la Rep\u00fablica Checa.<\/p><p>En diciembre de 2023, DuoCards recibi\u00f3 una inversi\u00f3n del fondo de capital riesgo nacional N1. La inyecci\u00f3n de fondos se destina al desarrollo de funciones adicionales de la aplicaci\u00f3n y al marketing centrado en el mercado estadounidense y mundial. <\/p><div class=\"wp-block-spacer\" style=\"height: 40px;\" aria-hidden=\"true\"> <\/div><figure class=\"wp-block-image size-large\"><img fetchpriority=\"high\" decoding=\"async\" width=\"1024\" height=\"683\" class=\"wp-image-4585\" title=\"\" src=\"https:\/\/duocards.com\/wp-content\/uploads\/2024\/10\/DuoCards-1024x683.webp\" alt=\"\" srcset=\"https:\/\/duocards.com\/wp-content\/uploads\/2024\/10\/DuoCards-1024x683.webp 1024w, https:\/\/duocards.com\/wp-content\/uploads\/2024\/10\/DuoCards-300x200.webp 300w, https:\/\/duocards.com\/wp-content\/uploads\/2024\/10\/DuoCards-768x512.webp 768w, https:\/\/duocards.com\/wp-content\/uploads\/2024\/10\/DuoCards.webp 1170w\" sizes=\"(max-width: 1024px) 100vw, 1024px\" \/><\/figure><div class=\"wp-block-spacer\" style=\"height: 40px;\" aria-hidden=\"true\"> <\/div><h2 class=\"wp-block-heading\">Aprende idiomas con DuoCards<\/h2><p>\u00a1La aplicaci\u00f3n DuoCards est\u00e1 lista para que la explores! Desc\u00e1rgala ahora en <a href=\"https:\/\/apps.apple.com\/us\/app\/duocards-learning-decks\/id1508159917\">AppStore<\/a> y <a href=\"https:\/\/play.google.com\/store\/apps\/details?id=com.duocards.app&amp;referrer=website&amp;pli=1\">GooglePlay<\/a>, o pru\u00e9bala a trav\u00e9s de tu <a href=\"https:\/\/app.duocards.com\/\">navegador web<\/a> o <a href=\"https:\/\/chrome.google.com\/webstore\/detail\/duocards\/bgojhcbkjlloemicdchpifpnbcjiijmd\">extensi\u00f3n de Chrome<\/a>. <\/p><div class=\"numbers gradient-section\"><div class=\"number-item\"><span class=\"numbers-big gradient-text\">5M+ <\/span><br><span class=\"numbers-small gradient-text\">descargas<\/span><\/div><div class=\"number-item\"><span class=\"numbers-big gradient-text\">100+ <\/span><br><span class=\"numbers-small gradient-text\">idiomas<\/span><\/div><div class=\"number-item\"><span class=\"numbers-big gradient-text\">189 <\/span><br><span class=\"numbers-small gradient-text\">pa\u00edses usuarios<\/span><\/div><\/div><div class=\"wp-block-spacer\" style=\"height: 40px;\" aria-hidden=\"true\"> <\/div><h2 class=\"wp-block-heading\">\u00bfQu\u00e9 hace especial a nuestra aplicaci\u00f3n?<\/h2><div class=\"what-makes-app-special\"><div><h5><strong>Contenidos de aprendizaje preparados<\/strong><\/h5><p>\u00a1Se acab\u00f3 la b\u00fasqueda! Ofrecemos una rica biblioteca de v\u00eddeos y art\u00edculos, e incluso puedes a\u00f1adir tus propios materiales favoritos. <\/p><\/div><div><h5><strong>Desarrollo de habilidades todo en uno<\/strong><\/h5><p>Ampl\u00eda tu vocabulario a la vez que mejoras tus habilidades de lectura y comprensi\u00f3n oral.<\/p><\/div><div><h5><strong>Refuerzo inteligente de la memoria<\/strong><\/h5><p>Nuestro potente Sistema de Repetici\u00f3n Espaciada (SRS) te ayuda a recordar las palabras a largo plazo.<\/p><\/div><div><h5><strong>Creaci\u00f3n f\u00e1cil de Flashcards<\/strong><\/h5><p>Crea r\u00e1pidamente tarjetas personalizadas con s\u00f3lo unos clics.<\/p><\/div><div><h5><strong>Gamificaci\u00f3n atractiva<\/strong><\/h5><p>Cultiva tu car\u00e1cter Memo a medida que progresas, haciendo que el aprendizaje sea altamente motivador.<\/p><\/div><div><h5><strong>Traductor incorporado<\/strong><\/h5><p>Traduce palabras al instante sin salir de la aplicaci\u00f3n.<\/p><\/div><div><h5><strong>Extensi\u00f3n del navegador<\/strong><\/h5><p>Crea fichas sin esfuerzo desde cualquier p\u00e1gina web de tu ordenador o tel\u00e9fono.<\/p><\/div><\/div><div id=\"simple-translate\" class=\"simple-translate-system-theme\"><div><div class=\"simple-translate-button isShow\" style=\"background-image: url('moz-extension:\/\/8adc35c9-43da-49db-9981-61d1336af553\/icons\/512.png'); height: 22px; width: 22px; top: 317px; left: 111px;\"> <\/div><div class=\"simple-translate-panel \" style=\"width: 300px; height: 200px; top: 0px; left: 0px; font-size: 13px;\"><div class=\"simple-translate-result-wrapper\" style=\"overflow: hidden;\"><div class=\"simple-translate-move\" draggable=\"true\"> <\/div><div class=\"simple-translate-result-contents\"><p class=\"simple-translate-candidate\" dir=\"auto\"> <\/p><\/div><\/div><\/div><\/div><\/div>\t\t\t\t\t\t\t\t<\/div>\n\t\t\t\t<\/div>\n\t\t\t\t\t<\/div>\n\t\t\t\t<\/div>\n\t\t<div class=\"elementor-element elementor-element-1c90021 e-con-full e-flex e-con e-parent\" data-id=\"1c90021\" data-element_type=\"container\" data-settings=\"{&quot;background_background&quot;:&quot;classic&quot;}\">\n\t\t\t\t<div class=\"elementor-element elementor-element-d0da76a elementor-widget__width-initial elementor-widget elementor-widget-text-editor\" data-id=\"d0da76a\" data-element_type=\"widget\" data-widget_type=\"text-editor.default\">\n\t\t\t\t<div class=\"elementor-widget-container\">\n\t\t\t\t\t\t\t\t\t<h2 class=\"wp-block-heading\">DuoCards en las noticias<\/h2><div class=\"duocards-boxes\"><div><a href=\"https:\/\/money.com\/best-language-learning-software\/\" target=\"_blank\" rel=\"noopener nofollow\">El mejor software para aprender idiomas en 2022<\/a> &#8211; Money.com<\/div><div><a href=\"https:\/\/www.lidovky.cz\/pr\/sdeleni-komercni\/3-kroky-se-kterymi-posunete-sve-znalosti-cizich-jazyku-o-uroven-vys.A200918_135124_komercni-sdeleni_jedli\" target=\"_blank\" rel=\"noopener nofollow\">3 kroky, se kter\u00fdmi posunete sv\u00e9 znalosti ciz\u00edch jazyk\u016f o \u00farove\u0148 v\u00fd\u0161<\/a> &#8211; Lidovky.cz<\/div><div><a title=\"Pom\u00e1h\u00e1 s u\u010den\u00edm stovky jazyk\u016f, st\u00e1hly si ji u\u017e dva miliony lid\u00ed. \u010ceskou aplikaci te\u010f podpo\u0159il investor\" href=\"https:\/\/cc.cz\/pomaha-s-ucenim-stovky-jazyku-stahly-si-ji-uz-dva-miliony-lidi-ceskou-aplikaci-ted-podporil-investor\/\" target=\"_blank\" rel=\"noopener nofollow\">Pom\u00e1h\u00e1 s u\u010den\u00edm stovky jazyk\u016f, st\u00e1hly si ji u\u017e dva miliony lid\u00ed. \u010ceskou aplikaci te\u010f podpo\u0159il investor <\/a>  &#8211; CzechCrunch.cz<\/div><div><a title=\"Nau\u010dte se ciz\u00ed jazyk snadno a hrav\u011b. \u010cesk\u00e9 DuoCards z\u00edsk\u00e1v\u00e1 15 milion\u016f korun od N1\" href=\"https:\/\/roklen24.cz\/?quick_news=naucte-se-cizi-jazyk-snadno-a-hrave-ceske-duocards-ziskava-15-milionu-korun-od-n1\" target=\"_blank\" rel=\"noopener nofollow\">Nau\u010dte se ciz\u00ed jazyk snadno a hrav\u011b. \u010cesk\u00e9 DuoCards z\u00edsk\u00e1v\u00e1 15 milion\u016f korun od N1 <\/a>  &#8211; Roklen24.cz<\/div><div><a title=\"S u\u010den\u00edm se ciz\u00edho jazyka pom\u016f\u017ee AI. \u010cesk\u00e9 DuoCards z\u00edsk\u00e1v\u00e1 15 milion\u016f korun od N1\" href=\"https:\/\/aicrunch.cz\/s-ucenim-se-ciziho-jazyka-pomuze-ai-ceske-duocards-ziskava-15-milionu-korun-od-n1\/\" target=\"_blank\" rel=\"noopener nofollow\">S u\u010den\u00edm se ciz\u00edho jazyka pom\u016f\u017ee AI. \u010cesk\u00e9 DuoCards z\u00edsk\u00e1v\u00e1 15 milion\u016f korun od N1 <\/a>  &#8211; AICrunch.cz<\/div><div><a title=\"Nuestras aplicaciones favoritas para aprender idiomas (y un traductor de bolsillo)\" href=\"https:\/\/www.wired.com\/gallery\/best-language-learning-apps\/\" target=\"_blank\" rel=\"noopener nofollow\">Nuestras aplicaciones favoritas para aprender idiomas (y un traductor de bolsillo)<\/a> &#8211; Wired.com<\/div><div><a title=\"\u00bfEst\u00e1s aprendiendo un nuevo idioma? Estas son las mejores aplicaciones gratuitas\" href=\"https:\/\/www.thetravel.com\/best-free-language-apps\/\" target=\"_blank\" rel=\"noopener nofollow\">\u00bfEst\u00e1s aprendiendo un nuevo idioma? Estas son las mejores aplicaciones gratuitas <\/a>  &#8211; ElViaje.com<\/div><div><a href=\"https:\/\/www.fluentu.com\/blog\/learn\/language-flashcards-app\/\" target=\"_blank\" rel=\"noreferrer noopener\">Las 10 mejores aplicaciones de Flashcards para idiomas [Actualizadas para 2024]<\/a> &#8211; FluentU.com<\/div><\/div><div class=\"wp-block-spacer\" aria-hidden=\"true\"> <\/div><div aria-hidden=\"true\"> <\/div><div aria-hidden=\"true\"><h2 class=\"wp-block-heading\">Comentarios<\/h2><div class=\"duocards-boxes\"><div><a title=\"Aprende franc\u00e9s m\u00e1s r\u00e1pido con DuoCards\" href=\"https:\/\/learnfrenchwithalexa.com\/blog\/learn-french-faster-with-duocards\" target=\"_blank\" rel=\"noopener nofollow\">Aprende franc\u00e9s m\u00e1s r\u00e1pido con DuoCards<\/a> &#8211; LearnFrenchWithAlexa.com<\/div><div><a title=\"DuoCards: \u00bfuna aplicaci\u00f3n ideal para ti?\" href=\"https:\/\/jazykovymentoring.sk\/blog\/aplikacia-duocards\/\" target=\"_blank\" rel=\"noopener nofollow\">DuoCards: \u00bfuna aplicaci\u00f3n ideal para ti?<\/a>  &#8211; Jazykov\u00fdMentoring.sk<\/div><div><a title=\"DuoCards es una aplicaci\u00f3n de flashcards que utiliza la repetici\u00f3n espaciada para el aprendizaje de idiomas\" href=\"https:\/\/thelearningcounsel.com\/articles\/app-of-the-week\/duocards-is-a-flashcard-app-that-uses-spaced-repetition-for-language-learning\/\" target=\"_blank\" rel=\"noopener nofollow\">DuoCards es una aplicaci\u00f3n de flashcards que utiliza la repetici\u00f3n espaciada para el aprendizaje de idiomas<\/a> &#8211; TheLearningCounsel.com<\/div><div><a title=\"Revisi\u00f3n de DuoCards (2024): Aprendizaje de idiomas con tarjetas de vocabulario + repetici\u00f3n espaciada\" href=\"https:\/\/effortlessconversations.com\/language-product-reviews\/duocards-review\/\" target=\"_blank\" rel=\"noopener nofollow\">Revisi\u00f3n de DuoCards (2024): Aprendizaje de idiomas con tarjetas de vocabulario + repetici\u00f3n espaciada<\/a> &#8211; EffortlessConversation.com<\/div><div><a title=\"No te quedes sin tu nueva tarjeta y disfruta de la aplicaci\u00f3n DuoCards\" href=\"https:\/\/androidaplikace.cz\/index.php\/2023\/03\/naucte-se-novy-jazyk-a-uzijte-si-to-s-aplikaci-duocards\/\" target=\"_blank\" rel=\"noopener nofollow\">No te quedes sin tu nueva aplicaci\u00f3n DuoCards<\/a> &#8211; AndroidAplikace.cz<\/div><\/div><div class=\"wp-block-spacer\" aria-hidden=\"true\"> <\/div><\/div>\t\t\t\t\t\t\t\t<\/div>\n\t\t\t\t<\/div>\n\t\t\t\t<\/div>\n\t\t<div class=\"elementor-element elementor-element-dc35cd5 e-flex e-con-boxed e-con e-parent\" data-id=\"dc35cd5\" data-element_type=\"container\">\n\t\t\t\t\t<div class=\"e-con-inner\">\n\t\t\t\t<div class=\"elementor-element elementor-element-68cfc4c elementor-widget elementor-widget-text-editor\" data-id=\"68cfc4c\" data-element_type=\"widget\" data-widget_type=\"text-editor.default\">\n\t\t\t\t<div class=\"elementor-widget-container\">\n\t\t\t\t\t\t\t\t\t<div aria-hidden=\"true\">\n<h2 class=\"wp-block-heading\">Kit de prensa<\/h2>\n<p>Desc\u00e1rgate nuestra hoja informativa, logotipos, capturas de pantalla de la aplicaci\u00f3n y mucho m\u00e1s.<\/p>\n<p> <\/p>\n<div class=\"wp-block-buttons\">\n<div class=\"wp-block-button\"><a class=\"elementor-button wp-block-button__link wp-element-button\" href=\"https:\/\/drive.google.com\/drive\/folders\/15f6z936t9s2Npr7pP0hUb_kKfwoM_nIT?usp=sharing\" target=\"_blank\" rel=\"noreferrer noopener\">Descargar el dossier de prensa<\/a><\/div>\n<\/div>\n<\/div>\n<div class=\"wp-block-spacer\" aria-hidden=\"true\"> <\/div>\n<div aria-hidden=\"true\"> <\/div>\n<h2 class=\"wp-block-heading\">Contacta con nosotros<\/h2>\n<p>Para consultas sobre medios de comunicaci\u00f3n o asociaciones, ponte en contacto con nosotros en: <a href=\"mailto:pr@duocards.com\">pr@duocards.com<\/a><\/p>\t\t\t\t\t\t\t\t<\/div>\n\t\t\t\t<\/div>\n\t\t\t\t\t<\/div>\n\t\t\t\t<\/div>\n\t\t\t\t<\/div>\n\t\t","protected":false},"excerpt":{"rendered":"<p>Nuestra misi\u00f3n Tenemos la misi\u00f3n de convertir el aprendizaje de idiomas en una aventura apasionante para todos, \u00a1en cualquier parte del mundo! Nuestra aplicaci\u00f3n basada en fichas combina el poder de la repetici\u00f3n espaciada con ejemplos reales de v\u00eddeos y art\u00edculos, haciendo que dominar un nuevo idioma sea divertido, eficaz y atractivo. Acerca de nuestra [&hellip;]<\/p>\n","protected":false},"author":23,"featured_media":0,"parent":0,"menu_order":0,"comment_status":"closed","ping_status":"closed","template":"elementor_header_footer","meta":{"footnotes":""},"class_list":["post-9506","page","type-page","status-publish","hentry"],"aioseo_notices":[],"_links":{"self":[{"href":"https:\/\/duocards.com\/es\/wp-json\/wp\/v2\/pages\/9506","targetHints":{"allow":["GET"]}}],"collection":[{"href":"https:\/\/duocards.com\/es\/wp-json\/wp\/v2\/pages"}],"about":[{"href":"https:\/\/duocards.com\/es\/wp-json\/wp\/v2\/types\/page"}],"author":[{"embeddable":true,"href":"https:\/\/duocards.com\/es\/wp-json\/wp\/v2\/users\/23"}],"replies":[{"embeddable":true,"href":"https:\/\/duocards.com\/es\/wp-json\/wp\/v2\/comments?post=9506"}],"version-history":[{"count":1,"href":"https:\/\/duocards.com\/es\/wp-json\/wp\/v2\/pages\/9506\/revisions"}],"predecessor-version":[{"id":9507,"href":"https:\/\/duocards.com\/es\/wp-json\/wp\/v2\/pages\/9506\/revisions\/9507"}],"wp:attachment":[{"href":"https:\/\/duocards.com\/es\/wp-json\/wp\/v2\/media?parent=9506"}],"curies":[{"name":"wp","href":"https:\/\/api.w.org\/{rel}","templated":true}]}}