{"id":3305,"date":"2023-02-13T15:14:51","date_gmt":"2023-02-13T15:14:51","guid":{"rendered":"https:\/\/duocards.com\/?page_id=3305"},"modified":"2026-03-27T16:25:53","modified_gmt":"2026-03-27T16:25:53","slug":"press","status":"publish","type":"page","link":"https:\/\/duocards.com\/en\/press\/","title":{"rendered":"Press"},"content":{"rendered":"\t\t<div data-elementor-type=\"wp-page\" data-elementor-id=\"3305\" class=\"elementor elementor-3305\" data-elementor-post-type=\"page\">\n\t\t\t\t<div class=\"elementor-element elementor-element-019e7d8 e-flex e-con-boxed e-con e-parent\" data-id=\"019e7d8\" data-element_type=\"container\">\n\t\t\t\t\t<div class=\"e-con-inner\">\n\t\t\t\t<div class=\"elementor-element elementor-element-a09977d elementor-widget elementor-widget-text-editor\" data-id=\"a09977d\" data-element_type=\"widget\" data-widget_type=\"text-editor.default\">\n\t\t\t\t<div class=\"elementor-widget-container\">\n\t\t\t\t\t\t\t\t\t<h2 class=\"wp-block-heading\">Our Mission<\/h2><p>We\u2019re on a mission to turn language learning into an exciting adventure for everyone, anywhere in the world!<\/p><p>Our flashcard-based app combines the power of spaced repetition with real-life examples from videos and articles, making mastering a new language fun, effective, and engaging.<\/p><div class=\"wp-block-spacer\" style=\"height: 41px;\" aria-hidden=\"true\">\u00a0<\/div><h2 class=\"wp-block-heading\">About Our Company<\/h2><p>When Petr Her\u00e1leck\u00fd set out to learn Portuguese, he couldn\u2019t find a single app that would help him learn new vocabulary in an effective and fun way.<\/p><p>So, he built his own.<\/p><p>In 2020, after a year of development, Petr met Radim Poloch at a kitesurfing course, and together they created DuoCards as you know it now.<\/p><p>Today, the app has over 5 million downloads!<\/p><p>Our team operates from Brno, the Czech Republic\u2019s vibrant tech hub.<\/p><p>In December 2023 DuoCards received an investment from domestic venture capital fund N1. The injection of funding is used for developing additional features of the app and marketing focused on the US and global market.<\/p><div class=\"wp-block-spacer\" style=\"height: 40px;\" aria-hidden=\"true\">\u00a0<\/div><figure class=\"wp-block-image size-large\"><img fetchpriority=\"high\" decoding=\"async\" width=\"1024\" height=\"683\" class=\"wp-image-4585\" title=\"\" src=\"https:\/\/duocards.com\/wp-content\/uploads\/2024\/10\/DuoCards-1024x683.webp\" alt=\"\" srcset=\"https:\/\/duocards.com\/wp-content\/uploads\/2024\/10\/DuoCards-1024x683.webp 1024w, https:\/\/duocards.com\/wp-content\/uploads\/2024\/10\/DuoCards-300x200.webp 300w, https:\/\/duocards.com\/wp-content\/uploads\/2024\/10\/DuoCards-768x512.webp 768w, https:\/\/duocards.com\/wp-content\/uploads\/2024\/10\/DuoCards.webp 1170w\" sizes=\"(max-width: 1024px) 100vw, 1024px\" \/><\/figure><div class=\"wp-block-spacer\" style=\"height: 40px;\" aria-hidden=\"true\">\u00a0<\/div><h2 class=\"wp-block-heading\">Learn Languages With DuoCards!<\/h2><p>The DuoCards app is ready for you to explore! Download it now on the <a href=\"https:\/\/apps.apple.com\/us\/app\/duocards-learning-decks\/id1508159917\">AppStore<\/a> and <a href=\"https:\/\/play.google.com\/store\/apps\/details?id=com.duocards.app&amp;referrer=website&amp;pli=1\">GooglePlay<\/a>, or try it through your <a href=\"https:\/\/app.duocards.com\/\">web browser<\/a> or <a href=\"https:\/\/chrome.google.com\/webstore\/detail\/duocards\/bgojhcbkjlloemicdchpifpnbcjiijmd\">Chrome extension<\/a>.<\/p><div class=\"numbers gradient-section\"><div class=\"number-item\"><span class=\"numbers-big gradient-text\">5M+ <\/span><br \/><span class=\"numbers-small gradient-text\">downloads<\/span><\/div><div class=\"number-item\"><span class=\"numbers-big gradient-text\">100+ <\/span><br \/><span class=\"numbers-small gradient-text\">languages<\/span><\/div><div class=\"number-item\"><span class=\"numbers-big gradient-text\">189 <\/span><br \/><span class=\"numbers-small gradient-text\">user countries<\/span><\/div><\/div><div class=\"wp-block-spacer\" style=\"height: 40px;\" aria-hidden=\"true\">\u00a0<\/div><h2 class=\"wp-block-heading\">What Makes Our App Special?<\/h2><div class=\"what-makes-app-special\"><div><h5><strong>Ready-Made Learning Content<\/strong><\/h5><p>No more searching! We offer a rich library of videos and articles, and you can even add your own favorite materials.<\/p><\/div><div><h5><strong>All-in-One Skill Development<\/strong><\/h5><p>Expand your vocabulary while improving reading and listening skills.<\/p><\/div><div><h5><strong>Smart Memory Boost<\/strong><\/h5><p>Our powerful Spaced Repetition System (SRS) helps you remember words long-term.<\/p><\/div><div><h5><strong>Easy Flashcard Creation<\/strong><\/h5><p>Quickly build custom cards in just a few clicks.<\/p><\/div><div><h5><strong>Engaging Gamification<\/strong><\/h5><p>Nurture your Memo character as you progress, making learning highly motivating.<\/p><\/div><div><h5><strong>Built-In Translator<\/strong><\/h5><p>Instantly translate words without leaving the app.<\/p><\/div><div><h5><strong>Browser Extension<\/strong><\/h5><p>Create flashcards effortlessly from any webpage on your computer or phone.<\/p><\/div><\/div><div id=\"simple-translate\" class=\"simple-translate-system-theme\"><div><div class=\"simple-translate-button isShow\" style=\"background-image: url('moz-extension:\/\/8adc35c9-43da-49db-9981-61d1336af553\/icons\/512.png'); height: 22px; width: 22px; top: 317px; left: 111px;\">\u00a0<\/div><div class=\"simple-translate-panel \" style=\"width: 300px; height: 200px; top: 0px; left: 0px; font-size: 13px;\"><div class=\"simple-translate-result-wrapper\" style=\"overflow: hidden;\"><div class=\"simple-translate-move\" draggable=\"true\">\u00a0<\/div><div class=\"simple-translate-result-contents\"><p class=\"simple-translate-candidate\" dir=\"auto\">\u00a0<\/p><\/div><\/div><\/div><\/div><\/div>\t\t\t\t\t\t\t\t<\/div>\n\t\t\t\t<\/div>\n\t\t\t\t\t<\/div>\n\t\t\t\t<\/div>\n\t\t<div class=\"elementor-element elementor-element-1c90021 e-con-full e-flex e-con e-parent\" data-id=\"1c90021\" data-element_type=\"container\" data-settings=\"{&quot;background_background&quot;:&quot;classic&quot;}\">\n\t\t\t\t<div class=\"elementor-element elementor-element-d0da76a elementor-widget__width-initial elementor-widget elementor-widget-text-editor\" data-id=\"d0da76a\" data-element_type=\"widget\" data-widget_type=\"text-editor.default\">\n\t\t\t\t<div class=\"elementor-widget-container\">\n\t\t\t\t\t\t\t\t\t<h2 class=\"wp-block-heading\">DuoCards in the News<\/h2><div class=\"duocards-boxes\"><div><a href=\"https:\/\/money.com\/best-language-learning-software\/\" target=\"_blank\" rel=\"noopener nofollow\">Best Language Learning Software for 2022<\/a> &#8211; Money.com<\/div><div><a href=\"https:\/\/www.lidovky.cz\/pr\/sdeleni-komercni\/3-kroky-se-kterymi-posunete-sve-znalosti-cizich-jazyku-o-uroven-vys.A200918_135124_komercni-sdeleni_jedli\" target=\"_blank\" rel=\"noopener nofollow\">3 kroky, se kter\u00fdmi posunete sv\u00e9 znalosti ciz\u00edch jazyk\u016f o \u00farove\u0148 v\u00fd\u0161<\/a> &#8211; Lidovky.cz<\/div><div><a title=\"Pom\u00e1h\u00e1 s u\u010den\u00edm stovky jazyk\u016f, st\u00e1hly si ji u\u017e dva miliony lid\u00ed. \u010ceskou aplikaci te\u010f podpo\u0159il investor\" href=\"https:\/\/cc.cz\/pomaha-s-ucenim-stovky-jazyku-stahly-si-ji-uz-dva-miliony-lidi-ceskou-aplikaci-ted-podporil-investor\/\" target=\"_blank\" rel=\"noopener nofollow\">Pom\u00e1h\u00e1 s u\u010den\u00edm stovky jazyk\u016f, st\u00e1hly si ji u\u017e dva miliony lid\u00ed. \u010ceskou aplikaci te\u010f podpo\u0159il investor<\/a> &#8211; CzechCrunch.cz<\/div><div><a title=\"Nau\u010dte se ciz\u00ed jazyk snadno a hrav\u011b. \u010cesk\u00e9 DuoCards z\u00edsk\u00e1v\u00e1 15 milion\u016f korun od N1\" href=\"https:\/\/roklen24.cz\/?quick_news=naucte-se-cizi-jazyk-snadno-a-hrave-ceske-duocards-ziskava-15-milionu-korun-od-n1\" target=\"_blank\" rel=\"noopener nofollow\">Nau\u010dte se ciz\u00ed jazyk snadno a hrav\u011b. \u010cesk\u00e9 DuoCards z\u00edsk\u00e1v\u00e1 15 milion\u016f korun od N1<\/a> &#8211; Roklen24.cz<\/div><div><a title=\"S u\u010den\u00edm se ciz\u00edho jazyka pom\u016f\u017ee AI. \u010cesk\u00e9 DuoCards z\u00edsk\u00e1v\u00e1 15 milion\u016f korun od N1\" href=\"https:\/\/aicrunch.cz\/s-ucenim-se-ciziho-jazyka-pomuze-ai-ceske-duocards-ziskava-15-milionu-korun-od-n1\/\" target=\"_blank\" rel=\"noopener nofollow\">S u\u010den\u00edm se ciz\u00edho jazyka pom\u016f\u017ee AI. \u010cesk\u00e9 DuoCards z\u00edsk\u00e1v\u00e1 15 milion\u016f korun od N1<\/a> &#8211; AICrunch.cz<\/div><div><a title=\"Our Favorite Language Learning Apps (and a Pocket Translator)\" href=\"https:\/\/www.wired.com\/gallery\/best-language-learning-apps\/\" target=\"_blank\" rel=\"noopener nofollow\">Our Favorite Language Learning Apps (and a Pocket Translator)<\/a> &#8211; Wired.com<\/div><div><a title=\"Learning A New Language? These Are The Best Free Apps Out There\" href=\"https:\/\/www.thetravel.com\/best-free-language-apps\/\" target=\"_blank\" rel=\"noopener nofollow\">Learning A New Language? These Are The Best Free Apps Out There<\/a> &#8211; TheTravel.com<\/div><div><a href=\"https:\/\/www.fluentu.com\/blog\/learn\/language-flashcards-app\/\" target=\"_blank\" rel=\"noreferrer noopener\">The 10 Best Flashcard Apps for Languages [Updated for 2024]<\/a> &#8211; FluentU.com<\/div><\/div><div class=\"wp-block-spacer\" aria-hidden=\"true\">\u00a0<\/div><div aria-hidden=\"true\">\u00a0<\/div><div aria-hidden=\"true\"><h2 class=\"wp-block-heading\">Reviews<\/h2><div class=\"duocards-boxes\"><div><a title=\"Learn French faster with DuoCards\" href=\"https:\/\/learnfrenchwithalexa.com\/blog\/learn-french-faster-with-duocards\" target=\"_blank\" rel=\"noopener nofollow\">Learn French faster with DuoCards<\/a> &#8211; LearnFrenchWithAlexa.com<\/div><div><a title=\"DuoCards: ide\u00e1lna appka na slov\u00ed\u010dka?\" href=\"https:\/\/jazykovymentoring.sk\/blog\/aplikacia-duocards\/\" target=\"_blank\" rel=\"noopener nofollow\">DuoCards: ide\u00e1lna appka na slov\u00ed\u010dka?<\/a> &#8211; Jazykov\u00fdMentoring.sk<\/div><div><a title=\"DuoCards is a flashcard app that uses spaced repetition for language learning\" href=\"https:\/\/thelearningcounsel.com\/articles\/app-of-the-week\/duocards-is-a-flashcard-app-that-uses-spaced-repetition-for-language-learning\/\" target=\"_blank\" rel=\"noopener nofollow\">DuoCards is a flashcard app that uses spaced repetition for language learning<\/a> &#8211; TheLearningCounsel.com<\/div><div><a title=\"DuoCards Review (2024): Language Learning with Vocabulary Builder Flashcards + Spaced Repetition\" href=\"https:\/\/effortlessconversations.com\/language-product-reviews\/duocards-review\/\" target=\"_blank\" rel=\"noopener nofollow\">DuoCards Review (2024): Language Learning with Vocabulary Builder Flashcards + Spaced Repetition<\/a> &#8211; EffortlessConversation.com<\/div><div><a title=\"Nau\u010dte se nov\u00fd jazyk a u\u017eijte si to s aplikac\u00ed DuoCards\" href=\"https:\/\/androidaplikace.cz\/index.php\/2023\/03\/naucte-se-novy-jazyk-a-uzijte-si-to-s-aplikaci-duocards\/\" target=\"_blank\" rel=\"noopener nofollow\">Nau\u010dte se nov\u00fd jazyk a u\u017eijte si to s aplikac\u00ed DuoCards<\/a> &#8211; AndroidAplikace.cz<\/div><\/div><div class=\"wp-block-spacer\" aria-hidden=\"true\">\u00a0<\/div><\/div>\t\t\t\t\t\t\t\t<\/div>\n\t\t\t\t<\/div>\n\t\t\t\t<\/div>\n\t\t<div class=\"elementor-element elementor-element-dc35cd5 e-flex e-con-boxed e-con e-parent\" data-id=\"dc35cd5\" data-element_type=\"container\">\n\t\t\t\t\t<div class=\"e-con-inner\">\n\t\t\t\t<div class=\"elementor-element elementor-element-68cfc4c press-contact-heading elementor-widget elementor-widget-text-editor\" data-id=\"68cfc4c\" data-element_type=\"widget\" data-widget_type=\"text-editor.default\">\n\t\t\t\t<div class=\"elementor-widget-container\">\n\t\t\t\t\t\t\t\t\t<div aria-hidden=\"true\"><h2 class=\"wp-block-heading press-contact-heading\">Press Kit<\/h2><p>Download our fact sheet, logos, app screenshots, and more!<\/p><div class=\"wp-block-buttons\"><div class=\"wp-block-button\"><a class=\"elementor-button wp-block-button__link wp-element-button\" href=\"https:\/\/drive.google.com\/drive\/folders\/15f6z936t9s2Npr7pP0hUb_kKfwoM_nIT?usp=sharing\" target=\"_blank\" rel=\"noreferrer noopener\">Download Press Kit<\/a><\/div><\/div><\/div><div class=\"wp-block-spacer\" aria-hidden=\"true\">\u00a0<\/div><div aria-hidden=\"true\">\u00a0<\/div><h2 class=\"wp-block-heading\">Contact Us<\/h2><p>For media or partnership inquiries, please contact us at: <a href=\"mailto:pr@duocards.com\">pr@duocards.com<\/a><\/p>\t\t\t\t\t\t\t\t<\/div>\n\t\t\t\t<\/div>\n\t\t\t\t\t<\/div>\n\t\t\t\t<\/div>\n\t\t\t\t<\/div>\n\t\t","protected":false},"excerpt":{"rendered":"<p>Our Mission We\u2019re on a mission to turn language learning into an exciting adventure for everyone, anywhere in the world! Our flashcard-based app combines the power of spaced repetition with real-life examples from videos and articles, making mastering a new language fun, effective, and engaging. \u00a0 About Our Company When Petr Her\u00e1leck\u00fd set out to [&hellip;]<\/p>\n","protected":false},"author":23,"featured_media":0,"parent":0,"menu_order":0,"comment_status":"closed","ping_status":"closed","template":"elementor_header_footer","meta":{"footnotes":""},"class_list":["post-3305","page","type-page","status-publish","hentry"],"aioseo_notices":[],"_links":{"self":[{"href":"https:\/\/duocards.com\/en\/wp-json\/wp\/v2\/pages\/3305","targetHints":{"allow":["GET"]}}],"collection":[{"href":"https:\/\/duocards.com\/en\/wp-json\/wp\/v2\/pages"}],"about":[{"href":"https:\/\/duocards.com\/en\/wp-json\/wp\/v2\/types\/page"}],"author":[{"embeddable":true,"href":"https:\/\/duocards.com\/en\/wp-json\/wp\/v2\/users\/23"}],"replies":[{"embeddable":true,"href":"https:\/\/duocards.com\/en\/wp-json\/wp\/v2\/comments?post=3305"}],"version-history":[{"count":66,"href":"https:\/\/duocards.com\/en\/wp-json\/wp\/v2\/pages\/3305\/revisions"}],"predecessor-version":[{"id":9879,"href":"https:\/\/duocards.com\/en\/wp-json\/wp\/v2\/pages\/3305\/revisions\/9879"}],"wp:attachment":[{"href":"https:\/\/duocards.com\/en\/wp-json\/wp\/v2\/media?parent=3305"}],"curies":[{"name":"wp","href":"https:\/\/api.w.org\/{rel}","templated":true}]}}