{"id":9490,"date":"2023-02-13T15:14:51","date_gmt":"2023-02-13T15:14:51","guid":{"rendered":"https:\/\/duocards.com\/presse\/"},"modified":"2026-01-16T16:18:30","modified_gmt":"2026-01-16T16:18:30","slug":"presse","status":"publish","type":"page","link":"https:\/\/duocards.com\/de\/presse\/","title":{"rendered":"Presse"},"content":{"rendered":"\t\t<div data-elementor-type=\"wp-page\" data-elementor-id=\"9490\" class=\"elementor elementor-9490 elementor-3305\" data-elementor-post-type=\"page\">\n\t\t\t\t<div class=\"elementor-element elementor-element-019e7d8 e-flex e-con-boxed e-con e-parent\" data-id=\"019e7d8\" data-element_type=\"container\">\n\t\t\t\t\t<div class=\"e-con-inner\">\n\t\t\t\t<div class=\"elementor-element elementor-element-a09977d elementor-widget elementor-widget-text-editor\" data-id=\"a09977d\" data-element_type=\"widget\" data-widget_type=\"text-editor.default\">\n\t\t\t\t<div class=\"elementor-widget-container\">\n\t\t\t\t\t\t\t\t\t<h2 class=\"wp-block-heading\">Unser Auftrag<\/h2><p>Wir haben es uns zur Aufgabe gemacht, das Sprachenlernen zu einem aufregenden Abenteuer f\u00fcr jeden zu machen, \u00fcberall auf der Welt!<\/p><p>Unsere auf Lernkarten basierende App kombiniert die Kraft der Wiederholung mit realen Beispielen aus Videos und Artikeln. So macht das Erlernen einer neuen Sprache Spa\u00df, ist effektiv und fesselnd.<\/p><div class=\"wp-block-spacer\" style=\"height: 41px;\" aria-hidden=\"true\"> <\/div><h2 class=\"wp-block-heading\">\u00dcber unser Unternehmen<\/h2><p>Als Petr Her\u00e1leck\u00fd Portugiesisch lernen wollte, konnte er keine einzige App finden, die ihm helfen w\u00fcrde, neue Vokabeln auf effektive und unterhaltsame Weise zu lernen.<\/p><p>Also baute er sein eigenes.<\/p><p>Im Jahr 2020, nach einem Jahr Entwicklungszeit, traf Petr Radim Poloch bei einem Kitesurfing-Kurs, und gemeinsam schufen sie DuoCards, wie Sie es jetzt kennen.<\/p><p>Heute hat die App \u00fcber 5 Millionen Downloads!<\/p><p>Unser Team arbeitet von Br\u00fcnn aus, dem pulsierenden Technologiezentrum der Tschechischen Republik.<\/p><p>Im Dezember 2023 erhielt DuoCards eine Investition des inl\u00e4ndischen Risikokapitalfonds N1. Die Finanzspritze wird f\u00fcr die Entwicklung zus\u00e4tzlicher Funktionen der App und die Vermarktung auf dem US-amerikanischen und globalen Markt verwendet. <\/p><div class=\"wp-block-spacer\" style=\"height: 40px;\" aria-hidden=\"true\"> <\/div><figure class=\"wp-block-image size-large\"><img fetchpriority=\"high\" decoding=\"async\" width=\"1024\" height=\"683\" class=\"wp-image-4585\" title=\"\" src=\"https:\/\/duocards.com\/wp-content\/uploads\/2024\/10\/DuoCards-1024x683.webp\" alt=\"\" srcset=\"https:\/\/duocards.com\/wp-content\/uploads\/2024\/10\/DuoCards-1024x683.webp 1024w, https:\/\/duocards.com\/wp-content\/uploads\/2024\/10\/DuoCards-300x200.webp 300w, https:\/\/duocards.com\/wp-content\/uploads\/2024\/10\/DuoCards-768x512.webp 768w, https:\/\/duocards.com\/wp-content\/uploads\/2024\/10\/DuoCards.webp 1170w\" sizes=\"(max-width: 1024px) 100vw, 1024px\" \/><\/figure><div class=\"wp-block-spacer\" style=\"height: 40px;\" aria-hidden=\"true\"> <\/div><h2 class=\"wp-block-heading\">Sprachen lernen mit DuoCards!<\/h2><p>Die DuoCards App ist bereit f\u00fcr Sie! Laden Sie sie jetzt im <a href=\"https:\/\/apps.apple.com\/us\/app\/duocards-learning-decks\/id1508159917\">AppStore<\/a> und bei <a href=\"https:\/\/play.google.com\/store\/apps\/details?id=com.duocards.app&amp;referrer=website&amp;pli=1\">GooglePlay<\/a> herunter, oder probieren Sie sie \u00fcber Ihren <a href=\"https:\/\/app.duocards.com\/\">Webbrowser<\/a> oder die <a href=\"https:\/\/chrome.google.com\/webstore\/detail\/duocards\/bgojhcbkjlloemicdchpifpnbcjiijmd\">Chrome-Erweiterung<\/a> aus. <\/p><div class=\"numbers gradient-section\"><div class=\"number-item\"><span class=\"numbers-big gradient-text\">5M+ <\/span><br><span class=\"numbers-small gradient-text\">Downloads<\/span><\/div><div class=\"number-item\"><span class=\"numbers-big gradient-text\">100+ <\/span><br><span class=\"numbers-small gradient-text\">Sprachen<\/span><\/div><div class=\"number-item\"><span class=\"numbers-big gradient-text\">189 <\/span><br><span class=\"numbers-small gradient-text\">Benutzerl\u00e4nder<\/span><\/div><\/div><div class=\"wp-block-spacer\" style=\"height: 40px;\" aria-hidden=\"true\"> <\/div><h2 class=\"wp-block-heading\">Was ist das Besondere an unserer App?<\/h2><div class=\"what-makes-app-special\"><div><h5><strong>Vorgefertigte Lerninhalte<\/strong><\/h5><p>Kein Suchen mehr! Wir bieten eine umfangreiche Bibliothek mit Videos und Artikeln, und Sie k\u00f6nnen sogar Ihre eigenen Lieblingsmaterialien hinzuf\u00fcgen. <\/p><\/div><div><h5><strong>All-in-One-F\u00e4higkeitsentwicklung<\/strong><\/h5><p>Erweitern Sie Ihren Wortschatz und verbessern Sie gleichzeitig Ihre Lese- und H\u00f6rf\u00e4higkeiten.<\/p><\/div><div><h5><strong>Smart Memory Boost<\/strong><\/h5><p>Unser leistungsstarkes Spaced Repetition System (SRS) hilft Ihnen, sich W\u00f6rter langfristig zu merken.<\/p><\/div><div><h5><strong>Einfache Erstellung von Flashcards<\/strong><\/h5><p>Erstellen Sie mit nur wenigen Klicks individuelle Karten.<\/p><\/div><div><h5><strong>Fesselnde Gamification<\/strong><\/h5><p>F\u00f6rdern Sie Ihren Memo-Charakter, w\u00e4hrend Sie Fortschritte machen, und machen Sie das Lernen hoch motivierend.<\/p><\/div><div><h5><strong>Integrierter \u00dcbersetzer<\/strong><\/h5><p>\u00dcbersetzen Sie W\u00f6rter sofort, ohne die App zu verlassen.<\/p><\/div><div><h5><strong>Browser-Erweiterung<\/strong><\/h5><p>Erstellen Sie m\u00fchelos Lernkarten von jeder beliebigen Webseite auf Ihrem Computer oder Telefon.<\/p><\/div><\/div><div id=\"simple-translate\" class=\"simple-translate-system-theme\"><div><div class=\"simple-translate-button isShow\" style=\"background-image: url('moz-extension:\/\/8adc35c9-43da-49db-9981-61d1336af553\/icons\/512.png'); height: 22px; width: 22px; top: 317px; left: 111px;\"> <\/div><div class=\"simple-translate-panel \" style=\"width: 300px; height: 200px; top: 0px; left: 0px; font-size: 13px;\"><div class=\"simple-translate-result-wrapper\" style=\"overflow: hidden;\"><div class=\"simple-translate-move\" draggable=\"true\"> <\/div><div class=\"simple-translate-result-contents\"><p class=\"simple-translate-candidate\" dir=\"auto\"> <\/p><\/div><\/div><\/div><\/div><\/div>\t\t\t\t\t\t\t\t<\/div>\n\t\t\t\t<\/div>\n\t\t\t\t\t<\/div>\n\t\t\t\t<\/div>\n\t\t<div class=\"elementor-element elementor-element-1c90021 e-con-full e-flex e-con e-parent\" data-id=\"1c90021\" data-element_type=\"container\" data-settings=\"{&quot;background_background&quot;:&quot;classic&quot;}\">\n\t\t\t\t<div class=\"elementor-element elementor-element-d0da76a elementor-widget__width-initial elementor-widget elementor-widget-text-editor\" data-id=\"d0da76a\" data-element_type=\"widget\" data-widget_type=\"text-editor.default\">\n\t\t\t\t<div class=\"elementor-widget-container\">\n\t\t\t\t\t\t\t\t\t<h2 class=\"wp-block-heading\">DuoCards in den Nachrichten<\/h2><div class=\"duocards-boxes\"><div><a href=\"https:\/\/money.com\/best-language-learning-software\/\" target=\"_blank\" rel=\"noopener nofollow\">Beste Sprachlernsoftware f\u00fcr 2022<\/a> &#8211; Money.com<\/div><div><a href=\"https:\/\/www.lidovky.cz\/pr\/sdeleni-komercni\/3-kroky-se-kterymi-posunete-sve-znalosti-cizich-jazyku-o-uroven-vys.A200918_135124_komercni-sdeleni_jedli\" target=\"_blank\" rel=\"noopener nofollow\">3 Krokodile, in denen man sich auf die Suche machen kann<\/a> &#8211; Lidovky.cz<\/div><div><a title=\"Pom\u00e1h\u00e1 s u\u010den\u00edm stovky jazyk\u016f, st\u00e1hly si ji u\u017e dva miliony lid\u00ed. \u010ceskou aplikaci te\u010f podpo\u0159il investor\" href=\"https:\/\/cc.cz\/pomaha-s-ucenim-stovky-jazyku-stahly-si-ji-uz-dva-miliony-lidi-ceskou-aplikaci-ted-podporil-investor\/\" target=\"_blank\" rel=\"noopener nofollow\">Pom\u00e1h\u00e1 s u\u010den\u00edm stovky jazyk\u016f, st\u00e1hly si ji u\u017e dva miliony lid\u00ed. \u010ceskou aplikaci te\u010f podpo\u0159il investor <\/a>  &#8211; CzechCrunch.cz<\/div><div><a title=\"Nau\u010dte se ciz\u00ed jazyk snadno a hrav\u011b. \u010cesk\u00e9 DuoCards z\u00edsk\u00e1v\u00e1 15 milion\u016f korun od N1\" href=\"https:\/\/roklen24.cz\/?quick_news=naucte-se-cizi-jazyk-snadno-a-hrave-ceske-duocards-ziskava-15-milionu-korun-od-n1\" target=\"_blank\" rel=\"noopener nofollow\">Nau\u010dte se ciz\u00ed jazyk snadno a hrav\u011b. \u010cesk\u00e9 DuoCards z\u00edsk\u00e1v\u00e1 15 milion\u016f korun od N1 <\/a>  &#8211; Roklen24.cz<\/div><div><a title=\"S u\u010den\u00edm se ciz\u00edho jazyka pom\u016f\u017ee AI. \u010cesk\u00e9 DuoCards z\u00edsk\u00e1v\u00e1 15 milion\u016f korun od N1\" href=\"https:\/\/aicrunch.cz\/s-ucenim-se-ciziho-jazyka-pomuze-ai-ceske-duocards-ziskava-15-milionu-korun-od-n1\/\" target=\"_blank\" rel=\"noopener nofollow\">S u\u010den\u00edm se ciz\u00edho jazyka pom\u016f\u017ee AI. \u010cesk\u00e9 DuoCards z\u00edsk\u00e1v\u00e1 15 milion\u016f korun od N1 <\/a>  &#8211; AICrunch.cz<\/div><div><a title=\"Unsere bevorzugten Sprachlern-Apps (und ein Taschen\u00fcbersetzer)\" href=\"https:\/\/www.wired.com\/gallery\/best-language-learning-apps\/\" target=\"_blank\" rel=\"noopener nofollow\">Unsere bevorzugten Sprachlern-Apps (und ein Taschen\u00fcbersetzer)<\/a> &#8211; Wired.com<\/div><div><a title=\"Eine neue Sprache lernen? Das sind die besten kostenlosen Apps da drau\u00dfen\" href=\"https:\/\/www.thetravel.com\/best-free-language-apps\/\" target=\"_blank\" rel=\"noopener nofollow\">Eine neue Sprache lernen? Das sind die besten kostenlosen Apps da drau\u00dfen <\/a>  &#8211; TheTravel.com<\/div><div><a href=\"https:\/\/www.fluentu.com\/blog\/learn\/language-flashcards-app\/\" target=\"_blank\" rel=\"noreferrer noopener\">Die 10 besten Flashcard-Apps f\u00fcr Sprachen [Aktualisiert f\u00fcr 2024]<\/a> &#8211; FluentU.com<\/div><\/div><div class=\"wp-block-spacer\" aria-hidden=\"true\"> <\/div><div aria-hidden=\"true\"> <\/div><div aria-hidden=\"true\"><h2 class=\"wp-block-heading\">Bewertungen<\/h2><div class=\"duocards-boxes\"><div><a title=\"Schneller Franz\u00f6sisch lernen mit DuoCards\" href=\"https:\/\/learnfrenchwithalexa.com\/blog\/learn-french-faster-with-duocards\" target=\"_blank\" rel=\"noopener nofollow\">Schneller Franz\u00f6sisch lernen mit DuoCards<\/a> &#8211; LearnFrenchWithAlexa.com<\/div><div><a title=\"DuoCards: ide\u00e1lna appka na slov\u00ed\u010dka?\" href=\"https:\/\/jazykovymentoring.sk\/blog\/aplikacia-duocards\/\" target=\"_blank\" rel=\"noopener nofollow\">DuoCards: ide\u00e1lna appka na slov\u00ed\u010dka?<\/a>  &#8211; Jazykov\u00fdMentoring.sk<\/div><div><a title=\"DuoCards ist eine Karteikarten-App, die zum Erlernen einer Sprache die Wiederholung in bestimmten Abst\u00e4nden nutzt.\" href=\"https:\/\/thelearningcounsel.com\/articles\/app-of-the-week\/duocards-is-a-flashcard-app-that-uses-spaced-repetition-for-language-learning\/\" target=\"_blank\" rel=\"noopener nofollow\">DuoCards ist eine Karteikarten-App, die das Lernen von Sprachen mit Hilfe von Wiederholungen erm\u00f6glicht<\/a> &#8211; TheLearningCounsel.com<\/div><div><a title=\"DuoCards R\u00fcckblick (2024): Sprachen lernen mit Vokabeltrainer Flashcards + Spaced Repetition\" href=\"https:\/\/effortlessconversations.com\/language-product-reviews\/duocards-review\/\" target=\"_blank\" rel=\"noopener nofollow\">DuoCards R\u00fcckblick (2024): Sprachen lernen mit Vokabelbildner Flashcards + Spaced Repetition<\/a> &#8211; EffortlessConversation.com<\/div><div><a title=\"Nau\u010dte se nov\u00fd jazyk a u\u017eijte si to s aplikac\u00ed DuoCards\" href=\"https:\/\/androidaplikace.cz\/index.php\/2023\/03\/naucte-se-novy-jazyk-a-uzijte-si-to-s-aplikaci-duocards\/\" target=\"_blank\" rel=\"noopener nofollow\">Nau\u010dte se nov\u00fd jazyk a u\u017eijte si to s aplikac\u00ed DuoCards<\/a> &#8211; AndroidAplikace.cz<\/div><\/div><div class=\"wp-block-spacer\" aria-hidden=\"true\"> <\/div><\/div>\t\t\t\t\t\t\t\t<\/div>\n\t\t\t\t<\/div>\n\t\t\t\t<\/div>\n\t\t<div class=\"elementor-element elementor-element-dc35cd5 e-flex e-con-boxed e-con e-parent\" data-id=\"dc35cd5\" data-element_type=\"container\">\n\t\t\t\t\t<div class=\"e-con-inner\">\n\t\t\t\t<div class=\"elementor-element elementor-element-68cfc4c elementor-widget elementor-widget-text-editor\" data-id=\"68cfc4c\" data-element_type=\"widget\" data-widget_type=\"text-editor.default\">\n\t\t\t\t<div class=\"elementor-widget-container\">\n\t\t\t\t\t\t\t\t\t<div aria-hidden=\"true\">\n<h2 class=\"wp-block-heading\">Pressemappe<\/h2>\n<p>Laden Sie unser Merkblatt, Logos, App-Screenshots und mehr herunter!<\/p>\n<p> <\/p>\n<div class=\"wp-block-buttons\">\n<div class=\"wp-block-button\"><a class=\"elementor-button wp-block-button__link wp-element-button\" href=\"https:\/\/drive.google.com\/drive\/folders\/15f6z936t9s2Npr7pP0hUb_kKfwoM_nIT?usp=sharing\" target=\"_blank\" rel=\"noreferrer noopener\">Pressemappe herunterladen<\/a><\/div>\n<\/div>\n<\/div>\n<div class=\"wp-block-spacer\" aria-hidden=\"true\"> <\/div>\n<div aria-hidden=\"true\"> <\/div>\n<h2 class=\"wp-block-heading\">Kontaktieren Sie uns<\/h2>\n<p>F\u00fcr Medien- oder Partnerschaftsanfragen kontaktieren Sie uns bitte unter: <a href=\"mailto:pr@duocards.com\">pr@duocards.com<\/a><\/p>\t\t\t\t\t\t\t\t<\/div>\n\t\t\t\t<\/div>\n\t\t\t\t\t<\/div>\n\t\t\t\t<\/div>\n\t\t\t\t<\/div>\n\t\t","protected":false},"excerpt":{"rendered":"<p>Unser Auftrag Wir haben es uns zur Aufgabe gemacht, das Sprachenlernen zu einem aufregenden Abenteuer f\u00fcr jeden zu machen, \u00fcberall auf der Welt! Unsere auf Lernkarten basierende App kombiniert die Kraft der Wiederholung mit realen Beispielen aus Videos und Artikeln. So macht das Erlernen einer neuen Sprache Spa\u00df, ist effektiv und fesselnd. \u00dcber unser Unternehmen [&hellip;]<\/p>\n","protected":false},"author":23,"featured_media":0,"parent":0,"menu_order":0,"comment_status":"closed","ping_status":"closed","template":"elementor_header_footer","meta":{"footnotes":""},"class_list":["post-9490","page","type-page","status-publish","hentry"],"aioseo_notices":[],"_links":{"self":[{"href":"https:\/\/duocards.com\/de\/wp-json\/wp\/v2\/pages\/9490","targetHints":{"allow":["GET"]}}],"collection":[{"href":"https:\/\/duocards.com\/de\/wp-json\/wp\/v2\/pages"}],"about":[{"href":"https:\/\/duocards.com\/de\/wp-json\/wp\/v2\/types\/page"}],"author":[{"embeddable":true,"href":"https:\/\/duocards.com\/de\/wp-json\/wp\/v2\/users\/23"}],"replies":[{"embeddable":true,"href":"https:\/\/duocards.com\/de\/wp-json\/wp\/v2\/comments?post=9490"}],"version-history":[{"count":1,"href":"https:\/\/duocards.com\/de\/wp-json\/wp\/v2\/pages\/9490\/revisions"}],"predecessor-version":[{"id":9491,"href":"https:\/\/duocards.com\/de\/wp-json\/wp\/v2\/pages\/9490\/revisions\/9491"}],"wp:attachment":[{"href":"https:\/\/duocards.com\/de\/wp-json\/wp\/v2\/media?parent=9490"}],"curies":[{"name":"wp","href":"https:\/\/api.w.org\/{rel}","templated":true}]}}