{"id":4298,"date":"2024-05-09T13:36:07","date_gmt":"2024-05-09T13:36:07","guid":{"rendered":"https:\/\/duocards.com\/duokarten-fuer-lehrer\/"},"modified":"2025-10-21T11:27:55","modified_gmt":"2025-10-21T11:27:55","slug":"duokarten-fuer-lehrer","status":"publish","type":"page","link":"https:\/\/duocards.com\/de\/duokarten-fuer-lehrer\/","title":{"rendered":"F\u00fcr Lehrer"},"content":{"rendered":"\t\t<div data-elementor-type=\"wp-page\" data-elementor-id=\"4298\" class=\"elementor elementor-4298 elementor-4101\" data-elementor-post-type=\"page\">\n\t\t\t\t<div class=\"elementor-element elementor-element-ad8ac02 e-flex e-con-boxed e-con e-parent\" data-id=\"ad8ac02\" data-element_type=\"container\" data-settings=\"{&quot;background_background&quot;:&quot;classic&quot;}\">\n\t\t\t\t\t<div class=\"e-con-inner\">\n\t\t<div class=\"elementor-element elementor-element-1d4aed2b e-con-full e-flex e-con e-child\" data-id=\"1d4aed2b\" data-element_type=\"container\">\n\t\t\t\t<div class=\"elementor-element elementor-element-26bc846d elementor-widget elementor-widget-heading\" data-id=\"26bc846d\" data-element_type=\"widget\" data-widget_type=\"heading.default\">\n\t\t\t\t<div class=\"elementor-widget-container\">\n\t\t\t\t\t<h1 class=\"elementor-heading-title elementor-size-default\">Schlie\u00dfen Sie sich mehr als 4 Millionen\nSch\u00fclern und Lehrern weltweit an!<\/h1>\t\t\t\t<\/div>\n\t\t\t\t<\/div>\n\t\t\t\t<div class=\"elementor-element elementor-element-85521ba elementor-widget elementor-widget-text-editor\" data-id=\"85521ba\" data-element_type=\"widget\" data-widget_type=\"text-editor.default\">\n\t\t\t\t<div class=\"elementor-widget-container\">\n\t\t\t\t\t\t\t\t\t<p>Sind Sie ein Lehrer oder eine Schule? Lassen Sie uns wissen, wie wir Ihnen helfen k\u00f6nnen, und wir werden uns bei Ihnen melden.<\/p>\t\t\t\t\t\t\t\t<\/div>\n\t\t\t\t<\/div>\n\t\t\t\t<div class=\"elementor-element elementor-element-60b3b5bc elementor-widget elementor-widget-image\" data-id=\"60b3b5bc\" data-element_type=\"widget\" data-widget_type=\"image.default\">\n\t\t\t\t<div class=\"elementor-widget-container\">\n\t\t\t\t\t\t\t\t\t\t\t\t\t\t\t<img fetchpriority=\"high\" decoding=\"async\" width=\"800\" height=\"205\" src=\"https:\/\/duocards.com\/wp-content\/uploads\/2025\/05\/rating-1024x263.png\" class=\"attachment-large size-large wp-image-5560\" alt=\"\" srcset=\"https:\/\/duocards.com\/wp-content\/uploads\/2025\/05\/rating-1024x263.png 1024w, https:\/\/duocards.com\/wp-content\/uploads\/2025\/05\/rating-300x77.png 300w, https:\/\/duocards.com\/wp-content\/uploads\/2025\/05\/rating-768x197.png 768w, https:\/\/duocards.com\/wp-content\/uploads\/2025\/05\/rating.png 1050w\" sizes=\"(max-width: 800px) 100vw, 800px\" \/>\t\t\t\t\t\t\t\t\t\t\t\t\t\t\t<\/div>\n\t\t\t\t<\/div>\n\t\t\t\t<\/div>\n\t\t<div class=\"elementor-element elementor-element-3fe29a8 e-con-full e-flex e-con e-child\" data-id=\"3fe29a8\" data-element_type=\"container\">\n\t\t\t\t<div class=\"elementor-element elementor-element-3600b1d2 elementor-widget elementor-widget-image\" data-id=\"3600b1d2\" data-element_type=\"widget\" data-widget_type=\"image.default\">\n\t\t\t\t<div class=\"elementor-widget-container\">\n\t\t\t\t\t\t\t\t\t\t\t\t\t\t\t<img decoding=\"async\" width=\"800\" height=\"583\" src=\"https:\/\/duocards.com\/wp-content\/uploads\/2025\/06\/Group-75-1-1024x746.webp\" class=\"attachment-large size-large wp-image-6369\" alt=\"\" srcset=\"https:\/\/duocards.com\/wp-content\/uploads\/2025\/06\/Group-75-1-1024x746.webp 1024w, https:\/\/duocards.com\/wp-content\/uploads\/2025\/06\/Group-75-1-300x219.webp 300w, https:\/\/duocards.com\/wp-content\/uploads\/2025\/06\/Group-75-1-768x559.webp 768w, https:\/\/duocards.com\/wp-content\/uploads\/2025\/06\/Group-75-1.webp 1259w\" sizes=\"(max-width: 800px) 100vw, 800px\" \/>\t\t\t\t\t\t\t\t\t\t\t\t\t\t\t<\/div>\n\t\t\t\t<\/div>\n\t\t\t\t<\/div>\n\t\t\t\t\t<\/div>\n\t\t\t\t<\/div>\n\t\t<div class=\"elementor-element elementor-element-315ee3e e-flex e-con-boxed e-con e-parent\" data-id=\"315ee3e\" data-element_type=\"container\">\n\t\t\t\t\t<div class=\"e-con-inner\">\n\t\t\t\t<div class=\"elementor-element elementor-element-3272777 elementor-widget elementor-widget-heading\" data-id=\"3272777\" data-element_type=\"widget\" data-widget_type=\"heading.default\">\n\t\t\t\t<div class=\"elementor-widget-container\">\n\t\t\t\t\t<h2 class=\"elementor-heading-title elementor-size-default\">Nehmen Sie noch heute an unserem Teachers-Programm teil<\/h2>\t\t\t\t<\/div>\n\t\t\t\t<\/div>\n\t\t\t\t<div class=\"elementor-element elementor-element-2bc2ae9 elementor-widget elementor-widget-wpforms\" data-id=\"2bc2ae9\" data-element_type=\"widget\" data-widget_type=\"wpforms.default\">\n\t\t\t\t<div class=\"elementor-widget-container\">\n\t\t\t\t\t<div class=\"wpforms-container wpforms-container-full\" id=\"wpforms-4141\"><form id=\"wpforms-form-4141\" class=\"wpforms-validate wpforms-form wpforms-ajax-form\" data-formid=\"4141\" method=\"post\" enctype=\"multipart\/form-data\" action=\"\/de\/wp-json\/wp\/v2\/pages\/4298\" data-token=\"3f1ca12bd0b0385397ce3129074d9383\" data-token-time=\"1776947834\"><noscript class=\"wpforms-error-noscript\">Bitte aktiviere JavaScript in deinem Browser, um dieses Formular fertigzustellen.<\/noscript><div class=\"wpforms-field-container\"><div id=\"wpforms-4141-field_1-container\" class=\"wpforms-field wpforms-field-select wpforms-field-select-style-classic\" data-field-id=\"1\"><label class=\"wpforms-field-label\" for=\"wpforms-4141-field_1\"> You are a <span class=\"wpforms-required-label\">*<\/span><\/label><select id=\"wpforms-4141-field_1\" class=\"wpforms-field-medium wpforms-field-required\" name=\"wpforms[fields][1]\" required=\"required\"><option value=\"Teacher\"  class=\"choice-2 depth-1\"  >Teacher<\/option><option value=\"School\"  class=\"choice-1 depth-1\"  >School<\/option><option value=\"Other institution\"  class=\"choice-3 depth-1\"  >Other institution<\/option><\/select><\/div><div id=\"wpforms-4141-field_2-container\" class=\"wpforms-field wpforms-field-text\" data-field-id=\"2\"><label class=\"wpforms-field-label\" for=\"wpforms-4141-field_2\">Your name or the name of the institution <span class=\"wpforms-required-label\">*<\/span><\/label><input type=\"text\" id=\"wpforms-4141-field_2\" class=\"wpforms-field-medium wpforms-field-required\" name=\"wpforms[fields][2]\" required><\/div><div id=\"wpforms-4141-field_3-container\" class=\"wpforms-field wpforms-field-select wpforms-field-select-style-classic\" data-field-id=\"3\"><label class=\"wpforms-field-label\" for=\"wpforms-4141-field_3\">How many students do you have? <span class=\"wpforms-required-label\">*<\/span><\/label><select id=\"wpforms-4141-field_3\" class=\"wpforms-field-medium wpforms-field-required\" name=\"wpforms[fields][3]\" required=\"required\"><option value=\"Up to 30\"  class=\"choice-1 depth-1\"  >Up to 30<\/option><option value=\"From 30 to 100\"  class=\"choice-2 depth-1\"  >From 30 to 100<\/option><option value=\"Over 100\"  class=\"choice-3 depth-1\"  >Over 100<\/option><\/select><\/div><div id=\"wpforms-4141-field_4-container\" class=\"wpforms-field wpforms-field-text\" data-field-id=\"4\"><label class=\"wpforms-field-label\" for=\"wpforms-4141-field_4\">Contact email <span class=\"wpforms-required-label\">*<\/span><\/label><input type=\"text\" id=\"wpforms-4141-field_4\" class=\"wpforms-field-medium wpforms-field-required\" name=\"wpforms[fields][4]\" required><\/div><div id=\"wpforms-4141-field_5-container\" class=\"wpforms-field wpforms-field-textarea\" data-field-id=\"5\"><label class=\"wpforms-field-label\" for=\"wpforms-4141-field_5\">Describe how you would like to use DuoCards with your students or in your school: <span class=\"wpforms-required-label\">*<\/span><\/label><textarea id=\"wpforms-4141-field_5\" class=\"wpforms-field-medium wpforms-field-required\" name=\"wpforms[fields][5]\" required><\/textarea><\/div><\/div><!-- .wpforms-field-container --><div class=\"wpforms-recaptcha-container wpforms-is-recaptcha wpforms-is-recaptcha-type-v3\" ><input type=\"hidden\" name=\"wpforms[recaptcha]\" value=\"\"><\/div><div class=\"wpforms-submit-container\" ><input type=\"hidden\" name=\"wpforms[id]\" value=\"4141\"><input type=\"hidden\" name=\"page_title\" value=\"\"><input type=\"hidden\" name=\"page_url\" value=\"https:\/\/duocards.com\/de\/wp-json\/wp\/v2\/pages\/4298\"><input type=\"hidden\" name=\"url_referer\" value=\"\"><button type=\"submit\" name=\"wpforms[submit]\" id=\"wpforms-submit-4141\" class=\"wpforms-submit\" data-alt-text=\"Enrolling...\" data-submit-text=\"Send\" aria-live=\"assertive\" value=\"wpforms-submit\">Send<\/button><img decoding=\"async\" src=\"https:\/\/duocards.com\/wp-content\/plugins\/wpforms-lite\/assets\/images\/submit-spin.svg\" class=\"wpforms-submit-spinner\" style=\"display: none;\" width=\"26\" height=\"26\" alt=\"Wird geladen\"><\/div><\/form><\/div>  <!-- .wpforms-container -->\t\t\t\t<\/div>\n\t\t\t\t<\/div>\n\t\t\t\t<div class=\"elementor-element elementor-element-1808b2c elementor-widget elementor-widget-heading\" data-id=\"1808b2c\" data-element_type=\"widget\" data-widget_type=\"heading.default\">\n\t\t\t\t<div class=\"elementor-widget-container\">\n\t\t\t\t\t<h2 class=\"elementor-heading-title elementor-size-default\">FAQs<\/h2>\t\t\t\t<\/div>\n\t\t\t\t<\/div>\n\t\t\t\t<div class=\"elementor-element elementor-element-aa6aa5a elementor-widget elementor-widget-n-accordion\" data-id=\"aa6aa5a\" data-element_type=\"widget\" data-settings=\"{&quot;default_state&quot;:&quot;expanded&quot;,&quot;max_items_expended&quot;:&quot;one&quot;,&quot;n_accordion_animation_duration&quot;:{&quot;unit&quot;:&quot;ms&quot;,&quot;size&quot;:400,&quot;sizes&quot;:[]}}\" data-widget_type=\"nested-accordion.default\">\n\t\t\t\t<div class=\"elementor-widget-container\">\n\t\t\t\t\t\t\t<div class=\"e-n-accordion\" aria-label=\"Accordion. Open links with Enter or Space, close with Escape, and navigate with Arrow Keys\">\n\t\t\t\t\t\t<details id=\"e-n-accordion-item-1780\" class=\"e-n-accordion-item\" open>\n\t\t\t\t<summary class=\"e-n-accordion-item-title\" data-accordion-index=\"1\" tabindex=\"0\" aria-expanded=\"true\" aria-controls=\"e-n-accordion-item-1780\" >\n\t\t\t\t\t<span class='e-n-accordion-item-title-header'><div class=\"e-n-accordion-item-title-text\"> Kann ich Ihnen einige Funktionen mitteilen, die ich ben\u00f6tige? <\/div><\/span>\n\t\t\t\t\t\t\t<span class='e-n-accordion-item-title-icon'>\n\t\t\t<span class='e-opened' ><svg aria-hidden=\"true\" class=\"e-font-icon-svg e-fas-chevron-up\" viewBox=\"0 0 448 512\" xmlns=\"http:\/\/www.w3.org\/2000\/svg\"><path d=\"M240.971 130.524l194.343 194.343c9.373 9.373 9.373 24.569 0 33.941l-22.667 22.667c-9.357 9.357-24.522 9.375-33.901.04L224 227.495 69.255 381.516c-9.379 9.335-24.544 9.317-33.901-.04l-22.667-22.667c-9.373-9.373-9.373-24.569 0-33.941L207.03 130.525c9.372-9.373 24.568-9.373 33.941-.001z\"><\/path><\/svg><\/span>\n\t\t\t<span class='e-closed'><svg aria-hidden=\"true\" class=\"e-font-icon-svg e-fas-chevron-down\" viewBox=\"0 0 448 512\" xmlns=\"http:\/\/www.w3.org\/2000\/svg\"><path d=\"M207.029 381.476L12.686 187.132c-9.373-9.373-9.373-24.569 0-33.941l22.667-22.667c9.357-9.357 24.522-9.375 33.901-.04L224 284.505l154.745-154.021c9.379-9.335 24.544-9.317 33.901.04l22.667 22.667c9.373 9.373 9.373 24.569 0 33.941L240.971 381.476c-9.373 9.372-24.569 9.372-33.942 0z\"><\/path><\/svg><\/span>\n\t\t<\/span>\n\n\t\t\t\t\t\t<\/summary>\n\t\t\t\t<div role=\"region\" aria-labelledby=\"e-n-accordion-item-1780\" class=\"elementor-element elementor-element-50f9bc9 e-con-full e-flex e-con e-child\" data-id=\"50f9bc9\" data-element_type=\"container\">\n\t\t\t\t<div class=\"elementor-element elementor-element-a3b1663 elementor-widget elementor-widget-text-editor\" data-id=\"a3b1663\" data-element_type=\"widget\" data-widget_type=\"text-editor.default\">\n\t\t\t\t<div class=\"elementor-widget-container\">\n\t\t\t\t\t\t\t\t\t<p>Ja, nat\u00fcrlich! Teilen Sie uns im Fragebogen oben mit, wie Ihre Situation aussieht und welche Funktionen am besten zu Ihren Bed\u00fcrfnissen passen w\u00fcrden. <\/p>\t\t\t\t\t\t\t\t<\/div>\n\t\t\t\t<\/div>\n\t\t\t\t<\/div>\n\t\t\t\t\t<\/details>\n\t\t\t\t\t\t<details id=\"e-n-accordion-item-1781\" class=\"e-n-accordion-item\" >\n\t\t\t\t<summary class=\"e-n-accordion-item-title\" data-accordion-index=\"2\" tabindex=\"-1\" aria-expanded=\"false\" aria-controls=\"e-n-accordion-item-1781\" >\n\t\t\t\t\t<span class='e-n-accordion-item-title-header'><div class=\"e-n-accordion-item-title-text\"> Brauche ich ein Premium-Konto, um diese App in meiner Schule zu verwenden? <\/div><\/span>\n\t\t\t\t\t\t\t<span class='e-n-accordion-item-title-icon'>\n\t\t\t<span class='e-opened' ><svg aria-hidden=\"true\" class=\"e-font-icon-svg e-fas-chevron-up\" viewBox=\"0 0 448 512\" xmlns=\"http:\/\/www.w3.org\/2000\/svg\"><path d=\"M240.971 130.524l194.343 194.343c9.373 9.373 9.373 24.569 0 33.941l-22.667 22.667c-9.357 9.357-24.522 9.375-33.901.04L224 227.495 69.255 381.516c-9.379 9.335-24.544 9.317-33.901-.04l-22.667-22.667c-9.373-9.373-9.373-24.569 0-33.941L207.03 130.525c9.372-9.373 24.568-9.373 33.941-.001z\"><\/path><\/svg><\/span>\n\t\t\t<span class='e-closed'><svg aria-hidden=\"true\" class=\"e-font-icon-svg e-fas-chevron-down\" viewBox=\"0 0 448 512\" xmlns=\"http:\/\/www.w3.org\/2000\/svg\"><path d=\"M207.029 381.476L12.686 187.132c-9.373-9.373-9.373-24.569 0-33.941l22.667-22.667c9.357-9.357 24.522-9.375 33.901-.04L224 284.505l154.745-154.021c9.379-9.335 24.544-9.317 33.901.04l22.667 22.667c9.373 9.373 9.373 24.569 0 33.941L240.971 381.476c-9.373 9.372-24.569 9.372-33.942 0z\"><\/path><\/svg><\/span>\n\t\t<\/span>\n\n\t\t\t\t\t\t<\/summary>\n\t\t\t\t<div role=\"region\" aria-labelledby=\"e-n-accordion-item-1781\" class=\"elementor-element elementor-element-1a0bafb e-con-full e-flex e-con e-child\" data-id=\"1a0bafb\" data-element_type=\"container\">\n\t\t\t\t<div class=\"elementor-element elementor-element-df45c46 elementor-widget elementor-widget-text-editor\" data-id=\"df45c46\" data-element_type=\"widget\" data-widget_type=\"text-editor.default\">\n\t\t\t\t<div class=\"elementor-widget-container\">\n\t\t\t\t\t\t\t\t\t<p>Nein, Sie brauchen keine Premium-Mitgliedschaft. Mit Premium k\u00f6nnen Sie jedoch unbegrenzte Funktionen und Lernzeit ohne Unterbrechungen genie\u00dfen. Wir empfehlen die Premium-Version, da sie perfekt f\u00fcr effektives Lernen ist.  <\/p>\t\t\t\t\t\t\t\t<\/div>\n\t\t\t\t<\/div>\n\t\t\t\t<\/div>\n\t\t\t\t\t<\/details>\n\t\t\t\t\t\t<details id=\"e-n-accordion-item-1782\" class=\"e-n-accordion-item\" >\n\t\t\t\t<summary class=\"e-n-accordion-item-title\" data-accordion-index=\"3\" tabindex=\"-1\" aria-expanded=\"false\" aria-controls=\"e-n-accordion-item-1782\" >\n\t\t\t\t\t<span class='e-n-accordion-item-title-header'><div class=\"e-n-accordion-item-title-text\"> K\u00f6nnen Sie mir ein spezielles Angebot f\u00fcr meine Schule oder Klasse machen? <\/div><\/span>\n\t\t\t\t\t\t\t<span class='e-n-accordion-item-title-icon'>\n\t\t\t<span class='e-opened' ><svg aria-hidden=\"true\" class=\"e-font-icon-svg e-fas-chevron-up\" viewBox=\"0 0 448 512\" xmlns=\"http:\/\/www.w3.org\/2000\/svg\"><path d=\"M240.971 130.524l194.343 194.343c9.373 9.373 9.373 24.569 0 33.941l-22.667 22.667c-9.357 9.357-24.522 9.375-33.901.04L224 227.495 69.255 381.516c-9.379 9.335-24.544 9.317-33.901-.04l-22.667-22.667c-9.373-9.373-9.373-24.569 0-33.941L207.03 130.525c9.372-9.373 24.568-9.373 33.941-.001z\"><\/path><\/svg><\/span>\n\t\t\t<span class='e-closed'><svg aria-hidden=\"true\" class=\"e-font-icon-svg e-fas-chevron-down\" viewBox=\"0 0 448 512\" xmlns=\"http:\/\/www.w3.org\/2000\/svg\"><path d=\"M207.029 381.476L12.686 187.132c-9.373-9.373-9.373-24.569 0-33.941l22.667-22.667c9.357-9.357 24.522-9.375 33.901-.04L224 284.505l154.745-154.021c9.379-9.335 24.544-9.317 33.901.04l22.667 22.667c9.373 9.373 9.373 24.569 0 33.941L240.971 381.476c-9.373 9.372-24.569 9.372-33.942 0z\"><\/path><\/svg><\/span>\n\t\t<\/span>\n\n\t\t\t\t\t\t<\/summary>\n\t\t\t\t<div role=\"region\" aria-labelledby=\"e-n-accordion-item-1782\" class=\"elementor-element elementor-element-6b2950d e-con-full e-flex e-con e-child\" data-id=\"6b2950d\" data-element_type=\"container\">\n\t\t\t\t<div class=\"elementor-element elementor-element-b9a486a elementor-widget elementor-widget-text-editor\" data-id=\"b9a486a\" data-element_type=\"widget\" data-widget_type=\"text-editor.default\">\n\t\t\t\t<div class=\"elementor-widget-container\">\n\t\t\t\t\t\t\t\t\t<p>Ja, wir sind alle f\u00fcr Bildung und Fortschritt. F\u00fcllen Sie den Fragebogen oben aus und wir werden sehen, was wir tun k\u00f6nnen. <\/p>\t\t\t\t\t\t\t\t<\/div>\n\t\t\t\t<\/div>\n\t\t\t\t<\/div>\n\t\t\t\t\t<\/details>\n\t\t\t\t\t<\/div>\n\t\t\t\t\t<script type=\"application\/ld+json\">{\"@context\":\"https:\\\/\\\/schema.org\",\"@type\":\"FAQPage\",\"mainEntity\":[{\"@type\":\"Question\",\"name\":\"Kann ich Ihnen einige Funktionen mitteilen, die ich ben\\u00f6tige?\",\"acceptedAnswer\":{\"@type\":\"Answer\",\"text\":\"Ja, nat\\u00fcrlich! Teilen Sie uns im Fragebogen oben mit, wie Ihre Situation aussieht und welche Funktionen am besten zu Ihren Bed\\u00fcrfnissen passen w\\u00fcrden.\"}},{\"@type\":\"Question\",\"name\":\"Brauche ich ein Premium-Konto, um diese App in meiner Schule zu verwenden?\",\"acceptedAnswer\":{\"@type\":\"Answer\",\"text\":\"Nein, Sie brauchen keine Premium-Mitgliedschaft. Mit Premium k\\u00f6nnen Sie jedoch unbegrenzte Funktionen und Lernzeit ohne Unterbrechungen genie\\u00dfen. Wir empfehlen die Premium-Version, da sie perfekt f\\u00fcr effektives Lernen ist.\"}},{\"@type\":\"Question\",\"name\":\"K\\u00f6nnen Sie mir ein spezielles Angebot f\\u00fcr meine Schule oder Klasse machen?\",\"acceptedAnswer\":{\"@type\":\"Answer\",\"text\":\"Ja, wir sind alle f\\u00fcr Bildung und Fortschritt. F\\u00fcllen Sie den Fragebogen oben aus und wir werden sehen, was wir tun k\\u00f6nnen.\"}}]}<\/script>\n\t\t\t\t\t\t\t<\/div>\n\t\t\t\t<\/div>\n\t\t\t\t\t<\/div>\n\t\t\t\t<\/div>\n\t\t\t\t<\/div>\n\t\t","protected":false},"excerpt":{"rendered":"<p>Schlie\u00dfen Sie sich mehr als 4 Millionen Sch\u00fclern und Lehrern weltweit an! Sind Sie ein Lehrer oder eine Schule? Lassen Sie uns wissen, wie wir Ihnen helfen k\u00f6nnen, und wir werden uns bei Ihnen melden. Nehmen Sie noch heute an unserem Teachers-Programm teil Please enable JavaScript in your browser to complete this form. You are [&hellip;]<\/p>\n","protected":false},"author":1,"featured_media":0,"parent":0,"menu_order":0,"comment_status":"closed","ping_status":"closed","template":"","meta":{"footnotes":""},"class_list":["post-4298","page","type-page","status-publish","hentry"],"aioseo_notices":[],"_links":{"self":[{"href":"https:\/\/duocards.com\/de\/wp-json\/wp\/v2\/pages\/4298","targetHints":{"allow":["GET"]}}],"collection":[{"href":"https:\/\/duocards.com\/de\/wp-json\/wp\/v2\/pages"}],"about":[{"href":"https:\/\/duocards.com\/de\/wp-json\/wp\/v2\/types\/page"}],"author":[{"embeddable":true,"href":"https:\/\/duocards.com\/de\/wp-json\/wp\/v2\/users\/1"}],"replies":[{"embeddable":true,"href":"https:\/\/duocards.com\/de\/wp-json\/wp\/v2\/comments?post=4298"}],"version-history":[{"count":6,"href":"https:\/\/duocards.com\/de\/wp-json\/wp\/v2\/pages\/4298\/revisions"}],"predecessor-version":[{"id":8289,"href":"https:\/\/duocards.com\/de\/wp-json\/wp\/v2\/pages\/4298\/revisions\/8289"}],"wp:attachment":[{"href":"https:\/\/duocards.com\/de\/wp-json\/wp\/v2\/media?parent=4298"}],"curies":[{"name":"wp","href":"https:\/\/api.w.org\/{rel}","templated":true}]}}