{"id":9599,"date":"2026-03-05T15:49:49","date_gmt":"2026-03-05T15:49:49","guid":{"rendered":"https:\/\/duocards.com\/vydelavejte-s-kartami-duocards\/"},"modified":"2026-03-06T15:14:42","modified_gmt":"2026-03-06T15:14:42","slug":"vydelavejte-s-kartami-duocards","status":"publish","type":"page","link":"https:\/\/duocards.com\/cs\/vydelavejte-s-kartami-duocards\/","title":{"rendered":"Vyd\u011bl\u00e1vejte s kartami DuoCards"},"content":{"rendered":"\t\t<div data-elementor-type=\"wp-page\" data-elementor-id=\"9599\" class=\"elementor elementor-9599 elementor-9581\" data-elementor-post-type=\"page\">\n\t\t\t\t<div class=\"elementor-element elementor-element-ad8ac02 e-flex e-con-boxed e-con e-parent\" data-id=\"ad8ac02\" data-element_type=\"container\" data-settings=\"{&quot;background_background&quot;:&quot;classic&quot;}\">\n\t\t\t\t\t<div class=\"e-con-inner\">\n\t\t<div class=\"elementor-element elementor-element-1d4aed2b e-con-full e-flex e-con e-child\" data-id=\"1d4aed2b\" data-element_type=\"container\">\n\t\t\t\t<div class=\"elementor-element elementor-element-26bc846d elementor-widget elementor-widget-heading\" data-id=\"26bc846d\" data-element_type=\"widget\" data-widget_type=\"heading.default\">\n\t\t\t\t<div class=\"elementor-widget-container\">\n\t\t\t\t\t<h1 class=\"elementor-heading-title elementor-size-default\">Pomozte ostatn\u00edm u\u010dit se pomoc\u00ed karet DuoCards a z\u00edskejte odm\u011bnu<\/h1>\t\t\t\t<\/div>\n\t\t\t\t<\/div>\n\t\t\t\t<div class=\"elementor-element elementor-element-85521ba elementor-widget elementor-widget-text-editor\" data-id=\"85521ba\" data-element_type=\"widget\" data-widget_type=\"text-editor.default\">\n\t\t\t\t<div class=\"elementor-widget-container\">\n\t\t\t\t\t\t\t\t\t<p>U\u010d\u00edte jazyky, p\u00ed\u0161ete blog, provozujete kan\u00e1l soci\u00e1ln\u00edch m\u00e9di\u00ed nebo se v\u00e1m prost\u011b l\u00edb\u00ed na\u0161e aplikace? Doporu\u010dov\u00e1n\u00edm DuoCards ostatn\u00edm m\u016f\u017eete vyd\u011bl\u00e1vat pen\u00edze. <\/p>\t\t\t\t\t\t\t\t<\/div>\n\t\t\t\t<\/div>\n\t\t\t\t<\/div>\n\t\t<div class=\"elementor-element elementor-element-3fe29a8 e-con-full e-flex e-con e-child\" data-id=\"3fe29a8\" data-element_type=\"container\">\n\t\t\t\t<div class=\"elementor-element elementor-element-3600b1d2 elementor-widget elementor-widget-image\" data-id=\"3600b1d2\" data-element_type=\"widget\" data-widget_type=\"image.default\">\n\t\t\t\t<div class=\"elementor-widget-container\">\n\t\t\t\t\t\t\t\t\t\t\t\t\t\t\t<img fetchpriority=\"high\" decoding=\"async\" width=\"607\" height=\"607\" src=\"https:\/\/duocards.com\/wp-content\/uploads\/2026\/03\/mammoth-without-background.png\" class=\"attachment-large size-large wp-image-9604\" alt=\"\" srcset=\"https:\/\/duocards.com\/wp-content\/uploads\/2026\/03\/mammoth-without-background.png 607w, https:\/\/duocards.com\/wp-content\/uploads\/2026\/03\/mammoth-without-background-300x300.png 300w, https:\/\/duocards.com\/wp-content\/uploads\/2026\/03\/mammoth-without-background-150x150.png 150w, https:\/\/duocards.com\/wp-content\/uploads\/2026\/03\/mammoth-without-background-70x70.png 70w\" sizes=\"(max-width: 607px) 100vw, 607px\" \/>\t\t\t\t\t\t\t\t\t\t\t\t\t\t\t<\/div>\n\t\t\t\t<\/div>\n\t\t\t\t<\/div>\n\t\t\t\t\t<\/div>\n\t\t\t\t<\/div>\n\t\t<div class=\"elementor-element elementor-element-315ee3e e-flex e-con-boxed e-con e-parent\" data-id=\"315ee3e\" data-element_type=\"container\">\n\t\t\t\t\t<div class=\"e-con-inner\">\n\t\t\t\t<div class=\"elementor-element elementor-element-c0301dd elementor-widget elementor-widget-text-editor\" data-id=\"c0301dd\" data-element_type=\"widget\" data-widget_type=\"text-editor.default\">\n\t\t\t\t<div class=\"elementor-widget-container\">\n\t\t\t\t\t\t\t\t\t<p data-start=\"476\" data-end=\"609\">Sd\u00edlejte sv\u016fj jedine\u010dn\u00fd partnersk\u00fd odkaz a z\u00edskejte provizi, kdy\u017e se n\u011bkdo p\u0159ipoj\u00ed k DuoCards prost\u0159ednictv\u00edm va\u0161eho odkazu a zakoup\u00ed si p\u0159edplatn\u00e9.<\/p>\n<p data-start=\"611\" data-end=\"680\">Je to jednoduch\u00e9, transparentn\u00ed a otev\u0159en\u00e9 pro ka\u017ed\u00e9ho, kdo m\u00e1 \u00fa\u010det DuoCards.<\/p>\n<p data-start=\"611\" data-end=\"680\"> <\/p>\n<h2 data-start=\"687\" data-end=\"702\">Jak to funguje<\/h2>\n<h4 data-start=\"704\" data-end=\"730\">1. Z\u00edskejte sv\u016fj propaga\u010dn\u00ed odkaz<\/h4>\n<p data-start=\"731\" data-end=\"870\">Aktivujte partnersk\u00fd program ve sv\u00e9m \u00fa\u010dtu DuoCards.<br data-start=\"787\" data-end=\"790\">Obdr\u017e\u00edte <strong data-start=\"809\" data-end=\"830\">jedine\u010dn\u00fd propaga\u010dn\u00ed odkaz,<\/strong> kter\u00fd sleduje u\u017eivatele, kte\u0159\u00ed se p\u0159ipoj\u00ed va\u0161\u00edm prost\u0159ednictv\u00edm.<\/p>\n<h4 data-start=\"872\" data-end=\"893\">2. Sd\u00edlen\u00ed karet DuoCards<\/h4>\n<p data-start=\"894\" data-end=\"1011\">Zve\u0159ejn\u011bte odkaz na soci\u00e1ln\u00edch s\u00edt\u00edch, na sv\u00fdch webov\u00fdch str\u00e1nk\u00e1ch, blogu, kan\u00e1lu YouTube nebo jej po\u0161lete p\u0159\u00edmo sv\u00fdm student\u016fm \u010di p\u0159\u00e1tel\u016fm.<\/p>\n<h4 data-start=\"1013\" data-end=\"1035\">3. Z\u00edskejte provizi<\/h4>\n<p data-start=\"1036\" data-end=\"1154\">Kdy\u017e se n\u011bkdo zaregistruje p\u0159es v\u00e1\u0161 odkaz a koup\u00ed si p\u0159edplatn\u00e9, z\u00edsk\u00e1te 50 % provize z jeho prvn\u00ed platby.<\/p>\n<p data-start=\"1036\" data-end=\"1154\"> <\/p>\n<h2 data-start=\"2070\" data-end=\"2084\">Za\u010dn\u011bte<\/h2>\n<p data-start=\"2086\" data-end=\"2150\">Partnersk\u00fd program m\u016f\u017eete aktivovat p\u0159\u00edmo ve sv\u00e9m \u00fa\u010dtu.<\/p>\n<p data-start=\"2152\" data-end=\"2197\"><strong data-start=\"2152\" data-end=\"2162\">P\u0159ej\u00edt na:<\/strong><br data-start=\"2162\" data-end=\"2165\">\u00da\u010det \u2192 <strong data-start=\"2175\" data-end=\"2197\">Vyd\u011bl\u00e1vejte s kartami DuoCards<\/strong><\/p>\n<p data-start=\"2199\" data-end=\"2289\">Po aktivaci obdr\u017e\u00edte sv\u016fj jedine\u010dn\u00fd propaga\u010dn\u00ed odkaz a m\u016f\u017eete za\u010d\u00edt okam\u017eit\u011b sd\u00edlet.<\/p>\n<p data-start=\"2199\" data-end=\"2289\"> <\/p>\n<p data-start=\"2199\" data-end=\"2289\"> <\/p>\n<p data-start=\"2488\" data-end=\"2566\">Aktivac\u00ed partnersk\u00e9ho programu souhlas\u00edte s na\u0161\u00ed <a href=\"https:\/\/duocards.com\/en\/affiliate-agreement\/\">partnerskou smlouvou<\/a>.<\/p>\t\t\t\t\t\t\t\t<\/div>\n\t\t\t\t<\/div>\n\t\t\t\t\t<\/div>\n\t\t\t\t<\/div>\n\t\t\t\t<\/div>\n\t\t","protected":false},"excerpt":{"rendered":"<p>Pomozte ostatn\u00edm u\u010dit se pomoc\u00ed karet DuoCards a z\u00edskejte odm\u011bnu U\u010d\u00edte jazyky, p\u00ed\u0161ete blog, provozujete kan\u00e1l soci\u00e1ln\u00edch m\u00e9di\u00ed nebo se v\u00e1m prost\u011b l\u00edb\u00ed na\u0161e aplikace? Doporu\u010dov\u00e1n\u00edm DuoCards ostatn\u00edm m\u016f\u017eete vyd\u011bl\u00e1vat pen\u00edze. Sd\u00edlejte sv\u016fj jedine\u010dn\u00fd partnersk\u00fd odkaz a z\u00edskejte provizi, kdy\u017e se n\u011bkdo p\u0159ipoj\u00ed k DuoCards prost\u0159ednictv\u00edm va\u0161eho odkazu a zakoup\u00ed si p\u0159edplatn\u00e9. Je to jednoduch\u00e9, [&hellip;]<\/p>\n","protected":false},"author":32,"featured_media":0,"parent":0,"menu_order":0,"comment_status":"closed","ping_status":"closed","template":"elementor_header_footer","meta":{"footnotes":""},"class_list":["post-9599","page","type-page","status-publish","hentry"],"aioseo_notices":[],"_links":{"self":[{"href":"https:\/\/duocards.com\/cs\/wp-json\/wp\/v2\/pages\/9599","targetHints":{"allow":["GET"]}}],"collection":[{"href":"https:\/\/duocards.com\/cs\/wp-json\/wp\/v2\/pages"}],"about":[{"href":"https:\/\/duocards.com\/cs\/wp-json\/wp\/v2\/types\/page"}],"author":[{"embeddable":true,"href":"https:\/\/duocards.com\/cs\/wp-json\/wp\/v2\/users\/32"}],"replies":[{"embeddable":true,"href":"https:\/\/duocards.com\/cs\/wp-json\/wp\/v2\/comments?post=9599"}],"version-history":[{"count":1,"href":"https:\/\/duocards.com\/cs\/wp-json\/wp\/v2\/pages\/9599\/revisions"}],"predecessor-version":[{"id":9605,"href":"https:\/\/duocards.com\/cs\/wp-json\/wp\/v2\/pages\/9599\/revisions\/9605"}],"wp:attachment":[{"href":"https:\/\/duocards.com\/cs\/wp-json\/wp\/v2\/media?parent=9599"}],"curies":[{"name":"wp","href":"https:\/\/api.w.org\/{rel}","templated":true}]}}