{"id":9494,"date":"2023-02-13T15:14:51","date_gmt":"2023-02-13T15:14:51","guid":{"rendered":"https:\/\/duocards.com\/tisk\/"},"modified":"2026-01-16T16:18:30","modified_gmt":"2026-01-16T16:18:30","slug":"tisk","status":"publish","type":"page","link":"https:\/\/duocards.com\/cs\/tisk\/","title":{"rendered":"Tisk"},"content":{"rendered":"\t\t<div data-elementor-type=\"wp-page\" data-elementor-id=\"9494\" class=\"elementor elementor-9494 elementor-3305\" data-elementor-post-type=\"page\">\n\t\t\t\t<div class=\"elementor-element elementor-element-019e7d8 e-flex e-con-boxed e-con e-parent\" data-id=\"019e7d8\" data-element_type=\"container\">\n\t\t\t\t\t<div class=\"e-con-inner\">\n\t\t\t\t<div class=\"elementor-element elementor-element-a09977d elementor-widget elementor-widget-text-editor\" data-id=\"a09977d\" data-element_type=\"widget\" data-widget_type=\"text-editor.default\">\n\t\t\t\t<div class=\"elementor-widget-container\">\n\t\t\t\t\t\t\t\t\t<h2 class=\"wp-block-heading\">Na\u0161e posl\u00e1n\u00ed<\/h2><p>Na\u0161\u00edm posl\u00e1n\u00edm je prom\u011bnit studium jazyk\u016f ve vzru\u0161uj\u00edc\u00ed dobrodru\u017estv\u00ed pro ka\u017ed\u00e9ho kdekoli na sv\u011bt\u011b!<\/p><p>Na\u0161e aplikace zalo\u017een\u00e1 na karti\u010dk\u00e1ch kombinuje s\u00edlu rozlo\u017een\u00e9ho opakov\u00e1n\u00ed s re\u00e1ln\u00fdmi p\u0159\u00edklady z vide\u00ed a \u010dl\u00e1nk\u016f, tak\u017ee zvl\u00e1dnut\u00ed nov\u00e9ho jazyka je z\u00e1bavn\u00e9, efektivn\u00ed a poutav\u00e9.<\/p><div class=\"wp-block-spacer\" style=\"height: 41px;\" aria-hidden=\"true\"> <\/div><h2 class=\"wp-block-heading\">O na\u0161\u00ed spole\u010dnosti<\/h2><p>Kdy\u017e se Petr Her\u00e1leck\u00fd cht\u011bl nau\u010dit portugalsky, nemohl naj\u00edt jedinou aplikaci, kter\u00e1 by mu pomohla nau\u010dit se nov\u00e1 slov\u00ed\u010dka efektivn\u00edm a z\u00e1bavn\u00fdm zp\u016fsobem.<\/p><p>Proto si postavil vlastn\u00ed.<\/p><p>V roce 2020, po roce v\u00fdvoje, se Petr na kurzu kitesurfingu setkal s Radimem Polochem a spole\u010dn\u011b vytvo\u0159ili DuoCards v podob\u011b, v jak\u00e9 je zn\u00e1te nyn\u00ed.<\/p><p>Dnes m\u00e1 aplikace v\u00edce ne\u017e 5 milion\u016f sta\u017een\u00ed!<\/p><p>N\u00e1\u0161 t\u00fdm p\u016fsob\u00ed v Brn\u011b, dynamick\u00e9m technologick\u00e9m centru \u010cesk\u00e9 republiky.<\/p><p>V prosinci 2023 z\u00edskala spole\u010dnost DuoCards investici od dom\u00e1c\u00edho fondu rizikov\u00e9ho kapit\u00e1lu N1. Finan\u010dn\u00ed injekce je ur\u010dena na v\u00fdvoj dal\u0161\u00edch funkc\u00ed aplikace a marketing zam\u011b\u0159en\u00fd na americk\u00fd a glob\u00e1ln\u00ed trh. <\/p><div class=\"wp-block-spacer\" style=\"height: 40px;\" aria-hidden=\"true\"> <\/div><figure class=\"wp-block-image size-large\"><img fetchpriority=\"high\" decoding=\"async\" width=\"1024\" height=\"683\" class=\"wp-image-4585\" title=\"\" src=\"https:\/\/duocards.com\/wp-content\/uploads\/2024\/10\/DuoCards-1024x683.webp\" alt=\"\" srcset=\"https:\/\/duocards.com\/wp-content\/uploads\/2024\/10\/DuoCards-1024x683.webp 1024w, https:\/\/duocards.com\/wp-content\/uploads\/2024\/10\/DuoCards-300x200.webp 300w, https:\/\/duocards.com\/wp-content\/uploads\/2024\/10\/DuoCards-768x512.webp 768w, https:\/\/duocards.com\/wp-content\/uploads\/2024\/10\/DuoCards.webp 1170w\" sizes=\"(max-width: 1024px) 100vw, 1024px\" \/><\/figure><div class=\"wp-block-spacer\" style=\"height: 40px;\" aria-hidden=\"true\"> <\/div><h2 class=\"wp-block-heading\">U\u010dte se jazyky s kartami DuoCards!<\/h2><p>Aplikace DuoCards je p\u0159ipravena k prozkoum\u00e1n\u00ed! St\u00e1hn\u011bte si ji nyn\u00ed v <a href=\"https:\/\/apps.apple.com\/us\/app\/duocards-learning-decks\/id1508159917\">AppStore<\/a> a <a href=\"https:\/\/play.google.com\/store\/apps\/details?id=com.duocards.app&amp;referrer=website&amp;pli=1\">GooglePlay<\/a> nebo ji vyzkou\u0161ejte prost\u0159ednictv\u00edm <a href=\"https:\/\/app.duocards.com\/\">webov\u00e9ho prohl\u00ed\u017ee\u010de<\/a> \u010di <a href=\"https:\/\/chrome.google.com\/webstore\/detail\/duocards\/bgojhcbkjlloemicdchpifpnbcjiijmd\">roz\u0161\u00ed\u0159en\u00ed Chrome<\/a>. <\/p><div class=\"numbers gradient-section\"><div class=\"number-item\"><span class=\"numbers-big gradient-text\">5M+ <\/span><br><span class=\"numbers-small gradient-text\">ke sta\u017een\u00ed<\/span><\/div><div class=\"number-item\"><span class=\"numbers-big gradient-text\">100+ <\/span><br><span class=\"numbers-small gradient-text\">jazyky<\/span><\/div><div class=\"number-item\"><span class=\"numbers-big gradient-text\">189 <\/span><br><span class=\"numbers-small gradient-text\">u\u017eivatelsk\u00e9 zem\u011b<\/span><\/div><\/div><div class=\"wp-block-spacer\" style=\"height: 40px;\" aria-hidden=\"true\"> <\/div><h2 class=\"wp-block-heading\">\u010c\u00edm je na\u0161e aplikace v\u00fdjime\u010dn\u00e1?<\/h2><div class=\"what-makes-app-special\"><div><h5><strong>Hotov\u00fd v\u00fdukov\u00fd obsah<\/strong><\/h5><p>U\u017e \u017e\u00e1dn\u00e9 hled\u00e1n\u00ed! Nab\u00edz\u00edme bohatou knihovnu vide\u00ed a \u010dl\u00e1nk\u016f, do kter\u00e9 m\u016f\u017eete p\u0159idat i sv\u00e9 vlastn\u00ed obl\u00edben\u00e9 materi\u00e1ly. <\/p><\/div><div><h5><strong>Rozvoj dovednost\u00ed &#8222;v\u0161e v jednom<\/strong><\/h5><p>Roz\u0161i\u0159te si slovn\u00ed z\u00e1sobu a zlep\u0161ete sv\u00e9 \u010dten\u00e1\u0159sk\u00e9 a poslechov\u00e9 dovednosti.<\/p><\/div><div><h5><strong>Chytr\u00e9 zv\u00fd\u0161en\u00ed pam\u011bti<\/strong><\/h5><p>N\u00e1\u0161 v\u00fdkonn\u00fd syst\u00e9m rozlo\u017een\u00e9ho opakov\u00e1n\u00ed (SRS) v\u00e1m pom\u016f\u017ee zapamatovat si slova dlouhodob\u011b.<\/p><\/div><div><h5><strong>Snadn\u00e9 vytv\u00e1\u0159en\u00ed flash karet<\/strong><\/h5><p>Rychl\u00e9 sestaven\u00ed vlastn\u00edch karet na n\u011bkolik kliknut\u00ed.<\/p><\/div><div><h5><strong>Poutav\u00e1 gamifikace<\/strong><\/h5><p>S postupuj\u00edc\u00edm v\u00fdvojem rozv\u00edjejte sv\u016fj charakter Memo, aby bylo u\u010den\u00ed vysoce motivuj\u00edc\u00ed.<\/p><\/div><div><h5><strong>Vestav\u011bn\u00fd p\u0159eklada\u010d<\/strong><\/h5><p>Okam\u017eit\u011b p\u0159ekl\u00e1dejte slova, ani\u017e byste opustili aplikaci.<\/p><\/div><div><h5><strong>Roz\u0161\u00ed\u0159en\u00ed prohl\u00ed\u017ee\u010de<\/strong><\/h5><p>Vytv\u00e1\u0159ejte flashkarty bez n\u00e1mahy z libovoln\u00e9 webov\u00e9 str\u00e1nky v po\u010d\u00edta\u010di nebo telefonu.<\/p><\/div><\/div><div id=\"simple-translate\" class=\"simple-translate-system-theme\"><div><div class=\"simple-translate-button isShow\" style=\"background-image: url('moz-extension:\/\/8adc35c9-43da-49db-9981-61d1336af553\/icons\/512.png'); height: 22px; width: 22px; top: 317px; left: 111px;\"> <\/div><div class=\"simple-translate-panel \" style=\"width: 300px; height: 200px; top: 0px; left: 0px; font-size: 13px;\"><div class=\"simple-translate-result-wrapper\" style=\"overflow: hidden;\"><div class=\"simple-translate-move\" draggable=\"true\"> <\/div><div class=\"simple-translate-result-contents\"><p class=\"simple-translate-candidate\" dir=\"auto\"> <\/p><\/div><\/div><\/div><\/div><\/div>\t\t\t\t\t\t\t\t<\/div>\n\t\t\t\t<\/div>\n\t\t\t\t\t<\/div>\n\t\t\t\t<\/div>\n\t\t<div class=\"elementor-element elementor-element-1c90021 e-con-full e-flex e-con e-parent\" data-id=\"1c90021\" data-element_type=\"container\" data-settings=\"{&quot;background_background&quot;:&quot;classic&quot;}\">\n\t\t\t\t<div class=\"elementor-element elementor-element-d0da76a elementor-widget__width-initial elementor-widget elementor-widget-text-editor\" data-id=\"d0da76a\" data-element_type=\"widget\" data-widget_type=\"text-editor.default\">\n\t\t\t\t<div class=\"elementor-widget-container\">\n\t\t\t\t\t\t\t\t\t<h2 class=\"wp-block-heading\">DuoCards ve zpr\u00e1v\u00e1ch<\/h2><div class=\"duocards-boxes\"><div><a href=\"https:\/\/money.com\/best-language-learning-software\/\" target=\"_blank\" rel=\"noopener nofollow\">Nejlep\u0161\u00ed software pro v\u00fduku jazyk\u016f pro rok 2022<\/a> &#8211; Money.com<\/div><div><a href=\"https:\/\/www.lidovky.cz\/pr\/sdeleni-komercni\/3-kroky-se-kterymi-posunete-sve-znalosti-cizich-jazyku-o-uroven-vys.A200918_135124_komercni-sdeleni_jedli\" target=\"_blank\" rel=\"noopener nofollow\">3 kroky, se kter\u00fdmi posunete sv\u00e9 znalosti ciz\u00edch jazyk\u016f o \u00farove\u0148 v\u00fd\u0161<\/a> &#8211; Lidovky.cz<\/div><div><a title=\"Pom\u00e1h\u00e1 s u\u010den\u00edm stovky jazyk\u016f, st\u00e1hly si ji u\u017e dva miliony lid\u00ed. \u010ceskou aplikaci te\u010f podpo\u0159il investor\" href=\"https:\/\/cc.cz\/pomaha-s-ucenim-stovky-jazyku-stahly-si-ji-uz-dva-miliony-lidi-ceskou-aplikaci-ted-podporil-investor\/\" target=\"_blank\" rel=\"noopener nofollow\">Pom\u00e1h\u00e1 s u\u010den\u00edm stovky jazyk\u016f, st\u00e1hly si ji u\u017e dva miliony lid\u00ed. \u010ceskou aplikaci te\u010f podpo\u0159il investor <\/a>  &#8211; CzechCrunch.cz<\/div><div><a title=\"Nau\u010dte se ciz\u00ed jazyk snadno a hrav\u011b. \u010cesk\u00e9 DuoCards z\u00edsk\u00e1v\u00e1 15 milion\u016f korun od N1\" href=\"https:\/\/roklen24.cz\/?quick_news=naucte-se-cizi-jazyk-snadno-a-hrave-ceske-duocards-ziskava-15-milionu-korun-od-n1\" target=\"_blank\" rel=\"noopener nofollow\">Nau\u010dte se ciz\u00ed jazyk snadno a hrav\u011b. \u010cesk\u00e9 DuoCards z\u00edsk\u00e1v\u00e1 15 milion\u016f korun od N1 <\/a>  &#8211; Roklen24.cz<\/div><div><a title=\"S u\u010den\u00edm se ciz\u00edho jazyka pom\u016f\u017ee AI. \u010cesk\u00e9 DuoCards z\u00edsk\u00e1v\u00e1 15 milion\u016f korun od N1\" href=\"https:\/\/aicrunch.cz\/s-ucenim-se-ciziho-jazyka-pomuze-ai-ceske-duocards-ziskava-15-milionu-korun-od-n1\/\" target=\"_blank\" rel=\"noopener nofollow\">S u\u010den\u00edm se ciz\u00edho jazyka pom\u016f\u017ee AI. \u010cesk\u00e9 DuoCards z\u00edsk\u00e1v\u00e1 15 milion\u016f korun od N1 <\/a>  &#8211; AICrunch.cz<\/div><div><a title=\"Na\u0161e obl\u00edben\u00e9 aplikace pro v\u00fduku jazyk\u016f (a kapesn\u00ed p\u0159eklada\u010d)\" href=\"https:\/\/www.wired.com\/gallery\/best-language-learning-apps\/\" target=\"_blank\" rel=\"noopener nofollow\">Na\u0161e obl\u00edben\u00e9 aplikace pro v\u00fduku jazyk\u016f (a kapesn\u00ed p\u0159eklada\u010d)<\/a> &#8211; Wired.com<\/div><div><a title=\"U\u010d\u00edte se nov\u00fd jazyk? Tohle jsou nejlep\u0161\u00ed bezplatn\u00e9 aplikace\" href=\"https:\/\/www.thetravel.com\/best-free-language-apps\/\" target=\"_blank\" rel=\"noopener nofollow\">U\u010d\u00edte se nov\u00fd jazyk? Tohle jsou nejlep\u0161\u00ed bezplatn\u00e9 aplikace <\/a>  &#8211; TheTravel.com<\/div><div><a href=\"https:\/\/www.fluentu.com\/blog\/learn\/language-flashcards-app\/\" target=\"_blank\" rel=\"noreferrer noopener\">10 nejlep\u0161\u00edch aplikac\u00ed pro pr\u00e1ci s flashkartami pro jazyky [aktualizov\u00e1no pro rok 2024]<\/a> &#8211; FluentU.com<\/div><\/div><div class=\"wp-block-spacer\" aria-hidden=\"true\"> <\/div><div aria-hidden=\"true\"> <\/div><div aria-hidden=\"true\"><h2 class=\"wp-block-heading\">Recenze<\/h2><div class=\"duocards-boxes\"><div><a title=\"U\u010dte se francouzsky rychleji s kartami DuoCards\" href=\"https:\/\/learnfrenchwithalexa.com\/blog\/learn-french-faster-with-duocards\" target=\"_blank\" rel=\"noopener nofollow\">U\u010dte se francouzsky rychleji s kartami DuoCards<\/a> &#8211; LearnFrenchWithAlexa.com<\/div><div><a title=\"DuoCards: ide\u00e1lna appka na slov\u00ed\u010dka?\" href=\"https:\/\/jazykovymentoring.sk\/blog\/aplikacia-duocards\/\" target=\"_blank\" rel=\"noopener nofollow\">DuoCards: ide\u00e1lna appka na slov\u00ed\u010dka?<\/a>  &#8211; Jazykov\u00fdMentoring.sk<\/div><div><a title=\"DuoCards je aplikace na flashkarty, kter\u00e1 vyu\u017e\u00edv\u00e1 rozlo\u017een\u00e9 opakov\u00e1n\u00ed pro v\u00fduku jazyk\u016f.\" href=\"https:\/\/thelearningcounsel.com\/articles\/app-of-the-week\/duocards-is-a-flashcard-app-that-uses-spaced-repetition-for-language-learning\/\" target=\"_blank\" rel=\"noopener nofollow\">DuoCards je aplikace na flashkarty, kter\u00e1 vyu\u017e\u00edv\u00e1 rozlo\u017een\u00e9 opakov\u00e1n\u00ed pro v\u00fduku jazyk\u016f<\/a> &#8211; TheLearningCounsel.com<\/div><div><a title=\"P\u0159ehled karet DuoCards (2024): V\u00fduka jazyk\u016f s karti\u010dkami pro tvorbu slovn\u00ed z\u00e1soby + rozvr\u017een\u00e9 opakov\u00e1n\u00ed\" href=\"https:\/\/effortlessconversations.com\/language-product-reviews\/duocards-review\/\" target=\"_blank\" rel=\"noopener nofollow\">P\u0159ehled karet DuoCards (2024): U\u010den\u00ed jazyk\u016f s karti\u010dkami Vocabulary Builder + Spaced Repetition<\/a> &#8211; EffortlessConversation.com<\/div><div><a title=\"Nau\u010dte se nov\u00fd jazyk a u\u017eijte si to s aplikac\u00ed DuoCards\" href=\"https:\/\/androidaplikace.cz\/index.php\/2023\/03\/naucte-se-novy-jazyk-a-uzijte-si-to-s-aplikaci-duocards\/\" target=\"_blank\" rel=\"noopener nofollow\">Nau\u010dte se nov\u00fd jazyk a u\u017eijte si to s aplikac\u00ed DuoCards<\/a> &#8211; AndroidAplikace.cz<\/div><\/div><div class=\"wp-block-spacer\" aria-hidden=\"true\"> <\/div><\/div>\t\t\t\t\t\t\t\t<\/div>\n\t\t\t\t<\/div>\n\t\t\t\t<\/div>\n\t\t<div class=\"elementor-element elementor-element-dc35cd5 e-flex e-con-boxed e-con e-parent\" data-id=\"dc35cd5\" data-element_type=\"container\">\n\t\t\t\t\t<div class=\"e-con-inner\">\n\t\t\t\t<div class=\"elementor-element elementor-element-68cfc4c elementor-widget elementor-widget-text-editor\" data-id=\"68cfc4c\" data-element_type=\"widget\" data-widget_type=\"text-editor.default\">\n\t\t\t\t<div class=\"elementor-widget-container\">\n\t\t\t\t\t\t\t\t\t<div aria-hidden=\"true\">\n<h2 class=\"wp-block-heading\">Tiskov\u00e1 sada<\/h2>\n<p>St\u00e1hn\u011bte si n\u00e1\u0161 informa\u010dn\u00ed list, loga, sn\u00edmky aplikac\u00ed a dal\u0161\u00ed informace!<\/p>\n<p> <\/p>\n<div class=\"wp-block-buttons\">\n<div class=\"wp-block-button\"><a class=\"elementor-button wp-block-button__link wp-element-button\" href=\"https:\/\/drive.google.com\/drive\/folders\/15f6z936t9s2Npr7pP0hUb_kKfwoM_nIT?usp=sharing\" target=\"_blank\" rel=\"noreferrer noopener\">St\u00e1hnout tiskovou sadu<\/a><\/div>\n<\/div>\n<\/div>\n<div class=\"wp-block-spacer\" aria-hidden=\"true\"> <\/div>\n<div aria-hidden=\"true\"> <\/div>\n<h2 class=\"wp-block-heading\">Kontaktujte n\u00e1s<\/h2>\n<p>V p\u0159\u00edpad\u011b dotaz\u016f na m\u00e9dia nebo partnerstv\u00ed n\u00e1s pros\u00edm kontaktujte na adrese: <a href=\"mailto:pr@duocards.com\">pr@duocards.com<\/a>.<\/p>\t\t\t\t\t\t\t\t<\/div>\n\t\t\t\t<\/div>\n\t\t\t\t\t<\/div>\n\t\t\t\t<\/div>\n\t\t\t\t<\/div>\n\t\t","protected":false},"excerpt":{"rendered":"<p>Na\u0161e posl\u00e1n\u00ed Na\u0161\u00edm posl\u00e1n\u00edm je prom\u011bnit studium jazyk\u016f ve vzru\u0161uj\u00edc\u00ed dobrodru\u017estv\u00ed pro ka\u017ed\u00e9ho kdekoli na sv\u011bt\u011b! Na\u0161e aplikace zalo\u017een\u00e1 na karti\u010dk\u00e1ch kombinuje s\u00edlu rozlo\u017een\u00e9ho opakov\u00e1n\u00ed s re\u00e1ln\u00fdmi p\u0159\u00edklady z vide\u00ed a \u010dl\u00e1nk\u016f, tak\u017ee zvl\u00e1dnut\u00ed nov\u00e9ho jazyka je z\u00e1bavn\u00e9, efektivn\u00ed a poutav\u00e9. O na\u0161\u00ed spole\u010dnosti Kdy\u017e se Petr Her\u00e1leck\u00fd cht\u011bl nau\u010dit portugalsky, nemohl naj\u00edt jedinou aplikaci, [&hellip;]<\/p>\n","protected":false},"author":23,"featured_media":0,"parent":0,"menu_order":0,"comment_status":"closed","ping_status":"closed","template":"elementor_header_footer","meta":{"footnotes":""},"class_list":["post-9494","page","type-page","status-publish","hentry"],"aioseo_notices":[],"_links":{"self":[{"href":"https:\/\/duocards.com\/cs\/wp-json\/wp\/v2\/pages\/9494","targetHints":{"allow":["GET"]}}],"collection":[{"href":"https:\/\/duocards.com\/cs\/wp-json\/wp\/v2\/pages"}],"about":[{"href":"https:\/\/duocards.com\/cs\/wp-json\/wp\/v2\/types\/page"}],"author":[{"embeddable":true,"href":"https:\/\/duocards.com\/cs\/wp-json\/wp\/v2\/users\/23"}],"replies":[{"embeddable":true,"href":"https:\/\/duocards.com\/cs\/wp-json\/wp\/v2\/comments?post=9494"}],"version-history":[{"count":1,"href":"https:\/\/duocards.com\/cs\/wp-json\/wp\/v2\/pages\/9494\/revisions"}],"predecessor-version":[{"id":9495,"href":"https:\/\/duocards.com\/cs\/wp-json\/wp\/v2\/pages\/9494\/revisions\/9495"}],"wp:attachment":[{"href":"https:\/\/duocards.com\/cs\/wp-json\/wp\/v2\/media?parent=9494"}],"curies":[{"name":"wp","href":"https:\/\/api.w.org\/{rel}","templated":true}]}}