{"id":8386,"date":"2025-11-13T15:56:20","date_gmt":"2025-11-13T15:56:20","guid":{"rendered":"https:\/\/duocards.com\/?page_id=8386"},"modified":"2025-11-25T14:17:09","modified_gmt":"2025-11-25T14:17:09","slug":"senior-javascript-developer-brno","status":"publish","type":"page","link":"https:\/\/duocards.com\/cs\/senior-javascript-developer-brno\/","title":{"rendered":"Senior Javascript Developer \/ Brno"},"content":{"rendered":"\t\t<div data-elementor-type=\"wp-page\" data-elementor-id=\"8386\" class=\"elementor elementor-8386\" data-elementor-post-type=\"page\">\n\t\t\t\t<div class=\"elementor-element elementor-element-af6b52a e-flex e-con-boxed e-con e-parent\" data-id=\"af6b52a\" data-element_type=\"container\">\n\t\t\t\t\t<div class=\"e-con-inner\">\n\t\t\t\t<div class=\"elementor-element elementor-element-77a36aca elementor-widget elementor-widget-text-editor\" data-id=\"77a36aca\" data-element_type=\"widget\" data-widget_type=\"text-editor.default\">\n\t\t\t\t<div class=\"elementor-widget-container\">\n\t\t\t\t\t\t\t\t\t\n<p>Ahoj! Ciao! Hola!<\/p>\n\n<p>Jsme mlad\u00fd startup z Brna a ji\u017e 5. rokem vyv\u00edj\u00edme \u00fasp\u011b\u0161nou jazykovou appku DuoCards. M\u00e1me dob\u0159e na\u0161l\u00e1pnuto st\u00e1t se jednou z nejlep\u0161\u00edch aplikac\u00ed na roz\u0161i\u0159ov\u00e1n\u00ed slovn\u00ed z\u00e1soby a hled\u00e1me do na\u0161eho t\u00fdmu zku\u0161en\u00e9ho JS v\u00fdvoj\u00e1\u0159e, kter\u00fd n\u00e1m s t\u00edm pom\u016f\u017ee.<\/p>\n\n<div class=\"wp-block-spacer\" style=\"height: 30px;\" aria-hidden=\"true\">\u00a0<\/div>\n\n<h3 class=\"wp-block-heading\">Jak\u00e9 technologie pou\u017e\u00edv\u00e1me?<\/h3>\n\n<ul class=\"wp-block-list\">\n<li>ReactJS<\/li>\n\n<li>NodeJS<\/li>\n\n<li>GraphQL<\/li>\n\n<li>PostgreSQL<\/li>\n<\/ul>\n\n<div class=\"wp-block-spacer\" style=\"height: 30px;\" aria-hidden=\"true\">\u00a0<\/div>\n\n<h3 class=\"wp-block-heading\">Jak si t\u011b p\u0159edstavujeme:<\/h3>\n\n<ul class=\"wp-block-list\">\n<li>M\u00e1\u0161 seniorn\u00ed zku\u0161enosti s v\u00fdvojem v ReactJS<\/li>\n\n<li>Potrp\u00ed\u0161 si na \u010dist\u00e9m k\u00f3du v Typescriptu<\/li>\n\n<li>Dok\u00e1\u017ee\u0161 plnit \u00fakoly jak na FE, tak na BE<\/li>\n\n<li>Preferuje\u0161 dlouhodobou spolupr\u00e1ci<\/li>\n\n<li>M\u016f\u017ee\u0161 n\u00e1m v\u011bnovat minim\u00e1ln\u011b 4 dny v t\u00fddnu, je\u0161t\u011b l\u00e9pe full-time<\/li>\n\n<li>Ch\u00e1pe\u0161, \u017ee to nen\u00ed jen o pracovn\u00edch v\u00fdkonech &#8211; lidsk\u00e1 str\u00e1nka, a tedy pravideln\u00fd osobn\u00ed kontakt, je pro n\u00e1s d\u016fle\u017eit\u00fd<\/li>\n<\/ul>\n\n<div class=\"wp-block-spacer\" style=\"height: 30px;\" aria-hidden=\"true\">\u00a0<\/div>\n\n<h3 class=\"wp-block-heading\">Co nab\u00edz\u00edme:<\/h3>\n\n<ul class=\"wp-block-list\">\n<li>Mlad\u00fd kolektiv s uvoln\u011bn\u00fdm a open-mind p\u0159\u00edstupem<\/li>\n\n<li>Flexibiln\u00ed pracovn\u00ed dobu &#8211; n\u011bkdo z n\u00e1s za\u010d\u00edn\u00e1 v 8, n\u011bkdo rad\u011bji a\u017e v 11<\/li>\n\n<li>Novou kancel\u00e1\u0159 v centru Brna (Dominik\u00e1nsk\u00e9 n\u00e1m\u011bst\u00ed)<\/li>\n\n<li>\u010c\u00e1ste\u010dn\u00fd home office<\/li>\n\n<li>Budget na AI asistenty<\/li>\n\n<li>Mini-posilovnu a m\u00edstnost pro odpoledn\u00ed power-nap<\/li>\n\n<li>Sd\u00edlen\u00e9 parkovac\u00ed m\u00edsto<\/li>\n\n<li>1x m\u011bs\u00ed\u010dn\u011b p\u0159\u00edsp\u011bvek na mas\u00e1\u017e prob\u00edhaj\u00edc\u00ed v na\u0161ich prostor\u00e1ch<\/li>\n\n<li>Dobrou k\u00e1vu, \u010daj, ovoce a snack<\/li>\n<\/ul>\n\n<div class=\"wp-block-spacer\" style=\"height: 30px;\" aria-hidden=\"true\">\u00a0<\/div>\n\n<p>Zaujaly t\u011b \u0159\u00e1dky v\u00fd\u0161e? Po\u0161li n\u00e1m svoje CV a p\u00e1r v\u011bt o sob\u011b na hr@duocards.com!<\/p>\n\n<p>\u00a0<\/p>\n\t\t\t\t\t\t\t\t<\/div>\n\t\t\t\t<\/div>\n\t\t\t\t\t<\/div>\n\t\t\t\t<\/div>\n\t\t\t\t<\/div>\n\t\t","protected":false},"excerpt":{"rendered":"<p>Ahoj! Ciao! Hola! Jsme mlad\u00fd startup z Brna a ji\u017e 5. rokem vyv\u00edj\u00edme \u00fasp\u011b\u0161nou jazykovou appku DuoCards. M\u00e1me dob\u0159e na\u0161l\u00e1pnuto st\u00e1t se jednou z nejlep\u0161\u00edch aplikac\u00ed na roz\u0161i\u0159ov\u00e1n\u00ed slovn\u00ed z\u00e1soby a hled\u00e1me do na\u0161eho t\u00fdmu zku\u0161en\u00e9ho JS v\u00fdvoj\u00e1\u0159e, kter\u00fd n\u00e1m s t\u00edm pom\u016f\u017ee. \u00a0 Jak\u00e9 technologie pou\u017e\u00edv\u00e1me? ReactJS NodeJS GraphQL PostgreSQL \u00a0 Jak si t\u011b [&hellip;]<\/p>\n","protected":false},"author":32,"featured_media":0,"parent":0,"menu_order":0,"comment_status":"closed","ping_status":"closed","template":"","meta":{"footnotes":""},"class_list":["post-8386","page","type-page","status-publish","hentry"],"aioseo_notices":[],"_links":{"self":[{"href":"https:\/\/duocards.com\/cs\/wp-json\/wp\/v2\/pages\/8386","targetHints":{"allow":["GET"]}}],"collection":[{"href":"https:\/\/duocards.com\/cs\/wp-json\/wp\/v2\/pages"}],"about":[{"href":"https:\/\/duocards.com\/cs\/wp-json\/wp\/v2\/types\/page"}],"author":[{"embeddable":true,"href":"https:\/\/duocards.com\/cs\/wp-json\/wp\/v2\/users\/32"}],"replies":[{"embeddable":true,"href":"https:\/\/duocards.com\/cs\/wp-json\/wp\/v2\/comments?post=8386"}],"version-history":[{"count":10,"href":"https:\/\/duocards.com\/cs\/wp-json\/wp\/v2\/pages\/8386\/revisions"}],"predecessor-version":[{"id":8459,"href":"https:\/\/duocards.com\/cs\/wp-json\/wp\/v2\/pages\/8386\/revisions\/8459"}],"wp:attachment":[{"href":"https:\/\/duocards.com\/cs\/wp-json\/wp\/v2\/media?parent=8386"}],"curies":[{"name":"wp","href":"https:\/\/api.w.org\/{rel}","templated":true}]}}